{"id":30931,"date":"2025-09-26T23:03:58","date_gmt":"2025-09-26T23:03:58","guid":{"rendered":"https:\/\/as-schwabe.de\/produkt\/naswietlacz-led-solarline-60-w-z-panelem-solarnym-46982\/"},"modified":"2025-10-23T00:15:22","modified_gmt":"2025-10-23T00:15:22","slug":"naswietlacz-led-solarline-60-w-z-panelem-solarnym-46982","status":"publish","type":"product","link":"https:\/\/as-schwabe.de\/pl\/produkt\/naswietlacz-led-solarline-60-w-z-panelem-solarnym-46982\/","title":{"rendered":"Na\u015bwietlacz LED Solarline 60 W z panelem solarnym &#8211; 4000 lm | 46982"},"content":{"rendered":"<p>Na\u015bwietlacz LED Solarline 60 W z panelem solarnym to wydajne i niezawodne \u017ar\u00f3d\u0142o \u015bwiat\u0142a, idealne do o\u015bwietlania przestrzeni zewn\u0119trznych. Oferuje moc \u015bwietln\u0105 4000 lumen\u00f3w oraz k\u0105t rozsy\u0142u \u015bwiat\u0142a wynosz\u0105cy 120\u00b0, co pozwala na r\u00f3wnomierne o\u015bwietlenie du\u017cych obszar\u00f3w. Zasilany akumulatorem LiFePo4 o pojemno\u015bci 10000 mAh, na\u015bwietlacz zapewnia czas \u015bwiecenia do oko\u0142o 4,5 godziny, a dzi\u0119ki dw\u00f3m poziomom \u015bwiecenia (50% i 100%) oraz regulacji czasu \u015bwiecenia, u\u017cytkownik ma pe\u0142n\u0105 kontrol\u0119 nad o\u015bwietleniem. Automatyczne w\u0142\u0105czanie po zmierzchu oraz do\u0142\u0105czone piloty zdalnego sterowania zwi\u0119kszaj\u0105 komfort u\u017cytkowania. Z stopniem ochrony IP44, na\u015bwietlacz jest odporny na warunki atmosferyczne, co czyni go doskona\u0142ym rozwi\u0105zaniem w r\u00f3\u017cnych zastosowaniach zewn\u0119trznych, takich jak o\u015bwietlenie ogrod\u00f3w, podjazd\u00f3w i terenu wok\u00f3\u0142 budynk\u00f3w.<\/p>","protected":false},"excerpt":{"rendered":"<div class=\"icons\" style=\"display: flex; flex-wrap: wrap; gap: 5px; align-items: center; margin-top: 10px;\"><img decoding=\"async\" src=\"https:\/\/as-schwabe.de\/wp-content\/uploads\/ikony\/znak_CE.png\" alt=\"\" width=\"50\" height=\"50\" \/><img decoding=\"async\" src=\"https:\/\/as-schwabe.de\/wp-content\/uploads\/ikony\/znak_LED.png\" alt=\"\" width=\"50\" height=\"50\" \/><img decoding=\"async\" src=\"https:\/\/as-schwabe.de\/wp-content\/uploads\/ikony\/znak_Z.png\" alt=\"\" width=\"50\" height=\"50\" \/><img loading=\"lazy\" decoding=\"async\" src=\"https:\/\/as-schwabe.de\/wp-content\/uploads\/ikony\/znak_D.png\" alt=\"\" width=\"50\" height=\"50\" \/><\/div>\n<ul>\n<li>z panelem solarnym <\/li>\n<li>IP65: py\u0142oszczelny i chroniony przed strumieniami wody <\/li>\n<li>maksymalna elastyczno\u015b\u0107 dzi\u0119ki panelowi s\u0142onecznemu i mo\u017cliwo\u015bci podpi\u0119cia akumulatora! <\/li>\n<li>przeno\u015bny reflektor LED z panelem solarnym do \u0142adowania \u015bwiat\u0142em s\u0142onecznym <\/li>\n<li>alternatywnie, reflektor mo\u017cna r\u00f3wnie\u017c pod\u0142\u0105czy\u0107 do akumulatora samochodowego <\/li>\n<li>idealny zestaw dla fan\u00f3w outdooru <\/li>\n<li>zestaw obejmuje: <\/li>\n<li>reflektor LED <\/li>\n<li>panel s\u0142oneczny z uchwytem monta\u017cowym i elementami monta\u017cowymi <\/li>\n<li>2 piloty zdalnego sterowania z 2 bateriami AAA ka\u017cdy <\/li>\n<li>kabel po\u0142\u0105czeniowy z zaciskami akumulatora do akumulator\u00f3w samochodowych 12 V <\/li>\n<li>ustawienie podstawowe: reflektor LED w\u0142\u0105cza si\u0119 automatycznie w ciemno\u015bci i wy\u0142\u0105cza automatycznie w \u015bwietle dziennym. <\/li>\n<li>k\u0105t rozsy\u0142u \u015bwiat\u0142a: 120\u02da <\/li>\n<li>z przewodem o d\u0142ugo\u015bci 3,5 m \u0142\u0105cz\u0105cym reflektor i panel s\u0142oneczny \u2013 do pracy w trybie solarnym <\/li>\n<li>alternatywnie, 4,5-metrowy kabel po\u0142\u0105czeniowy z zaciskami akumulatora do pod\u0142\u0105czenia reflektora do akumulatora samochodowego 12 V <\/li>\n<li>wszystkie przewody ze z\u0142\u0105czami SAE <\/li>\n<li>zakres temperatur: od -25\u02daC do +60\u02daC <\/li>\n<li>dwa piloty do sterowania (jeden jako zapasowy), na podczerwie\u0144 (zasi\u0119g od 8 do 10 m), z 2 bateriami AAA na pilota<\/li>\n<\/ul>","protected":false},"featured_media":30330,"template":"","meta":{"inline_featured_image":false},"genre":[509],"product_cat":[547,564],"product_tag":[],"class_list":{"0":"post-30931","1":"product","2":"type-product","3":"status-publish","4":"has-post-thumbnail","6":"product_brand-as-schwabe-pl","7":"product_cat-oswietlenie-2-pl","8":"product_cat-systemy-solarne-pl","10":"first","11":"instock","12":"shipping-taxable","13":"product-type-simple"},"aioseo_notices":[],"_links":{"self":[{"href":"https:\/\/as-schwabe.de\/pl\/wp-json\/wp\/v2\/product\/30931","targetHints":{"allow":["GET"]}}],"collection":[{"href":"https:\/\/as-schwabe.de\/pl\/wp-json\/wp\/v2\/product"}],"about":[{"href":"https:\/\/as-schwabe.de\/pl\/wp-json\/wp\/v2\/types\/product"}],"version-history":[{"count":0,"href":"https:\/\/as-schwabe.de\/pl\/wp-json\/wp\/v2\/product\/30931\/revisions"}],"wp:featuredmedia":[{"embeddable":true,"href":"https:\/\/as-schwabe.de\/pl\/wp-json\/wp\/v2\/media\/30330"}],"wp:attachment":[{"href":"https:\/\/as-schwabe.de\/pl\/wp-json\/wp\/v2\/media?parent=30931"}],"wp:term":[{"taxonomy":"product_brand","embeddable":true,"href":"https:\/\/as-schwabe.de\/pl\/wp-json\/wp\/v2\/genre?post=30931"},{"taxonomy":"product_cat","embeddable":true,"href":"https:\/\/as-schwabe.de\/pl\/wp-json\/wp\/v2\/product_cat?post=30931"},{"taxonomy":"product_tag","embeddable":true,"href":"https:\/\/as-schwabe.de\/pl\/wp-json\/wp\/v2\/product_tag?post=30931"}],"curies":[{"name":"wp","href":"https:\/\/api.w.org\/{rel}","templated":true}]}}