{"id":30929,"date":"2025-09-26T23:03:55","date_gmt":"2025-09-26T23:03:55","guid":{"rendered":"https:\/\/as-schwabe.de\/produkt\/naswietlacz-chip-led-solarline-10-w-z-panelem-solarnym-46978\/"},"modified":"2025-10-23T00:15:21","modified_gmt":"2025-10-23T00:15:21","slug":"naswietlacz-chip-led-solarline-10-w-z-panelem-solarnym-46978","status":"publish","type":"product","link":"https:\/\/as-schwabe.de\/pl\/produkt\/naswietlacz-chip-led-solarline-10-w-z-panelem-solarnym-46978\/","title":{"rendered":"Na\u015bwietlacz CHIP-LED Solarline 10 W z panelem solarnym &#8211; 550 lm | 46978"},"content":{"rendered":"<p>Na\u015bwietlacz CHIP-LED Solarline 10 W to doskona\u0142e rozwi\u0105zanie dla os\u00f3b poszukuj\u0105cych efektywnego o\u015bwietlenia zasilanego energi\u0105 s\u0142oneczn\u0105. Wyposa\u017cony w panel solarny o mocy 3,5 W i napi\u0119ciu 14,5 V, oraz akumulator 7,4 V o pojemno\u015bci 1800 mAh, zapewnia niezawodne dzia\u0142anie nawet przy ograniczonym nas\u0142onecznieniu. Jego k\u0105t rozsy\u0142u \u015bwiat\u0142a wynosz\u0105cy 120\u00b0 oraz zaawansowany sensor detekcji o k\u0105cie 180\u00b0 umo\u017cliwiaj\u0105 szerokie pokrycie obszaru, a mo\u017cliwo\u015b\u0107 regulacji czasu \u015bwiecenia, czu\u0142o\u015bci i punktu zmierzchu sprawia, \u017ce na\u015bwietlacz dostosowuje si\u0119 do indywidualnych potrzeb u\u017cytkownika. Dzi\u0119ki aluminiowej obudowie i klasie IP44, produkt jest odporny na niekorzystne warunki atmosferyczne, co czyni go idealnym wyborem do o\u015bwietlenia teren\u00f3w zewn\u0119trznych. W zestawie znajduje si\u0119 przew\u00f3d \u0142\u0105cz\u0105cy panel z na\u015bwietlaczem, co u\u0142atwia jego instalacj\u0119 i u\u017cytkowanie.<\/p>","protected":false},"excerpt":{"rendered":"<div class=\"icons\" style=\"display: flex; flex-wrap: wrap; gap: 5px; align-items: center; margin-top: 10px;\"><img decoding=\"async\" src=\"https:\/\/as-schwabe.de\/wp-content\/uploads\/ikony\/znak_CE.png\" alt=\"\" width=\"50\" height=\"50\" \/><img decoding=\"async\" src=\"https:\/\/as-schwabe.de\/wp-content\/uploads\/ikony\/znak_IP44.png\" alt=\"\" width=\"50\" height=\"50\" \/><img decoding=\"async\" src=\"https:\/\/as-schwabe.de\/wp-content\/uploads\/ikony\/znak_LED.png\" alt=\"\" width=\"50\" height=\"50\" \/><img loading=\"lazy\" decoding=\"async\" src=\"https:\/\/as-schwabe.de\/wp-content\/uploads\/ikony\/znak_Z.png\" alt=\"\" width=\"50\" height=\"50\" \/><img loading=\"lazy\" decoding=\"async\" src=\"https:\/\/as-schwabe.de\/wp-content\/uploads\/ikony\/znak_D.png\" alt=\"\" width=\"50\" height=\"50\" \/><\/div>\n<ul>\n<li>Na\u015bwietlacz Solarline LED <\/li>\n<li>z wbudowanym czujnikiem ruchu i panelem solarnym <\/li>\n<li>IP44: chroniony przed cia\u0142ami obcymi i bryzgami wody <\/li>\n<li>specjalnie opracowana dioda LED SMD: \u017cywotno\u015b\u0107 ponad 25 000 h <\/li>\n<li>wzmocniona obudowa z odlewanego ci\u015bnieniowo aluminium o nowoczesnym wygl\u0105dzie <\/li>\n<li>reflektor mo\u017cna obraca\u0107 i blokowa\u0107 <\/li>\n<li>detektor ruchu z k\u0105tem detekcji 180\u00b0 <\/li>\n<li>zasi\u0119g detekcji: do 12 metr\u00f3w <\/li>\n<li>regulowany w\u0142\u0105cznik zmierzchu i czu\u0142o\u015bci <\/li>\n<li>polikrystaliczny panel solarny (3,5 W \/ 14,5 V) z akumulatorem (7,4 V \/ 1800 mAh) <\/li>\n<li>czas \u0142adowania: ok. 10 h <\/li>\n<li>k\u0105t rozsy\u0142u \u015bwiat\u0142a diody LED: 120\u00b0 <\/li>\n<li>z przewodem o d\u0142ugo\u015bci 3 m \u0142\u0105cz\u0105cym na\u015bwietlacz z panelem solarnym<\/li>\n<\/ul>","protected":false},"featured_media":30323,"template":"","meta":{"inline_featured_image":false},"genre":[509],"product_cat":[547,564],"product_tag":[],"class_list":{"0":"post-30929","1":"product","2":"type-product","3":"status-publish","4":"has-post-thumbnail","6":"product_brand-as-schwabe-pl","7":"product_cat-oswietlenie-2-pl","8":"product_cat-systemy-solarne-pl","10":"first","11":"instock","12":"shipping-taxable","13":"product-type-simple"},"aioseo_notices":[],"_links":{"self":[{"href":"https:\/\/as-schwabe.de\/pl\/wp-json\/wp\/v2\/product\/30929","targetHints":{"allow":["GET"]}}],"collection":[{"href":"https:\/\/as-schwabe.de\/pl\/wp-json\/wp\/v2\/product"}],"about":[{"href":"https:\/\/as-schwabe.de\/pl\/wp-json\/wp\/v2\/types\/product"}],"version-history":[{"count":0,"href":"https:\/\/as-schwabe.de\/pl\/wp-json\/wp\/v2\/product\/30929\/revisions"}],"wp:featuredmedia":[{"embeddable":true,"href":"https:\/\/as-schwabe.de\/pl\/wp-json\/wp\/v2\/media\/30323"}],"wp:attachment":[{"href":"https:\/\/as-schwabe.de\/pl\/wp-json\/wp\/v2\/media?parent=30929"}],"wp:term":[{"taxonomy":"product_brand","embeddable":true,"href":"https:\/\/as-schwabe.de\/pl\/wp-json\/wp\/v2\/genre?post=30929"},{"taxonomy":"product_cat","embeddable":true,"href":"https:\/\/as-schwabe.de\/pl\/wp-json\/wp\/v2\/product_cat?post=30929"},{"taxonomy":"product_tag","embeddable":true,"href":"https:\/\/as-schwabe.de\/pl\/wp-json\/wp\/v2\/product_tag?post=30929"}],"curies":[{"name":"wp","href":"https:\/\/api.w.org\/{rel}","templated":true}]}}