{"id":30928,"date":"2025-09-26T23:03:55","date_gmt":"2025-09-26T23:03:55","guid":{"rendered":"https:\/\/as-schwabe.de\/produkt\/plyta-adaptera-din-do-statywow-46759\/"},"modified":"2025-10-23T00:15:20","modified_gmt":"2025-10-23T00:15:20","slug":"plyta-adaptera-din-do-statywow-46759","status":"publish","type":"product","link":"https:\/\/as-schwabe.de\/pl\/produkt\/plyta-adaptera-din-do-statywow-46759\/","title":{"rendered":"P\u0142yta adaptera DIN do statyw\u00f3w | 46759"},"content":{"rendered":"<p>P\u0142yta adaptera DIN do statyw\u00f3w to wysokiej jako\u015bci element wykonany z ocynkowanej stali, kt\u00f3ry zapewnia wyj\u0105tkow\u0105 trwa\u0142o\u015b\u0107 i odporno\u015b\u0107 na korozj\u0119. Zgodna z norm\u0105 DIN 14640, p\u0142yta o wymiarach 150 x 40 mm oraz \u015brednicy otworu \u00d8<30 mm, doskonale nadaje si\u0119 do monta\u017cu r\u00f3\u017cnorodnych urz\u0105dze\u0144 i komponent\u00f3w w systemach elektrotechnicznych. Dzi\u0119ki precyzyjnie wykonanym otworom monta\u017cowym, zapewnia \u0142atwy i bezpieczny spos\u00f3b instalacji na statywach. Produkt ten jest idealnym rozwi\u0105zaniem dla profesjonalist\u00f3w, kt\u00f3rzy ceni\u0105 sobie solidno\u015b\u0107 oraz funkcjonalno\u015b\u0107 w pracy. Wybieraj\u0105c nasz\u0105 p\u0142yt\u0119 adaptera, zyskujesz pewno\u015b\u0107, \u017ce Twoje urz\u0105dzenia b\u0119d\u0105 stabilnie zamocowane, co przek\u0142ada si\u0119 na efektywno\u015b\u0107 i bezpiecze\u0144stwo pracy.\n<\/p>","protected":false},"excerpt":{"rendered":"<div class=\"icons\" style=\"display: flex; flex-wrap: wrap; gap: 5px; align-items: center; margin-top: 10px;\"><img decoding=\"async\" src=\"https:\/\/as-schwabe.de\/wp-content\/uploads\/ikony\/znak_PB.png\" alt=\"\" width=\"50\" height=\"50\" \/><img decoding=\"async\" src=\"https:\/\/as-schwabe.de\/wp-content\/uploads\/ikony\/znak_Z.png\" alt=\"\" width=\"50\" height=\"50\" \/><img decoding=\"async\" src=\"https:\/\/as-schwabe.de\/wp-content\/uploads\/ikony\/znak_D.png\" alt=\"\" width=\"50\" height=\"50\" \/><\/div>\n<ul>\n<li>P\u0142yta adaptera do profesjonalnego statywu (nr art. 46750) z ocynkowanym czopem DIN (wg DIN 14640) do mocowania na statywie, rozstaw otwor\u00f3w p\u0142yty adaptera 100 mm, wymiary p\u0142yty adaptera: 150&#215;40 mm<\/li>\n<\/ul>","protected":false},"featured_media":30313,"template":"","meta":{"inline_featured_image":false},"genre":[509],"product_cat":[547,562],"product_tag":[],"class_list":{"0":"post-30928","1":"product","2":"type-product","3":"status-publish","4":"has-post-thumbnail","6":"product_brand-as-schwabe-pl","7":"product_cat-oswietlenie-2-pl","8":"product_cat-statywy-2-pl","10":"first","11":"instock","12":"shipping-taxable","13":"product-type-simple"},"aioseo_notices":[],"_links":{"self":[{"href":"https:\/\/as-schwabe.de\/pl\/wp-json\/wp\/v2\/product\/30928","targetHints":{"allow":["GET"]}}],"collection":[{"href":"https:\/\/as-schwabe.de\/pl\/wp-json\/wp\/v2\/product"}],"about":[{"href":"https:\/\/as-schwabe.de\/pl\/wp-json\/wp\/v2\/types\/product"}],"version-history":[{"count":0,"href":"https:\/\/as-schwabe.de\/pl\/wp-json\/wp\/v2\/product\/30928\/revisions"}],"wp:featuredmedia":[{"embeddable":true,"href":"https:\/\/as-schwabe.de\/pl\/wp-json\/wp\/v2\/media\/30313"}],"wp:attachment":[{"href":"https:\/\/as-schwabe.de\/pl\/wp-json\/wp\/v2\/media?parent=30928"}],"wp:term":[{"taxonomy":"product_brand","embeddable":true,"href":"https:\/\/as-schwabe.de\/pl\/wp-json\/wp\/v2\/genre?post=30928"},{"taxonomy":"product_cat","embeddable":true,"href":"https:\/\/as-schwabe.de\/pl\/wp-json\/wp\/v2\/product_cat?post=30928"},{"taxonomy":"product_tag","embeddable":true,"href":"https:\/\/as-schwabe.de\/pl\/wp-json\/wp\/v2\/product_tag?post=30928"}],"curies":[{"name":"wp","href":"https:\/\/api.w.org\/{rel}","templated":true}]}}