{"id":30927,"date":"2025-09-26T23:03:54","date_gmt":"2025-09-26T23:03:54","guid":{"rendered":"https:\/\/as-schwabe.de\/produkt\/statyw-profesjonalny-xxl-z-trawersem-46758\/"},"modified":"2025-10-23T00:15:20","modified_gmt":"2025-10-23T00:15:20","slug":"statyw-profesjonalny-xxl-z-trawersem-46758","status":"publish","type":"product","link":"https:\/\/as-schwabe.de\/pl\/produkt\/statyw-profesjonalny-xxl-z-trawersem-46758\/","title":{"rendered":"Statyw profesjonalny XXL z trawersem | 46758"},"content":{"rendered":"<p>Statyw profesjonalny XXL z trawersem to niezwykle solidne i wszechstronne rozwi\u0105zanie dla wymagaj\u0105cych u\u017cytkownik\u00f3w. Dzi\u0119ki maksymalnej wysoko\u015bci 4,6 m oraz do 40 kg no\u015bno\u015bci, idealnie sprawdzi si\u0119 w zastosowaniach scenicznych, fotograficznych i filmowych. Wykonany z wysokiej jako\u015bci materia\u0142\u00f3w, malowany proszkowo w kolorze niebieskim, oferuje trwa\u0142o\u015b\u0107 i estetyk\u0119. W zestawie znajduje si\u0119 trawers o d\u0142ugo\u015bci 82 cm, kolce do stopek, linki i ko\u0142ki zabezpieczaj\u0105ce oraz mocowanie trawersu na czop DIN, co zapewnia stabilno\u015b\u0107 i bezpiecze\u0144stwo u\u017cytkowania. Dodatkowo, ca\u0142o\u015b\u0107 spakowana jest w praktyczn\u0105 torb\u0119, co u\u0142atwia transport i przechowywanie. Idealny wyb\u00f3r dla profesjonalist\u00f3w, kt\u00f3rzy poszukuj\u0105 niezawodnego sprz\u0119tu.<\/p>","protected":false},"excerpt":{"rendered":"<div class=\"icons\" style=\"display: flex; flex-wrap: wrap; gap: 5px; align-items: center; margin-top: 10px;\"><img decoding=\"async\" src=\"https:\/\/as-schwabe.de\/wp-content\/uploads\/ikony\/znak_PB.png\" alt=\"\" width=\"50\" height=\"50\" \/><img decoding=\"async\" src=\"https:\/\/as-schwabe.de\/wp-content\/uploads\/ikony\/znak_Z.png\" alt=\"\" width=\"50\" height=\"50\" \/><img decoding=\"async\" src=\"https:\/\/as-schwabe.de\/wp-content\/uploads\/ikony\/znak_D.png\" alt=\"\" width=\"50\" height=\"50\" \/><\/div>\n<ul>\n<li>Profesjonalny statyw XXL z trawersem <\/li>\n<li>wysoka jako\u015b\u0107 wykonania <\/li>\n<li>malowana proszkowo rama z rur stalowych z 5 elementami rurowymi i \u015brubami regulacyjnymi w praktycznej torbie <\/li>\n<li>nogi ze sto\u017ckami podstawy zapewniaj\u0105 bardzo dobr\u0105 stabilno\u015b\u0107 <\/li>\n<li>bezstopniowa regulacja wysoko\u015bci od 1,3 do 4,6 m <\/li>\n<li>maks. no\u015bno\u015b\u0107 40 kg<\/li>\n<\/ul>","protected":false},"featured_media":30317,"template":"","meta":{"inline_featured_image":false},"genre":[509],"product_cat":[547,562],"product_tag":[],"class_list":{"0":"post-30927","1":"product","2":"type-product","3":"status-publish","4":"has-post-thumbnail","6":"product_brand-as-schwabe-pl","7":"product_cat-oswietlenie-2-pl","8":"product_cat-statywy-2-pl","10":"first","11":"instock","12":"shipping-taxable","13":"product-type-simple"},"aioseo_notices":[],"_links":{"self":[{"href":"https:\/\/as-schwabe.de\/pl\/wp-json\/wp\/v2\/product\/30927","targetHints":{"allow":["GET"]}}],"collection":[{"href":"https:\/\/as-schwabe.de\/pl\/wp-json\/wp\/v2\/product"}],"about":[{"href":"https:\/\/as-schwabe.de\/pl\/wp-json\/wp\/v2\/types\/product"}],"version-history":[{"count":0,"href":"https:\/\/as-schwabe.de\/pl\/wp-json\/wp\/v2\/product\/30927\/revisions"}],"wp:featuredmedia":[{"embeddable":true,"href":"https:\/\/as-schwabe.de\/pl\/wp-json\/wp\/v2\/media\/30317"}],"wp:attachment":[{"href":"https:\/\/as-schwabe.de\/pl\/wp-json\/wp\/v2\/media?parent=30927"}],"wp:term":[{"taxonomy":"product_brand","embeddable":true,"href":"https:\/\/as-schwabe.de\/pl\/wp-json\/wp\/v2\/genre?post=30927"},{"taxonomy":"product_cat","embeddable":true,"href":"https:\/\/as-schwabe.de\/pl\/wp-json\/wp\/v2\/product_cat?post=30927"},{"taxonomy":"product_tag","embeddable":true,"href":"https:\/\/as-schwabe.de\/pl\/wp-json\/wp\/v2\/product_tag?post=30927"}],"curies":[{"name":"wp","href":"https:\/\/api.w.org\/{rel}","templated":true}]}}