{"id":30926,"date":"2025-09-26T23:03:54","date_gmt":"2025-09-26T23:03:54","guid":{"rendered":"https:\/\/as-schwabe.de\/produkt\/zestaw-pokrowcow-na-ciezarki-do-statywow-46756\/"},"modified":"2025-10-23T00:15:19","modified_gmt":"2025-10-23T00:15:19","slug":"zestaw-pokrowcow-na-ciezarki-do-statywow-46756","status":"publish","type":"product","link":"https:\/\/as-schwabe.de\/pl\/produkt\/zestaw-pokrowcow-na-ciezarki-do-statywow-46756\/","title":{"rendered":"Zestaw pokrowc\u00f3w na ci\u0119\u017carki do statyw\u00f3w | 46756"},"content":{"rendered":"<p>Zestaw pokrowc\u00f3w na ci\u0119\u017carki do statyw\u00f3w to niezast\u0105pione akcesorium dla profesjonalist\u00f3w zajmuj\u0105cych si\u0119 fotografi\u0105 i filmowaniem. W jego sk\u0142ad wchodz\u0105 trzy torebki doci\u0105\u017caj\u0105ce, o szeroko\u015bci 420 mm i wysoko\u015bci 300 mm, kt\u00f3re zapewniaj\u0105 stabilizacj\u0119 statyw\u00f3w w r\u00f3\u017cnych warunkach terenowych. Dzi\u0119ki zastosowaniu wysokiej jako\u015bci materia\u0142\u00f3w, pokrowce s\u0105 odporne na uszkodzenia i dzia\u0142anie warunk\u00f3w atmosferycznych, co gwarantuje trwa\u0142o\u015b\u0107 i niezawodno\u015b\u0107. Ich u\u017cycie znacz\u0105co zwi\u0119ksza bezpiecze\u0144stwo sprz\u0119tu, eliminuj\u0105c ryzyko przewr\u00f3cenia si\u0119 statywu, co jest szczeg\u00f3lnie istotne podczas pracy na zmiennym pod\u0142o\u017cu. Dopracowany design oraz funkcjonalno\u015b\u0107 zestawu sprawiaj\u0105, \u017ce stanowi on idealny wyb\u00f3r dla wymagaj\u0105cych u\u017cytkownik\u00f3w.<\/p>","protected":false},"excerpt":{"rendered":"<div class=\"icons\" style=\"display: flex; flex-wrap: wrap; gap: 5px; align-items: center; margin-top: 10px;\"><img decoding=\"async\" src=\"https:\/\/as-schwabe.de\/wp-content\/uploads\/ikony\/znak_PB.png\" alt=\"\" width=\"50\" height=\"50\" \/><img decoding=\"async\" src=\"https:\/\/as-schwabe.de\/wp-content\/uploads\/ikony\/znak_Z.png\" alt=\"\" width=\"50\" height=\"50\" \/><img decoding=\"async\" src=\"https:\/\/as-schwabe.de\/wp-content\/uploads\/ikony\/znak_D.png\" alt=\"\" width=\"50\" height=\"50\" \/><\/div>\n<ul>\n<li>3x worek na ci\u0119\u017carki, s\u0142u\u017c\u0105 do dodatkowej stabilizacji statywu<\/li>\n<\/ul>","protected":false},"featured_media":35098,"template":"","meta":{"inline_featured_image":false},"genre":[509],"product_cat":[547,562],"product_tag":[],"class_list":{"0":"post-30926","1":"product","2":"type-product","3":"status-publish","4":"has-post-thumbnail","6":"product_brand-as-schwabe-pl","7":"product_cat-oswietlenie-2-pl","8":"product_cat-statywy-2-pl","10":"first","11":"instock","12":"shipping-taxable","13":"product-type-simple"},"aioseo_notices":[],"_links":{"self":[{"href":"https:\/\/as-schwabe.de\/pl\/wp-json\/wp\/v2\/product\/30926","targetHints":{"allow":["GET"]}}],"collection":[{"href":"https:\/\/as-schwabe.de\/pl\/wp-json\/wp\/v2\/product"}],"about":[{"href":"https:\/\/as-schwabe.de\/pl\/wp-json\/wp\/v2\/types\/product"}],"version-history":[{"count":0,"href":"https:\/\/as-schwabe.de\/pl\/wp-json\/wp\/v2\/product\/30926\/revisions"}],"wp:featuredmedia":[{"embeddable":true,"href":"https:\/\/as-schwabe.de\/pl\/wp-json\/wp\/v2\/media\/35098"}],"wp:attachment":[{"href":"https:\/\/as-schwabe.de\/pl\/wp-json\/wp\/v2\/media?parent=30926"}],"wp:term":[{"taxonomy":"product_brand","embeddable":true,"href":"https:\/\/as-schwabe.de\/pl\/wp-json\/wp\/v2\/genre?post=30926"},{"taxonomy":"product_cat","embeddable":true,"href":"https:\/\/as-schwabe.de\/pl\/wp-json\/wp\/v2\/product_cat?post=30926"},{"taxonomy":"product_tag","embeddable":true,"href":"https:\/\/as-schwabe.de\/pl\/wp-json\/wp\/v2\/product_tag?post=30926"}],"curies":[{"name":"wp","href":"https:\/\/api.w.org\/{rel}","templated":true}]}}