{"id":30925,"date":"2025-09-26T23:03:52","date_gmt":"2025-09-26T23:03:52","guid":{"rendered":"https:\/\/as-schwabe.de\/produkt\/statyw-profesjonalny-xxl-easy-lift-z-trawersem-46752\/"},"modified":"2025-10-23T00:15:18","modified_gmt":"2025-10-23T00:15:18","slug":"statyw-profesjonalny-xxl-easy-lift-z-trawersem-46752","status":"publish","type":"product","link":"https:\/\/as-schwabe.de\/pl\/produkt\/statyw-profesjonalny-xxl-easy-lift-z-trawersem-46752\/","title":{"rendered":"Statyw profesjonalny XXL Easy-Lift z trawersem | 46752"},"content":{"rendered":"<p>Statyw profesjonalny XXL Easy-Lift z trawersem to doskona\u0142e rozwi\u0105zanie dla wymagaj\u0105cych u\u017cytkownik\u00f3w, kt\u00f3rzy ceni\u0105 sobie wysok\u0105 jako\u015b\u0107 i stabilno\u015b\u0107. Oferuje maksymaln\u0105 no\u015bno\u015b\u0107 do 45 kg oraz zakres wysoko\u015bci od 1,7 m do 3,7 m, co pozwala na elastyczne dostosowanie do r\u00f3\u017cnych scenariuszy zastosowa\u0144. Dzi\u0119ki rozk\u0142adanej konstrukcji nap\u0119dzanej \u0142a\u0144cuchowo, jego obs\u0142uga jest zar\u00f3wno \u0142atwa, jak i wygodna. Malowany proszkowo na kolor czarny statyw jest odporny na z\u0142uszczanie i uszkodzenia. W zestawie znajduje si\u0119 trawers o d\u0142ugo\u015bci 82 cm z mocowaniem na czop DIN oraz praktyczna torba, co u\u0142atwia transport i przechowywanie. Idealny wyb\u00f3r dla profesjonalist\u00f3w w dziedzinie o\u015bwietlenia i nag\u0142o\u015bnienia, kt\u00f3rzy potrzebuj\u0105 niezawodnych i trwa\u0142ych rozwi\u0105za\u0144.<\/p>","protected":false},"excerpt":{"rendered":"<div class=\"icons\" style=\"display: flex; flex-wrap: wrap; gap: 5px; align-items: center; margin-top: 10px;\"><img decoding=\"async\" src=\"https:\/\/as-schwabe.de\/wp-content\/uploads\/ikony\/znak_PB.png\" alt=\"\" width=\"50\" height=\"50\" \/><img decoding=\"async\" src=\"https:\/\/as-schwabe.de\/wp-content\/uploads\/ikony\/znak_Z.png\" alt=\"\" width=\"50\" height=\"50\" \/><img decoding=\"async\" src=\"https:\/\/as-schwabe.de\/wp-content\/uploads\/ikony\/znak_D.png\" alt=\"\" width=\"50\" height=\"50\" \/><\/div>\n<ul>\n<li>Statyw profesjonalny XXL Easy-Lift <\/li>\n<li>wysoka jako\u015b\u0107 wykonania <\/li>\n<li>stalowy stela\u017c malowany proszkowo z nap\u0119dem korbowym z \u0142a\u0144cuchem <\/li>\n<li>z hakiem na przew\u00f3d <\/li>\n<li>regulowane nogi (indywidualnie teleskopowane) <\/li>\n<li>podstawa n\u00f3g z otworami do kotwienia w celu poprawy stabilno\u015bci <\/li>\n<li>maks. no\u015bno\u015b\u0107 45 kg <\/li>\n<li>w zestawie praktyczna torba <\/li>\n<li>wysoko\u015b\u0107 po z\u0142o\u017ceniu: 1980 mm \/ szeroko\u015b\u0107 po z\u0142o\u017ceniu: 210 mm<\/li>\n<\/ul>","protected":false},"featured_media":30311,"template":"","meta":{"inline_featured_image":false},"genre":[509],"product_cat":[547,562],"product_tag":[],"class_list":{"0":"post-30925","1":"product","2":"type-product","3":"status-publish","4":"has-post-thumbnail","6":"product_brand-as-schwabe-pl","7":"product_cat-oswietlenie-2-pl","8":"product_cat-statywy-2-pl","10":"first","11":"instock","12":"shipping-taxable","13":"product-type-simple"},"aioseo_notices":[],"_links":{"self":[{"href":"https:\/\/as-schwabe.de\/pl\/wp-json\/wp\/v2\/product\/30925","targetHints":{"allow":["GET"]}}],"collection":[{"href":"https:\/\/as-schwabe.de\/pl\/wp-json\/wp\/v2\/product"}],"about":[{"href":"https:\/\/as-schwabe.de\/pl\/wp-json\/wp\/v2\/types\/product"}],"version-history":[{"count":0,"href":"https:\/\/as-schwabe.de\/pl\/wp-json\/wp\/v2\/product\/30925\/revisions"}],"wp:featuredmedia":[{"embeddable":true,"href":"https:\/\/as-schwabe.de\/pl\/wp-json\/wp\/v2\/media\/30311"}],"wp:attachment":[{"href":"https:\/\/as-schwabe.de\/pl\/wp-json\/wp\/v2\/media?parent=30925"}],"wp:term":[{"taxonomy":"product_brand","embeddable":true,"href":"https:\/\/as-schwabe.de\/pl\/wp-json\/wp\/v2\/genre?post=30925"},{"taxonomy":"product_cat","embeddable":true,"href":"https:\/\/as-schwabe.de\/pl\/wp-json\/wp\/v2\/product_cat?post=30925"},{"taxonomy":"product_tag","embeddable":true,"href":"https:\/\/as-schwabe.de\/pl\/wp-json\/wp\/v2\/product_tag?post=30925"}],"curies":[{"name":"wp","href":"https:\/\/api.w.org\/{rel}","templated":true}]}}