{"id":30924,"date":"2025-09-26T23:03:51","date_gmt":"2025-09-26T23:03:51","guid":{"rendered":"https:\/\/as-schwabe.de\/produkt\/statyw-profesjonalny-z-trawersem-46750\/"},"modified":"2025-10-23T00:15:18","modified_gmt":"2025-10-23T00:15:18","slug":"statyw-profesjonalny-z-trawersem-46750","status":"publish","type":"product","link":"https:\/\/as-schwabe.de\/pl\/produkt\/statyw-profesjonalny-z-trawersem-46750\/","title":{"rendered":"Statyw profesjonalny z trawersem | 46750"},"content":{"rendered":"<p>Statyw profesjonalny z trawersem to solidne rozwi\u0105zanie dla wymagaj\u0105cych u\u017cytkownik\u00f3w, kt\u00f3rzy potrzebuj\u0105 stabilnej i wszechstronnej podstawy dla swojego sprz\u0119tu. Wykonany z metalowej, ocynkowanej konstrukcji, zapewnia wysok\u0105 odporno\u015b\u0107 na uszkodzenia oraz d\u0142ugotrwa\u0142e u\u017cytkowanie. Jego maksymalna wysoko\u015b\u0107 wynosz\u0105ca 2,6 m oraz minimalna 1 m umo\u017cliwiaj\u0105 dostosowanie do r\u00f3\u017cnych warunk\u00f3w pracy, a no\u015bno\u015b\u0107 do 7 kg sprawia, \u017ce z powodzeniem pomie\u015bci wi\u0119kszo\u015b\u0107 urz\u0105dze\u0144. Trawers o d\u0142ugo\u015bci 24 cm zapewnia dodatkow\u0105 stabilno\u015b\u0107 i wsparcie, a do\u0142\u0105czone elementy monta\u017cowe u\u0142atwiaj\u0105 szybki monta\u017c i demonta\u017c. Ten statyw to idealny wyb\u00f3r dla profesjonalist\u00f3w w dziedzinie fotografii, filmowania oraz prezentacji.<\/p>","protected":false},"excerpt":{"rendered":"<div class=\"icons\" style=\"display: flex; flex-wrap: wrap; gap: 5px; align-items: center; margin-top: 10px;\"><img decoding=\"async\" src=\"https:\/\/as-schwabe.de\/wp-content\/uploads\/ikony\/znak_PB.png\" alt=\"\" width=\"50\" height=\"50\" \/><img decoding=\"async\" src=\"https:\/\/as-schwabe.de\/wp-content\/uploads\/ikony\/znak_Z.png\" alt=\"\" width=\"50\" height=\"50\" \/><img decoding=\"async\" src=\"https:\/\/as-schwabe.de\/wp-content\/uploads\/ikony\/znak_D.png\" alt=\"\" width=\"50\" height=\"50\" \/><\/div>\n<ul>\n<li>wysoka jako\u015b\u0107 wykonania <\/li>\n<li>ocynkowany <\/li>\n<li>bardzo dobra stabilno\u015b\u0107 dzi\u0119ki tr\u00f3jno\u017cnej ramie <\/li>\n<li>statyw z mocowaniem i trawersem uniwersalnym <\/li>\n<li>adapter czopu DIN nr art. 46759 mo\u017cna zam\u00f3wi\u0107 jako opcj\u0119 <\/li>\n<li>bezstopniowa regulacja wysoko\u015bci od 1 do 2,6 m <\/li>\n<li>maks. no\u015bno\u015b\u0107 7 kg <\/li>\n<li>statyw z trawersem uniwersalnym<\/li>\n<\/ul>","protected":false},"featured_media":30303,"template":"","meta":{"inline_featured_image":false},"genre":[509],"product_cat":[547,562],"product_tag":[],"class_list":{"0":"post-30924","1":"product","2":"type-product","3":"status-publish","4":"has-post-thumbnail","6":"product_brand-as-schwabe-pl","7":"product_cat-oswietlenie-2-pl","8":"product_cat-statywy-2-pl","10":"first","11":"instock","12":"shipping-taxable","13":"product-type-simple"},"aioseo_notices":[],"_links":{"self":[{"href":"https:\/\/as-schwabe.de\/pl\/wp-json\/wp\/v2\/product\/30924","targetHints":{"allow":["GET"]}}],"collection":[{"href":"https:\/\/as-schwabe.de\/pl\/wp-json\/wp\/v2\/product"}],"about":[{"href":"https:\/\/as-schwabe.de\/pl\/wp-json\/wp\/v2\/types\/product"}],"version-history":[{"count":0,"href":"https:\/\/as-schwabe.de\/pl\/wp-json\/wp\/v2\/product\/30924\/revisions"}],"wp:featuredmedia":[{"embeddable":true,"href":"https:\/\/as-schwabe.de\/pl\/wp-json\/wp\/v2\/media\/30303"}],"wp:attachment":[{"href":"https:\/\/as-schwabe.de\/pl\/wp-json\/wp\/v2\/media?parent=30924"}],"wp:term":[{"taxonomy":"product_brand","embeddable":true,"href":"https:\/\/as-schwabe.de\/pl\/wp-json\/wp\/v2\/genre?post=30924"},{"taxonomy":"product_cat","embeddable":true,"href":"https:\/\/as-schwabe.de\/pl\/wp-json\/wp\/v2\/product_cat?post=30924"},{"taxonomy":"product_tag","embeddable":true,"href":"https:\/\/as-schwabe.de\/pl\/wp-json\/wp\/v2\/product_tag?post=30924"}],"curies":[{"name":"wp","href":"https:\/\/api.w.org\/{rel}","templated":true}]}}