{"id":30923,"date":"2025-09-26T23:03:50","date_gmt":"2025-09-26T23:03:50","guid":{"rendered":"https:\/\/as-schwabe.de\/produkt\/tasma-led-25m-300w-na-bebnie-o285-mm-46714\/"},"modified":"2025-10-23T00:15:17","modified_gmt":"2025-10-23T00:15:17","slug":"tasma-led-25m-300w-na-bebnie-o285-mm-46714","status":"publish","type":"product","link":"https:\/\/as-schwabe.de\/pl\/produkt\/tasma-led-25m-300w-na-bebnie-o285-mm-46714\/","title":{"rendered":"Ta\u015bma LED 25 m 300 W na b\u0119bnie \u00d8285 mm &#8211; 37500 lm | 46714"},"content":{"rendered":"<p>Ta\u015bma LED 25m o mocy 300W, zbudowana na b\u0119bnie o \u015brednicy 285 mm, to idealne rozwi\u0105zanie dla os\u00f3b poszukuj\u0105cych efektywnego o\u015bwietlenia do r\u00f3\u017cnych zastosowa\u0144. Wyposa\u017cona w diody LED EPISTAR 2835, oferuje moc 12 W\/m oraz intensywno\u015b\u0107 \u015bwietln\u0105 1500 lm\/m, zapewniaj\u0105c wysok\u0105 jako\u015b\u0107 o\u015bwietlenia w neutralnej barwie 4000 K. Dodatkowo, ta\u015bma charakteryzuje si\u0119 fotoluminescencj\u0105, kt\u00f3ra utrzymuje si\u0119 przez oko\u0142o 10 metr\u00f3w po na\u015bwietleniu, co zwi\u0119ksza bezpiecze\u0144stwo w ciemnych pomieszczeniach. Dzi\u0119ki wadze niskiej oraz mo\u017cliwo\u015bci \u0142\u0105czenia do maksymalnie 150 m, produkt jest \u0142atwy w monta\u017cu i idealnie nadaje si\u0119 do zastosowa\u0144 zar\u00f3wno wewn\u0119trznych, jak i zewn\u0119trznych. Oznaczenia IK10 oraz IP65 \u015bwiadcz\u0105 o wysokiej odporno\u015bci na uszkodzenia mechaniczne oraz wod\u0119, co czyni j\u0105 doskona\u0142ym wyborem dla wymagaj\u0105cych warunk\u00f3w. W zestawie znajduje si\u0119 pakiet mocuj\u0105cy, co u\u0142atwia instalacj\u0119 i u\u017cytkowanie.<\/p>","protected":false},"excerpt":{"rendered":"<div class=\"icons\" style=\"display: flex; flex-wrap: wrap; gap: 5px; align-items: center; margin-top: 10px;\"><img decoding=\"async\" src=\"https:\/\/as-schwabe.de\/wp-content\/uploads\/ikony\/znak_CE.png\" alt=\"\" width=\"50\" height=\"50\" \/><img decoding=\"async\" src=\"https:\/\/as-schwabe.de\/wp-content\/uploads\/ikony\/znak_IP65.png\" alt=\"\" width=\"50\" height=\"50\" \/><img decoding=\"async\" src=\"https:\/\/as-schwabe.de\/wp-content\/uploads\/ikony\/znak_LED.png\" alt=\"\" width=\"50\" height=\"50\" \/><img loading=\"lazy\" decoding=\"async\" src=\"https:\/\/as-schwabe.de\/wp-content\/uploads\/ikony\/znak_PB.png\" alt=\"\" width=\"50\" height=\"50\" \/><img loading=\"lazy\" decoding=\"async\" src=\"https:\/\/as-schwabe.de\/wp-content\/uploads\/ikony\/znak_Z.png\" alt=\"\" width=\"50\" height=\"50\" \/><img loading=\"lazy\" decoding=\"async\" src=\"https:\/\/as-schwabe.de\/wp-content\/uploads\/ikony\/znak_D.png\" alt=\"\" width=\"50\" height=\"50\" \/><\/div>\n<ul>\n<li>Ta\u015bma LED na b\u0119bnie <\/li>\n<li>fotoluminescencja przez ok. 10 min po na\u015bwietleniu <\/li>\n<li>wej\u015bcie: AC 230 V, 16 A <\/li>\n<li>moc: 12 W\/m <\/li>\n<li>strumie\u0144 \u015bwietlny: 1500 lm\/m (ok. 125 lm\/W) <\/li>\n<li>wsp\u00f3\u0142czynnik oddawania barw CRI: >80 <\/li>\n<li>k\u0105t rozsy\u0142u \u015bwiat\u0142a: 120 stopni <\/li>\n<li>\u017cywotno\u015b\u0107 diody LED: 30 000 h <\/li>\n<li>temperatura barwowa: 4000 K <\/li>\n<li>materia\u0142 os\u0142ony: PCV <\/li>\n<li>wymiary szer. x wys.: 18 x 8 mm <\/li>\n<li>mo\u017cliwo\u015b\u0107 przed\u0142u\u017cenia do ca\u0142kowitej d\u0142ugo\u015bci 150 m <\/li>\n<li>stopie\u0144 ochrony: IP65 <\/li>\n<li>\u0142\u0105cznie z pakietem mocuj\u0105cym <\/li>\n<li>mo\u017cna je elastycznie wygina\u0107 do promienia 40 mm<\/li>\n<\/ul>","protected":false},"featured_media":30301,"template":"","meta":{"inline_featured_image":false},"genre":[509],"product_cat":[547,563],"product_tag":[],"class_list":{"0":"post-30923","1":"product","2":"type-product","3":"status-publish","4":"has-post-thumbnail","6":"product_brand-as-schwabe-pl","7":"product_cat-oswietlenie-2-pl","8":"product_cat-tasmy-led-pl","10":"first","11":"instock","12":"shipping-taxable","13":"product-type-simple"},"aioseo_notices":[],"_links":{"self":[{"href":"https:\/\/as-schwabe.de\/pl\/wp-json\/wp\/v2\/product\/30923","targetHints":{"allow":["GET"]}}],"collection":[{"href":"https:\/\/as-schwabe.de\/pl\/wp-json\/wp\/v2\/product"}],"about":[{"href":"https:\/\/as-schwabe.de\/pl\/wp-json\/wp\/v2\/types\/product"}],"version-history":[{"count":0,"href":"https:\/\/as-schwabe.de\/pl\/wp-json\/wp\/v2\/product\/30923\/revisions"}],"wp:featuredmedia":[{"embeddable":true,"href":"https:\/\/as-schwabe.de\/pl\/wp-json\/wp\/v2\/media\/30301"}],"wp:attachment":[{"href":"https:\/\/as-schwabe.de\/pl\/wp-json\/wp\/v2\/media?parent=30923"}],"wp:term":[{"taxonomy":"product_brand","embeddable":true,"href":"https:\/\/as-schwabe.de\/pl\/wp-json\/wp\/v2\/genre?post=30923"},{"taxonomy":"product_cat","embeddable":true,"href":"https:\/\/as-schwabe.de\/pl\/wp-json\/wp\/v2\/product_cat?post=30923"},{"taxonomy":"product_tag","embeddable":true,"href":"https:\/\/as-schwabe.de\/pl\/wp-json\/wp\/v2\/product_tag?post=30923"}],"curies":[{"name":"wp","href":"https:\/\/api.w.org\/{rel}","templated":true}]}}