{"id":30922,"date":"2025-09-26T23:03:50","date_gmt":"2025-09-26T23:03:50","guid":{"rendered":"https:\/\/as-schwabe.de\/produkt\/tasma-led-15m-180w-na-bebnie-o230-mm-46713\/"},"modified":"2025-10-23T00:15:17","modified_gmt":"2025-10-23T00:15:17","slug":"tasma-led-15m-180w-na-bebnie-o230-mm-46713","status":"publish","type":"product","link":"https:\/\/as-schwabe.de\/pl\/produkt\/tasma-led-15m-180w-na-bebnie-o230-mm-46713\/","title":{"rendered":"Ta\u015bma LED 15 m 180 W na b\u0119bnie \u00d8230 mm &#8211; 22500 lm | 46713"},"content":{"rendered":"<p>Ta\u015bma LED o d\u0142ugo\u015bci 15 m i mocy 180 W to idealne rozwi\u0105zanie do o\u015bwietlenia przestrzeni zar\u00f3wno wewn\u0119trznych, jak i zewn\u0119trznych. Wyposa\u017cona w diody EPISTAR 2835, generuje jasno\u015b\u0107 1500 lm\/m przy temperaturze barwowej 4000 K, co zapewnia naturalne i przyjemne \u015bwiat\u0142o. Dzi\u0119ki klasom ochrony IK10 i IP65 jest odporna na uszkodzenia mechaniczne oraz niekorzystne warunki atmosferyczne. Dodatkowym atutem jest zdolno\u015b\u0107 do fotoluminescencji na odleg\u0142o\u015b\u0107 oko\u0142o 10 m po wcze\u015bniejszym na\u015bwietleniu, co zwi\u0119ksza bezpiecze\u0144stwo w warunkach s\u0142abego o\u015bwietlenia. W zestawie znajduje si\u0119 pakiet mocuj\u0105cy, a ta\u015bm\u0119 mo\u017cna \u0142\u0105czy\u0107 w d\u0142u\u017csze odcinki do maksymalnej d\u0142ugo\u015bci 150 m, co czyni j\u0105 wszechstronnym elementem w o\u015bwietleniu.<\/p>","protected":false},"excerpt":{"rendered":"<div class=\"icons\" style=\"display: flex; flex-wrap: wrap; gap: 5px; align-items: center; margin-top: 10px;\"><img decoding=\"async\" src=\"https:\/\/as-schwabe.de\/wp-content\/uploads\/ikony\/znak_CE.png\" alt=\"\" width=\"50\" height=\"50\" \/><img decoding=\"async\" src=\"https:\/\/as-schwabe.de\/wp-content\/uploads\/ikony\/znak_IP65.png\" alt=\"\" width=\"50\" height=\"50\" \/><img decoding=\"async\" src=\"https:\/\/as-schwabe.de\/wp-content\/uploads\/ikony\/znak_LED.png\" alt=\"\" width=\"50\" height=\"50\" \/><img loading=\"lazy\" decoding=\"async\" src=\"https:\/\/as-schwabe.de\/wp-content\/uploads\/ikony\/znak_PB.png\" alt=\"\" width=\"50\" height=\"50\" \/><img loading=\"lazy\" decoding=\"async\" src=\"https:\/\/as-schwabe.de\/wp-content\/uploads\/ikony\/znak_Z.png\" alt=\"\" width=\"50\" height=\"50\" \/><img loading=\"lazy\" decoding=\"async\" src=\"https:\/\/as-schwabe.de\/wp-content\/uploads\/ikony\/znak_D.png\" alt=\"\" width=\"50\" height=\"50\" \/><\/div>\n<ul>\n<li>Ta\u015bma LED na b\u0119bnie <\/li>\n<li>fotoluminescencja przez ok. 10 min po na\u015bwietleniu <\/li>\n<li>wej\u015bcie: AC 230 V, 16 A <\/li>\n<li>moc: 12 W\/m <\/li>\n<li>strumie\u0144 \u015bwietlny: 1500 lm\/m (ok. 125 lm\/W) <\/li>\n<li>wsp\u00f3\u0142czynnik oddawania barw CRI: >80 <\/li>\n<li>k\u0105t rozsy\u0142u \u015bwiat\u0142a: 120 stopni <\/li>\n<li>\u017cywotno\u015b\u0107 diody LED: 30 000 h <\/li>\n<li>temperatura barwowa: 4000 K <\/li>\n<li>materia\u0142 os\u0142ony: PCV <\/li>\n<li>wymiary szer. x wys.: 18 x 8 mm <\/li>\n<li>mo\u017cliwo\u015b\u0107 przed\u0142u\u017cenia do ca\u0142kowitej d\u0142ugo\u015bci 150 m <\/li>\n<li>stopie\u0144 ochrony: IP65 <\/li>\n<li>\u0142\u0105cznie z pakietem mocuj\u0105cym <\/li>\n<li>mo\u017cna je elastycznie wygina\u0107 do promienia 40 mm<\/li>\n<\/ul>","protected":false},"featured_media":30283,"template":"","meta":{"inline_featured_image":false},"genre":[509],"product_cat":[547,563],"product_tag":[],"class_list":{"0":"post-30922","1":"product","2":"type-product","3":"status-publish","4":"has-post-thumbnail","6":"product_brand-as-schwabe-pl","7":"product_cat-oswietlenie-2-pl","8":"product_cat-tasmy-led-pl","10":"first","11":"instock","12":"shipping-taxable","13":"product-type-simple"},"aioseo_notices":[],"_links":{"self":[{"href":"https:\/\/as-schwabe.de\/pl\/wp-json\/wp\/v2\/product\/30922","targetHints":{"allow":["GET"]}}],"collection":[{"href":"https:\/\/as-schwabe.de\/pl\/wp-json\/wp\/v2\/product"}],"about":[{"href":"https:\/\/as-schwabe.de\/pl\/wp-json\/wp\/v2\/types\/product"}],"version-history":[{"count":0,"href":"https:\/\/as-schwabe.de\/pl\/wp-json\/wp\/v2\/product\/30922\/revisions"}],"wp:featuredmedia":[{"embeddable":true,"href":"https:\/\/as-schwabe.de\/pl\/wp-json\/wp\/v2\/media\/30283"}],"wp:attachment":[{"href":"https:\/\/as-schwabe.de\/pl\/wp-json\/wp\/v2\/media?parent=30922"}],"wp:term":[{"taxonomy":"product_brand","embeddable":true,"href":"https:\/\/as-schwabe.de\/pl\/wp-json\/wp\/v2\/genre?post=30922"},{"taxonomy":"product_cat","embeddable":true,"href":"https:\/\/as-schwabe.de\/pl\/wp-json\/wp\/v2\/product_cat?post=30922"},{"taxonomy":"product_tag","embeddable":true,"href":"https:\/\/as-schwabe.de\/pl\/wp-json\/wp\/v2\/product_tag?post=30922"}],"curies":[{"name":"wp","href":"https:\/\/api.w.org\/{rel}","templated":true}]}}