{"id":30920,"date":"2025-09-26T23:03:48","date_gmt":"2025-09-26T23:03:48","guid":{"rendered":"https:\/\/as-schwabe.de\/produkt\/tasma-led-15m-180w-46710\/"},"modified":"2025-10-23T00:15:16","modified_gmt":"2025-10-23T00:15:16","slug":"tasma-led-15m-180w-46710","status":"publish","type":"product","link":"https:\/\/as-schwabe.de\/pl\/produkt\/tasma-led-15m-180w-46710\/","title":{"rendered":"Ta\u015bma LED 15 m 180 W &#8211; 22500 lm | 46710"},"content":{"rendered":"<p>Ta\u015bma LED o d\u0142ugo\u015bci 15 m i mocy 180 W to idealne rozwi\u0105zanie dla os\u00f3b poszukuj\u0105cych wydajnego o\u015bwietlenia w r\u00f3\u017cnorodnych zastosowaniach. Dzi\u0119ki mocy 12 W\/m oraz \u015bwiat\u0142o\u015bci wynosz\u0105cej 1500 lm\/m, ta\u015bma zapewnia jasne i r\u00f3wnomierne o\u015bwietlenie o temperaturze barwowej 4000K, co czyni j\u0105 doskona\u0142ym wyborem do u\u017cytku zar\u00f3wno w pomieszczeniach, jak i na zewn\u0105trz. Wyr\u00f3\u017cniaj\u0105c\u0105 cech\u0105 produktu jest fotoluminescencja, kt\u00f3ra pozwala na \u015bwiecenie przez oko\u0142o 10 m po na\u015bwietleniu, co zwi\u0119ksza bezpiecze\u0144stwo w ciemno\u015bciach. Ta\u015bma charakteryzuje si\u0119 wysok\u0105 odporno\u015bci\u0105 na czynniki zewn\u0119trzne (klasa IP65) oraz udarno\u015b\u0107 (klasa IK10), a dzi\u0119ki k\u0105cie rozsy\u0142u \u015bwiat\u0142a wynosz\u0105cemu 120\u00b0, efektywnie o\u015bwietli wi\u0119ksze przestrzenie. W zestawie znajduje si\u0119 pakiet mocuj\u0105cy, a mo\u017cliwo\u015b\u0107 \u0142\u0105czenia ta\u015bmy do maksymalnie 150 m umo\u017cliwia \u0142atwe dostosowanie do indywidualnych potrzeb u\u017cytkownik\u00f3w.<\/p>","protected":false},"excerpt":{"rendered":"<div class=\"icons\" style=\"display: flex; flex-wrap: wrap; gap: 5px; align-items: center; margin-top: 10px;\"><img decoding=\"async\" src=\"https:\/\/as-schwabe.de\/wp-content\/uploads\/ikony\/znak_CE.png\" alt=\"\" width=\"50\" height=\"50\" \/><img decoding=\"async\" src=\"https:\/\/as-schwabe.de\/wp-content\/uploads\/ikony\/znak_IP65.png\" alt=\"\" width=\"50\" height=\"50\" \/><img decoding=\"async\" src=\"https:\/\/as-schwabe.de\/wp-content\/uploads\/ikony\/znak_LED.png\" alt=\"\" width=\"50\" height=\"50\" \/><img loading=\"lazy\" decoding=\"async\" src=\"https:\/\/as-schwabe.de\/wp-content\/uploads\/ikony\/znak_PB.png\" alt=\"\" width=\"50\" height=\"50\" \/><img loading=\"lazy\" decoding=\"async\" src=\"https:\/\/as-schwabe.de\/wp-content\/uploads\/ikony\/znak_Z.png\" alt=\"\" width=\"50\" height=\"50\" \/><img loading=\"lazy\" decoding=\"async\" src=\"https:\/\/as-schwabe.de\/wp-content\/uploads\/ikony\/znak_D.png\" alt=\"\" width=\"50\" height=\"50\" \/><\/div>\n<ul>\n<li>Ta\u015bma LED w kr\u0105\u017cku <\/li>\n<li>fotoluminescencja przez ok. 10 min po na\u015bwietleniu <\/li>\n<li>wej\u015bcie: AC 230 V, 16 A <\/li>\n<li>moc: 12 W\/m <\/li>\n<li>strumie\u0144 \u015bwietlny: 1500 lm\/m (ok. 125 lm\/W) <\/li>\n<li>wsp\u00f3\u0142czynnik oddawania barw CRI: >80 <\/li>\n<li>k\u0105t rozsy\u0142u \u015bwiat\u0142a: 120 stopni <\/li>\n<li>\u017cywotno\u015b\u0107 diody LED: 30 000 h <\/li>\n<li>temperatura barwowa: 4000 K <\/li>\n<li>materia\u0142 os\u0142ony: PCV <\/li>\n<li>wymiary szer. x wys.: 18 x 8 mm <\/li>\n<li>mo\u017cliwo\u015b\u0107 przed\u0142u\u017cenia do ca\u0142kowitej d\u0142ugo\u015bci 150 m <\/li>\n<li>stopie\u0144 ochrony: IP65 <\/li>\n<li>\u0142\u0105cznie z pakietem mocuj\u0105cym <\/li>\n<li>mo\u017cna je elastycznie wygina\u0107 do promienia 40 mm<\/li>\n<\/ul>","protected":false},"featured_media":30280,"template":"","meta":{"inline_featured_image":false},"genre":[509],"product_cat":[547,563],"product_tag":[],"class_list":{"0":"post-30920","1":"product","2":"type-product","3":"status-publish","4":"has-post-thumbnail","6":"product_brand-as-schwabe-pl","7":"product_cat-oswietlenie-2-pl","8":"product_cat-tasmy-led-pl","10":"first","11":"instock","12":"shipping-taxable","13":"product-type-simple"},"aioseo_notices":[],"_links":{"self":[{"href":"https:\/\/as-schwabe.de\/pl\/wp-json\/wp\/v2\/product\/30920","targetHints":{"allow":["GET"]}}],"collection":[{"href":"https:\/\/as-schwabe.de\/pl\/wp-json\/wp\/v2\/product"}],"about":[{"href":"https:\/\/as-schwabe.de\/pl\/wp-json\/wp\/v2\/types\/product"}],"version-history":[{"count":0,"href":"https:\/\/as-schwabe.de\/pl\/wp-json\/wp\/v2\/product\/30920\/revisions"}],"wp:featuredmedia":[{"embeddable":true,"href":"https:\/\/as-schwabe.de\/pl\/wp-json\/wp\/v2\/media\/30280"}],"wp:attachment":[{"href":"https:\/\/as-schwabe.de\/pl\/wp-json\/wp\/v2\/media?parent=30920"}],"wp:term":[{"taxonomy":"product_brand","embeddable":true,"href":"https:\/\/as-schwabe.de\/pl\/wp-json\/wp\/v2\/genre?post=30920"},{"taxonomy":"product_cat","embeddable":true,"href":"https:\/\/as-schwabe.de\/pl\/wp-json\/wp\/v2\/product_cat?post=30920"},{"taxonomy":"product_tag","embeddable":true,"href":"https:\/\/as-schwabe.de\/pl\/wp-json\/wp\/v2\/product_tag?post=30920"}],"curies":[{"name":"wp","href":"https:\/\/api.w.org\/{rel}","templated":true}]}}