{"id":30919,"date":"2025-09-26T23:03:47","date_gmt":"2025-09-26T23:03:47","guid":{"rendered":"https:\/\/as-schwabe.de\/produkt\/statyw-bez-trawersu-46650\/"},"modified":"2025-10-23T00:15:08","modified_gmt":"2025-10-23T00:15:08","slug":"statyw-bez-trawersu-46650","status":"publish","type":"product","link":"https:\/\/as-schwabe.de\/pl\/produkt\/statyw-bez-trawersu-46650\/","title":{"rendered":"Statyw bez trawersu | 46650"},"content":{"rendered":"<p>Statyw bez trawersu to solidne rozwi\u0105zanie, kt\u00f3re \u0142\u0105czy w sobie wysok\u0105 jako\u015b\u0107 wykonania i funkcjonalno\u015b\u0107. Wykonany z materia\u0142\u00f3w malowanych proszkowo w intensywnym \u017c\u00f3\u0142tym kolorze, charakteryzuje si\u0119 nie tylko estetyk\u0105, ale i odporno\u015bci\u0105 na uszkodzenia. Dzi\u0119ki regulowanej wysoko\u015bci w zakresie od 1 m do 1,8 m oraz maksymalnej no\u015bno\u015bci do 6 kg, idealnie sprawdzi si\u0119 w r\u00f3\u017cnych zastosowaniach, takich jak sesje fotograficzne, prace monta\u017cowe czy prezentacje. Mocowanie M6 umo\u017cliwia \u0142atw\u0105 integracj\u0119 z r\u00f3\u017cnorodnymi urz\u0105dzeniami, co czyni ten statyw uniwersalnym narz\u0119dziem w ka\u017cdym warsztacie czy biurze. Wybieraj\u0105c ten produkt, zyskujesz niezawodno\u015b\u0107 i wygod\u0119 u\u017cytkowania w ka\u017cdej sytuacji.<\/p>","protected":false},"excerpt":{"rendered":"<div class=\"icons\" style=\"display: flex; flex-wrap: wrap; gap: 5px; align-items: center; margin-top: 10px;\"><img decoding=\"async\" src=\"https:\/\/as-schwabe.de\/wp-content\/uploads\/ikony\/znak_PB.png\" alt=\"\" width=\"50\" height=\"50\" \/><img decoding=\"async\" src=\"https:\/\/as-schwabe.de\/wp-content\/uploads\/ikony\/znak_Z.png\" alt=\"\" width=\"50\" height=\"50\" \/><img decoding=\"async\" src=\"https:\/\/as-schwabe.de\/wp-content\/uploads\/ikony\/znak_D.png\" alt=\"\" width=\"50\" height=\"50\" \/><\/div>\n<ul>\n<li>wysoka jako\u015b\u0107 wykonania <\/li>\n<li>malowany proszkowo <\/li>\n<li>bardzo dobra stabilno\u015b\u0107 dzi\u0119ki tr\u00f3jno\u017cnej ramie <\/li>\n<li>bezstopniowa regulacja wysoko\u015bci od 1 do 1,8 m <\/li>\n<li>z praktycznym nawijaczem kabla <\/li>\n<li>maks. no\u015bno\u015b\u0107 6 kg <\/li>\n<li>statyw bez trawersu<\/li>\n<\/ul>","protected":false},"featured_media":30276,"template":"","meta":{"inline_featured_image":false},"genre":[509],"product_cat":[547,562],"product_tag":[],"class_list":{"0":"post-30919","1":"product","2":"type-product","3":"status-publish","4":"has-post-thumbnail","6":"product_brand-as-schwabe-pl","7":"product_cat-oswietlenie-2-pl","8":"product_cat-statywy-2-pl","10":"first","11":"instock","12":"shipping-taxable","13":"product-type-simple"},"aioseo_notices":[],"_links":{"self":[{"href":"https:\/\/as-schwabe.de\/pl\/wp-json\/wp\/v2\/product\/30919","targetHints":{"allow":["GET"]}}],"collection":[{"href":"https:\/\/as-schwabe.de\/pl\/wp-json\/wp\/v2\/product"}],"about":[{"href":"https:\/\/as-schwabe.de\/pl\/wp-json\/wp\/v2\/types\/product"}],"version-history":[{"count":0,"href":"https:\/\/as-schwabe.de\/pl\/wp-json\/wp\/v2\/product\/30919\/revisions"}],"wp:featuredmedia":[{"embeddable":true,"href":"https:\/\/as-schwabe.de\/pl\/wp-json\/wp\/v2\/media\/30276"}],"wp:attachment":[{"href":"https:\/\/as-schwabe.de\/pl\/wp-json\/wp\/v2\/media?parent=30919"}],"wp:term":[{"taxonomy":"product_brand","embeddable":true,"href":"https:\/\/as-schwabe.de\/pl\/wp-json\/wp\/v2\/genre?post=30919"},{"taxonomy":"product_cat","embeddable":true,"href":"https:\/\/as-schwabe.de\/pl\/wp-json\/wp\/v2\/product_cat?post=30919"},{"taxonomy":"product_tag","embeddable":true,"href":"https:\/\/as-schwabe.de\/pl\/wp-json\/wp\/v2\/product_tag?post=30919"}],"curies":[{"name":"wp","href":"https:\/\/api.w.org\/{rel}","templated":true}]}}