{"id":30918,"date":"2025-09-26T23:03:47","date_gmt":"2025-09-26T23:03:47","guid":{"rendered":"https:\/\/as-schwabe.de\/produkt\/naswietlacz-chip-led-slimline-80-w-46480\/"},"modified":"2025-10-23T00:15:08","modified_gmt":"2025-10-23T00:15:08","slug":"naswietlacz-chip-led-slimline-80-w-46480","status":"publish","type":"product","link":"https:\/\/as-schwabe.de\/pl\/produkt\/naswietlacz-chip-led-slimline-80-w-46480\/","title":{"rendered":"Na\u015bwietlacz CHIP-LED Slimline 80 W &#8211; 8000 lm | 46480"},"content":{"rendered":"<p>Na\u015bwietlacz CHIP-LED Slimline 80 W to zaawansowane rozwi\u0105zanie o wysokiej efektywno\u015bci \u015bwietlnej, generuj\u0105ce 8000 lumen\u00f3w przy zaledwie 80 wat\u00f3w mocy, co daje 100 lm\/W. Wyposa\u017cony w diody LED firmy SAMSUNG, zapewnia doskona\u0142\u0105 jako\u015b\u0107 \u015bwiat\u0142a o temperaturze barwowej 4000K, idealn\u0105 do o\u015bwietlania przestrzeni zar\u00f3wno wewn\u0119trznych, jak i zewn\u0119trznych. Dzi\u0119ki smuk\u0142ej aluminiowej obudowie, na\u015bwietlacz nie tylko wyr\u00f3\u017cnia si\u0119 nowoczesnym designem, ale r\u00f3wnie\u017c charakteryzuje si\u0119 wysok\u0105 odporno\u015bci\u0105 na warunki atmosferyczne z certyfikatem IP65. K\u0105t rozsy\u0142u \u015bwiat\u0142a wynosz\u0105cy 120\u00b0 sprawia, \u017ce doskonale o\u015bwietla wi\u0119ksze obszary. Zastosowany przew\u00f3d zasilaj\u0105cy z wtyczk\u0105 IP44 H07RN-F o d\u0142ugo\u015bci 2 metr\u00f3w umo\u017cliwia \u0142atw\u0105 instalacj\u0119 w r\u00f3\u017cnych lokalizacjach. Wybieraj\u0105c na\u015bwietlacz Slimline, u\u017cytkownik zyskuje efektywne i trwa\u0142e \u017ar\u00f3d\u0142o \u015bwiat\u0142a, kt\u00f3re podnosi komfort i bezpiecze\u0144stwo w ka\u017cdej przestrzeni.<\/p>","protected":false},"excerpt":{"rendered":"<div class=\"icons\" style=\"display: flex; flex-wrap: wrap; gap: 5px; align-items: center; margin-top: 10px;\"><img decoding=\"async\" src=\"https:\/\/as-schwabe.de\/wp-content\/uploads\/ikony\/znak_CE.png\" alt=\"\" width=\"50\" height=\"50\" \/><img decoding=\"async\" src=\"https:\/\/as-schwabe.de\/wp-content\/uploads\/ikony\/znak_IP65.png\" alt=\"\" width=\"50\" height=\"50\" \/><img decoding=\"async\" src=\"https:\/\/as-schwabe.de\/wp-content\/uploads\/ikony\/znak_LED.png\" alt=\"\" width=\"50\" height=\"50\" \/><img loading=\"lazy\" decoding=\"async\" src=\"https:\/\/as-schwabe.de\/wp-content\/uploads\/ikony\/znak_PB.png\" alt=\"\" width=\"50\" height=\"50\" \/><img loading=\"lazy\" decoding=\"async\" src=\"https:\/\/as-schwabe.de\/wp-content\/uploads\/ikony\/znak_Z.png\" alt=\"\" width=\"50\" height=\"50\" \/><img loading=\"lazy\" decoding=\"async\" src=\"https:\/\/as-schwabe.de\/wp-content\/uploads\/ikony\/znak_D.png\" alt=\"\" width=\"50\" height=\"50\" \/><\/div>\n<ul>\n<li>specjalnie opracowana ORYGINALNA SAMSUNG SMD LED: \u017cywotno\u015b\u0107 ponad 50 000 h <\/li>\n<li>niezwykle smuk\u0142a, wzmocniona obudowa z odlewanego ci\u015bnieniowo aluminium o nowoczesnym wygl\u0105dzie <\/li>\n<li>na\u015bwietlacz mo\u017cna obraca\u0107 i blokowa\u0107 <\/li>\n<li>100 lm\/W <\/li>\n<li>k\u0105t rozsy\u0142u \u015bwiat\u0142a diody LED: 120\u00b0 <\/li>\n<li>pod\u0142\u0105czenie: 230 V, 50 &#8211; 60 Hz <\/li>\n<li>IP65: py\u0142oszczelny i chroniony przed strumieniami wody <\/li>\n<li>2 m przew\u00f3d neoprenowy H05RN-F 3G1,0 z wtyczk\u0105 z uziemieniem<\/li>\n<\/ul>","protected":false},"featured_media":30275,"template":"","meta":{"inline_featured_image":false},"genre":[509],"product_cat":[547,560],"product_tag":[],"class_list":{"0":"post-30918","1":"product","2":"type-product","3":"status-publish","4":"has-post-thumbnail","6":"product_brand-as-schwabe-pl","7":"product_cat-oswietlenie-2-pl","8":"product_cat-o-seria-naswietlaczy-slimline-pl","10":"first","11":"instock","12":"shipping-taxable","13":"product-type-simple"},"aioseo_notices":[],"_links":{"self":[{"href":"https:\/\/as-schwabe.de\/pl\/wp-json\/wp\/v2\/product\/30918","targetHints":{"allow":["GET"]}}],"collection":[{"href":"https:\/\/as-schwabe.de\/pl\/wp-json\/wp\/v2\/product"}],"about":[{"href":"https:\/\/as-schwabe.de\/pl\/wp-json\/wp\/v2\/types\/product"}],"version-history":[{"count":0,"href":"https:\/\/as-schwabe.de\/pl\/wp-json\/wp\/v2\/product\/30918\/revisions"}],"wp:featuredmedia":[{"embeddable":true,"href":"https:\/\/as-schwabe.de\/pl\/wp-json\/wp\/v2\/media\/30275"}],"wp:attachment":[{"href":"https:\/\/as-schwabe.de\/pl\/wp-json\/wp\/v2\/media?parent=30918"}],"wp:term":[{"taxonomy":"product_brand","embeddable":true,"href":"https:\/\/as-schwabe.de\/pl\/wp-json\/wp\/v2\/genre?post=30918"},{"taxonomy":"product_cat","embeddable":true,"href":"https:\/\/as-schwabe.de\/pl\/wp-json\/wp\/v2\/product_cat?post=30918"},{"taxonomy":"product_tag","embeddable":true,"href":"https:\/\/as-schwabe.de\/pl\/wp-json\/wp\/v2\/product_tag?post=30918"}],"curies":[{"name":"wp","href":"https:\/\/api.w.org\/{rel}","templated":true}]}}