{"id":30914,"date":"2025-09-26T23:03:44","date_gmt":"2025-09-26T23:03:44","guid":{"rendered":"https:\/\/as-schwabe.de\/produkt\/lampa-led-acculine-multi-40-w-46452\/"},"modified":"2025-10-23T00:15:05","modified_gmt":"2025-10-23T00:15:05","slug":"lampa-led-acculine-multi-40-w-46452","status":"publish","type":"product","link":"https:\/\/as-schwabe.de\/pl\/produkt\/lampa-led-acculine-multi-40-w-46452\/","title":{"rendered":"Lampa LED Acculine Multi 40 W &#8211; 5500 lm | 46452"},"content":{"rendered":"<p>Lampa LED Acculine Multi 40 W to wszechstronne urz\u0105dzenie akumulatorowe, kt\u00f3re zapewnia imponuj\u0105c\u0105 moc \u015bwietln\u0105 w pi\u0119ciu poziomach intensywno\u015bci (od 1100 do 5500 lm), co umo\u017cliwia dostosowanie o\u015bwietlenia do r\u00f3\u017cnych warunk\u00f3w pracy. Zastosowanie solidnej obudowy aluminiowej gwarantuje trwa\u0142o\u015b\u0107, a mo\u017cliwo\u015b\u0107 zasilania akumulatorami 14,4 V oraz 18 V r\u00f3\u017cnych producent\u00f3w, takich jak PANASONIC, MAKITA czy BOSCH, zapewnia du\u017c\u0105 elastyczno\u015b\u0107. Lampa dysponuje k\u0105cikiem rozsy\u0142u \u015bwiat\u0142a na poziomie 120\u00b0 oraz regulacj\u0105 k\u0105ta, co u\u0142atwia o\u015bwietlenie trudno dost\u0119pnych miejsc. Dzi\u0119ki funkcji power banku z wyj\u015bciem USB 5 V, 2 A, u\u017cytkownik ma mo\u017cliwo\u015b\u0107 \u0142adowania urz\u0105dze\u0144 mobilnych w terenie. Niezawodna i praktyczna, lampa Acculine Multi sprawdzi si\u0119 zar\u00f3wno podczas pracy na budowie, jak i w warsztacie.<\/p>","protected":false},"excerpt":{"rendered":"<div class=\"icons\" style=\"display: flex; flex-wrap: wrap; gap: 5px; align-items: center; margin-top: 10px;\"><img decoding=\"async\" src=\"https:\/\/as-schwabe.de\/wp-content\/uploads\/ikony\/znak_CE.png\" alt=\"\" width=\"50\" height=\"50\" \/><img decoding=\"async\" src=\"https:\/\/as-schwabe.de\/wp-content\/uploads\/ikony\/znak_LED.png\" alt=\"\" width=\"50\" height=\"50\" \/><img decoding=\"async\" src=\"https:\/\/as-schwabe.de\/wp-content\/uploads\/ikony\/znak_PB.png\" alt=\"\" width=\"50\" height=\"50\" \/><img loading=\"lazy\" decoding=\"async\" src=\"https:\/\/as-schwabe.de\/wp-content\/uploads\/ikony\/znak_Z.png\" alt=\"\" width=\"50\" height=\"50\" \/><img loading=\"lazy\" decoding=\"async\" src=\"https:\/\/as-schwabe.de\/wp-content\/uploads\/ikony\/znak_D.png\" alt=\"\" width=\"50\" height=\"50\" \/><\/div>\n<ul>\n<li>zestaw sk\u0142adaj\u0105cy si\u0119 z reflektora i trzech adapter\u00f3w: <\/li>\n<li>adapter 1: 5w1 do obs\u0142ugi standardowego akumulatora 14,4 V lub 18 V producent\u00f3w BOSCH Professional, MAKITA, PANASONIC, W\u00dcRTH i HIKOKI <\/li>\n<li>adapter 2: 4w1 do obs\u0142ugi standardowego akumulatora 14,4 V lub 18 V producent\u00f3w DEWALT, MILWAUKEE, METABO i FISCHER <\/li>\n<li>adapter 3: 4w1 do obs\u0142ugi standardowego akumulatora 14,4 V lub 18 V producent\u00f3w FLEX, FESTOOL, EINHELL i PARKSIDE <\/li>\n<li>akumulator nie jest do\u0142\u0105czony! <\/li>\n<li>solidna aluminiowa obudowa z silikonowym obramowaniem, odporno\u015b\u0107 na uderzenia IK08 <\/li>\n<li>panel sterowania typu soft-touch do prze\u0142\u0105czania poziom\u00f3w o\u015bwietlenia <\/li>\n<li>sze\u015b\u0107 poziom\u00f3w prze\u0142\u0105czania: 20% \/ 40% \/ 60% \/ 80% \/ 100% \/ wy\u0142\u0105czone <\/li>\n<li>wsp\u00f3\u0142czynnik oddawania barw: CRI > 85 <\/li>\n<li>k\u0105t rozsy\u0142u \u015bwiat\u0142a: 120\u00b0 <\/li>\n<li>wyj\u015bcie USB 5 V, 2 A mo\u017ce s\u0142u\u017cy\u0107 jako power bank <\/li>\n<li>du\u017cy uchwyt do przenoszenia, idealny do trzymania w r\u0119kawicach <\/li>\n<li>z dwoma rozk\u0142adanymi uchwytami do zawieszania na dolnej cz\u0119\u015bci <\/li>\n<li>z mocowaniem \u015brubowym M10 do monta\u017cu na stojakach<\/li>\n<\/ul>","protected":false},"featured_media":30259,"template":"","meta":{"inline_featured_image":false},"genre":[509],"product_cat":[547,561],"product_tag":[],"class_list":{"0":"post-30914","1":"product","2":"type-product","3":"status-publish","4":"has-post-thumbnail","6":"product_brand-as-schwabe-pl","7":"product_cat-oswietlenie-2-pl","8":"product_cat-o-seria-acculine-multi-pl","10":"first","11":"instock","12":"shipping-taxable","13":"product-type-simple"},"aioseo_notices":[],"_links":{"self":[{"href":"https:\/\/as-schwabe.de\/pl\/wp-json\/wp\/v2\/product\/30914","targetHints":{"allow":["GET"]}}],"collection":[{"href":"https:\/\/as-schwabe.de\/pl\/wp-json\/wp\/v2\/product"}],"about":[{"href":"https:\/\/as-schwabe.de\/pl\/wp-json\/wp\/v2\/types\/product"}],"version-history":[{"count":0,"href":"https:\/\/as-schwabe.de\/pl\/wp-json\/wp\/v2\/product\/30914\/revisions"}],"wp:featuredmedia":[{"embeddable":true,"href":"https:\/\/as-schwabe.de\/pl\/wp-json\/wp\/v2\/media\/30259"}],"wp:attachment":[{"href":"https:\/\/as-schwabe.de\/pl\/wp-json\/wp\/v2\/media?parent=30914"}],"wp:term":[{"taxonomy":"product_brand","embeddable":true,"href":"https:\/\/as-schwabe.de\/pl\/wp-json\/wp\/v2\/genre?post=30914"},{"taxonomy":"product_cat","embeddable":true,"href":"https:\/\/as-schwabe.de\/pl\/wp-json\/wp\/v2\/product_cat?post=30914"},{"taxonomy":"product_tag","embeddable":true,"href":"https:\/\/as-schwabe.de\/pl\/wp-json\/wp\/v2\/product_tag?post=30914"}],"curies":[{"name":"wp","href":"https:\/\/api.w.org\/{rel}","templated":true}]}}