{"id":30913,"date":"2025-09-26T23:03:43","date_gmt":"2025-09-26T23:03:43","guid":{"rendered":"https:\/\/as-schwabe.de\/produkt\/lampa-led-acculine-multi-a2-20-w-46451\/"},"modified":"2025-10-23T00:15:04","modified_gmt":"2025-10-23T00:15:04","slug":"lampa-led-acculine-multi-a2-20-w-46451","status":"publish","type":"product","link":"https:\/\/as-schwabe.de\/pl\/produkt\/lampa-led-acculine-multi-a2-20-w-46451\/","title":{"rendered":"Lampa LED na baterie Acculine Multi A2 DEWALT, MILWAUKEE, METABO FISCHER 20 W &#8211; 2600 lm | 46451"},"content":{"rendered":"<p>Lampa LED Acculine Multi A2 20 W to nowoczesne rozwi\u0105zanie o\u015bwietleniowe, idealne do zastosowa\u0144 w terenie oraz w warsztatach. Przystosowana do zasilania akumulatorami 14,4 V oraz 18 V renomowanych producent\u00f3w, takich jak DEWALT, MILWAUKEE, METABO i FISCHER, lampa oferuje du\u017c\u0105 elastyczno\u015b\u0107 i mobilno\u015b\u0107. Dzi\u0119ki solidnej aluminiowej obudowie i panelowi sterowania soft touch, u\u017cytkownicy mog\u0105 cieszy\u0107 si\u0119 nie tylko trwa\u0142o\u015bci\u0105, ale r\u00f3wnie\u017c wygod\u0105 obs\u0142ugi. Lampa dysponuje trzema poziomami \u015bwiecenia o mocy \u015bwietlnej 650, 1300 oraz 2600 lumen\u00f3w, co pozwala na dobranie optymalnego nat\u0119\u017cenia \u015bwiat\u0142a w zale\u017cno\u015bci od potrzeb. Dodatkowo, mo\u017ce pe\u0142ni\u0107 funkcj\u0119 power banku, dzi\u0119ki wyj\u015bciu USB 5 V, 1 A. Regulacja k\u0105ta oraz wbudowane magnesy w podstawie zapewniaj\u0105 \u0142atwo\u015b\u0107 monta\u017cu i stabilno\u015b\u0107 w ka\u017cdych warunkach.<\/p>","protected":false},"excerpt":{"rendered":"<div class=\"icons\" style=\"display: flex; flex-wrap: wrap; gap: 5px; align-items: center; margin-top: 10px;\"><img decoding=\"async\" src=\"https:\/\/as-schwabe.de\/wp-content\/uploads\/ikony\/znak_CE.png\" alt=\"\" width=\"50\" height=\"50\" \/><img decoding=\"async\" src=\"https:\/\/as-schwabe.de\/wp-content\/uploads\/ikony\/znak_LED.png\" alt=\"\" width=\"50\" height=\"50\" \/><img decoding=\"async\" src=\"https:\/\/as-schwabe.de\/wp-content\/uploads\/ikony\/znak_PB.png\" alt=\"\" width=\"50\" height=\"50\" \/><img loading=\"lazy\" decoding=\"async\" src=\"https:\/\/as-schwabe.de\/wp-content\/uploads\/ikony\/znak_Z.png\" alt=\"\" width=\"50\" height=\"50\" \/><img loading=\"lazy\" decoding=\"async\" src=\"https:\/\/as-schwabe.de\/wp-content\/uploads\/ikony\/znak_D.png\" alt=\"\" width=\"50\" height=\"50\" \/><\/div>\n<ul>\n<li>Lampa punktowa ze zintegrowanym adapterem do zasilania ze standardowego akumulatora 14,4 V lub 18 V r\u00f3\u017cnych producent\u00f3w <\/li>\n<li>solidna aluminiowa obudowa z silikonowym obramowaniem, odporno\u015b\u0107 na uderzenia IK08 <\/li>\n<li>panel sterowania typu soft-touch do prze\u0142\u0105czania poziom\u00f3w o\u015bwietlenia <\/li>\n<li>cztery poziomy prze\u0142\u0105czania: 25% \/ 50% \/ 100% \/ Wy\u0142 <\/li>\n<li>jasno\u015b\u0107: 650 \/ 1300 \/ 2600 lm (130 lm\/W) <\/li>\n<li>wsp\u00f3\u0142czynnik oddawania barw: CRI > 85 <\/li>\n<li>k\u0105t rozsy\u0142u \u015bwiat\u0142a: 60\u00b0 <\/li>\n<li>wyj\u015bcie USB 5 V, 1 A mo\u017ce s\u0142u\u017cy\u0107 jako power bank <\/li>\n<li>akumulator nie jest do\u0142\u0105czony! <\/li>\n<li>du\u017cy uchwyt do przenoszenia, idealny do trzymania w r\u0119kawicach <\/li>\n<li>z mocnymi magnesami do mocowania na metalowych powierzchniach i dwoma rozk\u0142adanymi uchwytami do zawieszania w dolnej cz\u0119\u015bci <\/li>\n<li>dedykowana do u\u017cycia z akumulatorami: DEWALT, MILWAUKEE, METABO i FISCHER<\/li>\n<\/ul>","protected":false},"featured_media":30249,"template":"","meta":{"inline_featured_image":false},"genre":[509],"product_cat":[547,561],"product_tag":[],"class_list":{"0":"post-30913","1":"product","2":"type-product","3":"status-publish","4":"has-post-thumbnail","6":"product_brand-as-schwabe-pl","7":"product_cat-oswietlenie-2-pl","8":"product_cat-o-seria-acculine-multi-pl","10":"first","11":"instock","12":"shipping-taxable","13":"product-type-simple"},"aioseo_notices":[],"_links":{"self":[{"href":"https:\/\/as-schwabe.de\/pl\/wp-json\/wp\/v2\/product\/30913","targetHints":{"allow":["GET"]}}],"collection":[{"href":"https:\/\/as-schwabe.de\/pl\/wp-json\/wp\/v2\/product"}],"about":[{"href":"https:\/\/as-schwabe.de\/pl\/wp-json\/wp\/v2\/types\/product"}],"version-history":[{"count":0,"href":"https:\/\/as-schwabe.de\/pl\/wp-json\/wp\/v2\/product\/30913\/revisions"}],"wp:featuredmedia":[{"embeddable":true,"href":"https:\/\/as-schwabe.de\/pl\/wp-json\/wp\/v2\/media\/30249"}],"wp:attachment":[{"href":"https:\/\/as-schwabe.de\/pl\/wp-json\/wp\/v2\/media?parent=30913"}],"wp:term":[{"taxonomy":"product_brand","embeddable":true,"href":"https:\/\/as-schwabe.de\/pl\/wp-json\/wp\/v2\/genre?post=30913"},{"taxonomy":"product_cat","embeddable":true,"href":"https:\/\/as-schwabe.de\/pl\/wp-json\/wp\/v2\/product_cat?post=30913"},{"taxonomy":"product_tag","embeddable":true,"href":"https:\/\/as-schwabe.de\/pl\/wp-json\/wp\/v2\/product_tag?post=30913"}],"curies":[{"name":"wp","href":"https:\/\/api.w.org\/{rel}","templated":true}]}}