{"id":30912,"date":"2025-09-26T23:03:42","date_gmt":"2025-09-26T23:03:42","guid":{"rendered":"https:\/\/as-schwabe.de\/produkt\/lampa-led-acculine-multi-a1-20-w-46450\/"},"modified":"2025-10-23T00:15:04","modified_gmt":"2025-10-23T00:15:04","slug":"lampa-led-acculine-multi-a1-20-w-46450","status":"publish","type":"product","link":"https:\/\/as-schwabe.de\/pl\/produkt\/lampa-led-acculine-multi-a1-20-w-46450\/","title":{"rendered":"Lampa LED na baterie Acculine Multi A1 BOSCH, MAKITA, PANASONIC, W\u00dcRTH HIKOKI 20 W &#8211; 2600 lm | 46450"},"content":{"rendered":"<p>Lampa LED Acculine Multi A1 o mocy 20 W to wydajne i wszechstronne \u017ar\u00f3d\u0142o \u015bwiat\u0142a, kt\u00f3re z powodzeniem sprawdzi si\u0119 w r\u00f3\u017cnych zastosowaniach, zar\u00f3wno w pracy, jak i w terenie. Dzi\u0119ki mo\u017cliwo\u015bci zasilania akumulatorami 14,4 V oraz 18 V renomowanych producent\u00f3w, takich jak PANASONIC, HIKOKI, MAKITA, BOSCH i W\u00dcRTH, lampa zapewnia elastyczno\u015b\u0107 u\u017cytkowania. Posiada solidn\u0105 aluminiow\u0105 obudow\u0119, panel sterowania soft touch oraz trzy poziomy mocy \u015bwietlnej (650, 1300, 2600 lm), co pozwala dostosowa\u0107 intensywno\u015b\u0107 o\u015bwietlenia do indywidualnych potrzeb. Dodatkowo, funkcjonalno\u015b\u0107 urz\u0105dzenia wzbogaca wyj\u015bcie USB 5 V, 1 A, umo\u017cliwiaj\u0105ce u\u017cycie lampy jako power banku. Dzi\u0119ki mo\u017cliwo\u015bci regulacji k\u0105ta i wbudowanym magnesom w podstawie, lampa Acculine Multi A1 to niezast\u0105piony towarzysz wsz\u0119dzie tam, gdzie potrzebujesz jasnego i mobilnego o\u015bwietlenia.<\/p>","protected":false},"excerpt":{"rendered":"<div class=\"icons\" style=\"display: flex; flex-wrap: wrap; gap: 5px; align-items: center; margin-top: 10px;\"><img decoding=\"async\" src=\"https:\/\/as-schwabe.de\/wp-content\/uploads\/ikony\/znak_CE.png\" alt=\"\" width=\"50\" height=\"50\" \/><img decoding=\"async\" src=\"https:\/\/as-schwabe.de\/wp-content\/uploads\/ikony\/znak_LED.png\" alt=\"\" width=\"50\" height=\"50\" \/><img decoding=\"async\" src=\"https:\/\/as-schwabe.de\/wp-content\/uploads\/ikony\/znak_PB.png\" alt=\"\" width=\"50\" height=\"50\" \/><img loading=\"lazy\" decoding=\"async\" src=\"https:\/\/as-schwabe.de\/wp-content\/uploads\/ikony\/znak_Z.png\" alt=\"\" width=\"50\" height=\"50\" \/><img loading=\"lazy\" decoding=\"async\" src=\"https:\/\/as-schwabe.de\/wp-content\/uploads\/ikony\/znak_D.png\" alt=\"\" width=\"50\" height=\"50\" \/><\/div>\n<ul>\n<li>Lampa punktowa ze zintegrowanym adapterem do zasilania ze standardowego akumulatora 14,4 V lub 18 V r\u00f3\u017cnych producent\u00f3w <\/li>\n<li>solidna aluminiowa obudowa z silikonowym obramowaniem, odporno\u015b\u0107 na uderzenia IK08 <\/li>\n<li>panel sterowania typu soft-touch do prze\u0142\u0105czania poziom\u00f3w o\u015bwietlenia <\/li>\n<li>cztery poziomy prze\u0142\u0105czania: 25% \/ 50% \/ 100% \/ Wy\u0142 <\/li>\n<li>jasno\u015b\u0107: 650 \/ 1300 \/ 2600 lm (130 lm\/W) <\/li>\n<li>wsp\u00f3\u0142czynnik oddawania barw: CRI > 85 <\/li>\n<li>k\u0105t rozsy\u0142u \u015bwiat\u0142a: 60\u00b0 <\/li>\n<li>wyj\u015bcie USB 5 V, 1 A mo\u017ce s\u0142u\u017cy\u0107 jako power bank <\/li>\n<li>akumulator nie jest do\u0142\u0105czony! <\/li>\n<li>du\u017cy uchwyt do przenoszenia, idealny do trzymania w r\u0119kawicach <\/li>\n<li>z mocnymi magnesami do mocowania na metalowych powierzchniach i dwoma rozk\u0142adanymi uchwytami do zawieszania w dolnej cz\u0119\u015bci <\/li>\n<li>dedykowana do u\u017cycia z akumulatorami: BOSCH Professional, MAKITA, PANASONIC, W\u00dcRTH i HIKOKI<\/li>\n<\/ul>","protected":false},"featured_media":30247,"template":"","meta":{"inline_featured_image":false},"genre":[509],"product_cat":[547,561],"product_tag":[],"class_list":{"0":"post-30912","1":"product","2":"type-product","3":"status-publish","4":"has-post-thumbnail","6":"product_brand-as-schwabe-pl","7":"product_cat-oswietlenie-2-pl","8":"product_cat-o-seria-acculine-multi-pl","10":"first","11":"instock","12":"shipping-taxable","13":"product-type-simple"},"aioseo_notices":[],"_links":{"self":[{"href":"https:\/\/as-schwabe.de\/pl\/wp-json\/wp\/v2\/product\/30912","targetHints":{"allow":["GET"]}}],"collection":[{"href":"https:\/\/as-schwabe.de\/pl\/wp-json\/wp\/v2\/product"}],"about":[{"href":"https:\/\/as-schwabe.de\/pl\/wp-json\/wp\/v2\/types\/product"}],"version-history":[{"count":0,"href":"https:\/\/as-schwabe.de\/pl\/wp-json\/wp\/v2\/product\/30912\/revisions"}],"wp:featuredmedia":[{"embeddable":true,"href":"https:\/\/as-schwabe.de\/pl\/wp-json\/wp\/v2\/media\/30247"}],"wp:attachment":[{"href":"https:\/\/as-schwabe.de\/pl\/wp-json\/wp\/v2\/media?parent=30912"}],"wp:term":[{"taxonomy":"product_brand","embeddable":true,"href":"https:\/\/as-schwabe.de\/pl\/wp-json\/wp\/v2\/genre?post=30912"},{"taxonomy":"product_cat","embeddable":true,"href":"https:\/\/as-schwabe.de\/pl\/wp-json\/wp\/v2\/product_cat?post=30912"},{"taxonomy":"product_tag","embeddable":true,"href":"https:\/\/as-schwabe.de\/pl\/wp-json\/wp\/v2\/product_tag?post=30912"}],"curies":[{"name":"wp","href":"https:\/\/api.w.org\/{rel}","templated":true}]}}