{"id":30911,"date":"2025-09-26T23:03:42","date_gmt":"2025-09-26T23:03:42","guid":{"rendered":"https:\/\/as-schwabe.de\/produkt\/przenosny-naswietlacz-chip-led-slimline-50-w-46429\/"},"modified":"2025-10-23T00:15:00","modified_gmt":"2025-10-23T00:15:00","slug":"przenosny-naswietlacz-chip-led-slimline-50-w-46429","status":"publish","type":"product","link":"https:\/\/as-schwabe.de\/pl\/produkt\/przenosny-naswietlacz-chip-led-slimline-50-w-46429\/","title":{"rendered":"Przeno\u015bny na\u015bwietlacz CHIP-LED Slimline 50 W &#8211; 4250 lm | 46429"},"content":{"rendered":"<p>Przeno\u015bny na\u015bwietlacz CHIP-LED Slimline 50 W to doskona\u0142e rozwi\u0105zanie dla profesjonalist\u00f3w i amator\u00f3w, kt\u00f3rzy potrzebuj\u0105 efektywnego o\u015bwietlenia w trudnych warunkach. Dzi\u0119ki mocy \u015bwietlnej 4250 lm oraz wysokiej efektywno\u015bci na poziomie 85 lm\/W, zapewnia doskona\u0142e o\u015bwietlenie przestrzeni. Jego k\u0105t rozsy\u0142u \u015bwiat\u0142a wynosz\u0105cy 120\u00b0 oraz temperatura barwowa 4000K sprawiaj\u0105, \u017ce doskonale sprawdzi si\u0119 w r\u00f3\u017cnych zastosowaniach, od bud\u00f3w po eventy na \u015bwie\u017cym powietrzu. Solidna obudowa aluminiowa oraz metalowa rama stela\u017cu zapewniaj\u0105 trwa\u0142o\u015b\u0107 i stabilno\u015b\u0107, a dodatkowe akcesoria, takie jak wymienne szk\u0142o zabezpieczaj\u0105ce oraz kratka ochronna, podnosz\u0105 jego funkcjonalno\u015b\u0107. Wyposa\u017cony w 2 gniazda z klapk\u0105 i uziemieniem, na\u015bwietlacz gwarantuje wygod\u0119 u\u017cytkowania i bezpiecze\u0144stwo. Klasa ochrony IP44 zapewnia odporno\u015b\u0107 na dzia\u0142anie py\u0142u i kropli wody, co czyni go idealnym wyborem do u\u017cytku zewn\u0119trznego.<\/p>","protected":false},"excerpt":{"rendered":"<div class=\"icons\" style=\"display: flex; flex-wrap: wrap; gap: 5px; align-items: center; margin-top: 10px;\"><img decoding=\"async\" src=\"https:\/\/as-schwabe.de\/wp-content\/uploads\/ikony\/znak_CE.png\" alt=\"\" width=\"50\" height=\"50\" \/><img decoding=\"async\" src=\"https:\/\/as-schwabe.de\/wp-content\/uploads\/ikony\/znak_IP44.png\" alt=\"\" width=\"50\" height=\"50\" \/><img decoding=\"async\" src=\"https:\/\/as-schwabe.de\/wp-content\/uploads\/ikony\/znak_LED.png\" alt=\"\" width=\"50\" height=\"50\" \/><img loading=\"lazy\" decoding=\"async\" src=\"https:\/\/as-schwabe.de\/wp-content\/uploads\/ikony\/znak_PB.png\" alt=\"\" width=\"50\" height=\"50\" \/><img loading=\"lazy\" decoding=\"async\" src=\"https:\/\/as-schwabe.de\/wp-content\/uploads\/ikony\/znak_Z.png\" alt=\"\" width=\"50\" height=\"50\" \/><img loading=\"lazy\" decoding=\"async\" src=\"https:\/\/as-schwabe.de\/wp-content\/uploads\/ikony\/znak_D.png\" alt=\"\" width=\"50\" height=\"50\" \/><\/div>\n<ul>\n<li>3 m przew\u00f3d neoprenowy H07RN-F 3G1,5 z wtyczk\u0105 z uziemieniem <\/li>\n<li>2x gniazdo z uziemieniem z klapkami uchylnymi z ty\u0142u urz\u0105dzenia <\/li>\n<li>IP44: chroniony przed cia\u0142ami obcymi i bryzgami wody<\/li>\n<\/ul>","protected":false},"featured_media":30246,"template":"","meta":{"inline_featured_image":false},"genre":[509],"product_cat":[547,560],"product_tag":[],"class_list":{"0":"post-30911","1":"product","2":"type-product","3":"status-publish","4":"has-post-thumbnail","6":"product_brand-as-schwabe-pl","7":"product_cat-oswietlenie-2-pl","8":"product_cat-o-seria-naswietlaczy-slimline-pl","10":"first","11":"instock","12":"shipping-taxable","13":"product-type-simple"},"aioseo_notices":[],"_links":{"self":[{"href":"https:\/\/as-schwabe.de\/pl\/wp-json\/wp\/v2\/product\/30911","targetHints":{"allow":["GET"]}}],"collection":[{"href":"https:\/\/as-schwabe.de\/pl\/wp-json\/wp\/v2\/product"}],"about":[{"href":"https:\/\/as-schwabe.de\/pl\/wp-json\/wp\/v2\/types\/product"}],"version-history":[{"count":0,"href":"https:\/\/as-schwabe.de\/pl\/wp-json\/wp\/v2\/product\/30911\/revisions"}],"wp:featuredmedia":[{"embeddable":true,"href":"https:\/\/as-schwabe.de\/pl\/wp-json\/wp\/v2\/media\/30246"}],"wp:attachment":[{"href":"https:\/\/as-schwabe.de\/pl\/wp-json\/wp\/v2\/media?parent=30911"}],"wp:term":[{"taxonomy":"product_brand","embeddable":true,"href":"https:\/\/as-schwabe.de\/pl\/wp-json\/wp\/v2\/genre?post=30911"},{"taxonomy":"product_cat","embeddable":true,"href":"https:\/\/as-schwabe.de\/pl\/wp-json\/wp\/v2\/product_cat?post=30911"},{"taxonomy":"product_tag","embeddable":true,"href":"https:\/\/as-schwabe.de\/pl\/wp-json\/wp\/v2\/product_tag?post=30911"}],"curies":[{"name":"wp","href":"https:\/\/api.w.org\/{rel}","templated":true}]}}