{"id":30910,"date":"2025-09-26T23:03:41","date_gmt":"2025-09-26T23:03:41","guid":{"rendered":"https:\/\/as-schwabe.de\/produkt\/przenosny-naswietlacz-chip-led-slimline-80-w-46428\/"},"modified":"2025-10-23T00:14:59","modified_gmt":"2025-10-23T00:14:59","slug":"przenosny-naswietlacz-chip-led-slimline-80-w-46428","status":"publish","type":"product","link":"https:\/\/as-schwabe.de\/pl\/produkt\/przenosny-naswietlacz-chip-led-slimline-80-w-46428\/","title":{"rendered":"Przeno\u015bny na\u015bwietlacz CHIP-LED Slimline 80 W &#8211; 6800 lm | 46428"},"content":{"rendered":"<p>Przeno\u015bny na\u015bwietlacz CHIP-LED Slimline 80 W to wydajne \u017ar\u00f3d\u0142o \u015bwiat\u0142a, kt\u00f3re idealnie sprawdzi si\u0119 w r\u00f3\u017cnych zastosowaniach, zar\u00f3wno wewn\u0119trznych, jak i zewn\u0119trznych. Dzi\u0119ki mocy \u015bwietlnej wynosz\u0105cej 6800 lm oraz efektywno\u015bci 85 lm\/W, zapewnia doskona\u0142\u0105 widoczno\u015b\u0107 przy jednocze\u015bnie niskim zu\u017cyciu energii. K\u0105t rozsy\u0142u \u015bwiat\u0142a wynosz\u0105cy 120\u00b0 oraz barwa \u015bwiat\u0142a 4000K sprzyjaj\u0105 r\u00f3wnomiernemu o\u015bwietleniu przestrzeni, co czyni go idealnym do pracy oraz na placach budowy. Solidna aluminiowa obudowa i metalowa rama z uchwytem gwarantuj\u0105 wysok\u0105 odporno\u015b\u0107 na uszkodzenia mechaniczne, a dodatkowe akcesoria, jak wymienne szk\u0142o zabezpieczaj\u0105ce i kratka ochronna, zwi\u0119kszaj\u0105 jego funkcjonalno\u015b\u0107. Wyposa\u017cony w dwa gniazda 230 V z uziemieniem, na\u015bwietlacz umo\u017cliwia \u0142atw\u0105 i bezpieczn\u0105 obs\u0142ug\u0119 kilku urz\u0105dze\u0144 jednocze\u015bnie. Klasa ochrony IP44 zapewnia odporno\u015b\u0107 na wilgo\u0107 i py\u0142, co czyni go niezawodnym rozwi\u0105zaniem w ka\u017cdych warunkach.<\/p>","protected":false},"excerpt":{"rendered":"<div class=\"icons\" style=\"display: flex; flex-wrap: wrap; gap: 5px; align-items: center; margin-top: 10px;\"><img decoding=\"async\" src=\"https:\/\/as-schwabe.de\/wp-content\/uploads\/ikony\/znak_CE.png\" alt=\"\" width=\"50\" height=\"50\" \/><img decoding=\"async\" src=\"https:\/\/as-schwabe.de\/wp-content\/uploads\/ikony\/znak_IP44.png\" alt=\"\" width=\"50\" height=\"50\" \/><img decoding=\"async\" src=\"https:\/\/as-schwabe.de\/wp-content\/uploads\/ikony\/znak_LED.png\" alt=\"\" width=\"50\" height=\"50\" \/><img loading=\"lazy\" decoding=\"async\" src=\"https:\/\/as-schwabe.de\/wp-content\/uploads\/ikony\/znak_PB.png\" alt=\"\" width=\"50\" height=\"50\" \/><img loading=\"lazy\" decoding=\"async\" src=\"https:\/\/as-schwabe.de\/wp-content\/uploads\/ikony\/znak_Z.png\" alt=\"\" width=\"50\" height=\"50\" \/><img loading=\"lazy\" decoding=\"async\" src=\"https:\/\/as-schwabe.de\/wp-content\/uploads\/ikony\/znak_D.png\" alt=\"\" width=\"50\" height=\"50\" \/><\/div>\n<ul>\n<li>3 m przew\u00f3d neoprenowy H07RN-F 3G1,5 z wtyczk\u0105 z uziemieniem <\/li>\n<li>2x gniazdo z uziemieniem z klapkami uchylnymi z ty\u0142u urz\u0105dzenia <\/li>\n<li>IP44: chroniony przed cia\u0142ami obcymi i bryzgami wody<\/li>\n<\/ul>","protected":false},"featured_media":30242,"template":"","meta":{"inline_featured_image":false},"genre":[509],"product_cat":[547,560],"product_tag":[],"class_list":{"0":"post-30910","1":"product","2":"type-product","3":"status-publish","4":"has-post-thumbnail","6":"product_brand-as-schwabe-pl","7":"product_cat-oswietlenie-2-pl","8":"product_cat-o-seria-naswietlaczy-slimline-pl","10":"first","11":"instock","12":"shipping-taxable","13":"product-type-simple"},"aioseo_notices":[],"_links":{"self":[{"href":"https:\/\/as-schwabe.de\/pl\/wp-json\/wp\/v2\/product\/30910","targetHints":{"allow":["GET"]}}],"collection":[{"href":"https:\/\/as-schwabe.de\/pl\/wp-json\/wp\/v2\/product"}],"about":[{"href":"https:\/\/as-schwabe.de\/pl\/wp-json\/wp\/v2\/types\/product"}],"version-history":[{"count":0,"href":"https:\/\/as-schwabe.de\/pl\/wp-json\/wp\/v2\/product\/30910\/revisions"}],"wp:featuredmedia":[{"embeddable":true,"href":"https:\/\/as-schwabe.de\/pl\/wp-json\/wp\/v2\/media\/30242"}],"wp:attachment":[{"href":"https:\/\/as-schwabe.de\/pl\/wp-json\/wp\/v2\/media?parent=30910"}],"wp:term":[{"taxonomy":"product_brand","embeddable":true,"href":"https:\/\/as-schwabe.de\/pl\/wp-json\/wp\/v2\/genre?post=30910"},{"taxonomy":"product_cat","embeddable":true,"href":"https:\/\/as-schwabe.de\/pl\/wp-json\/wp\/v2\/product_cat?post=30910"},{"taxonomy":"product_tag","embeddable":true,"href":"https:\/\/as-schwabe.de\/pl\/wp-json\/wp\/v2\/product_tag?post=30910"}],"curies":[{"name":"wp","href":"https:\/\/api.w.org\/{rel}","templated":true}]}}