{"id":30909,"date":"2025-09-26T23:03:40","date_gmt":"2025-09-26T23:03:40","guid":{"rendered":"https:\/\/as-schwabe.de\/produkt\/przenosny-naswietlacz-chip-led-slimline-20-w-46426\/"},"modified":"2025-10-23T00:14:59","modified_gmt":"2025-10-23T00:14:59","slug":"przenosny-naswietlacz-chip-led-slimline-20-w-46426","status":"publish","type":"product","link":"https:\/\/as-schwabe.de\/pl\/produkt\/przenosny-naswietlacz-chip-led-slimline-20-w-46426\/","title":{"rendered":"Przeno\u015bny na\u015bwietlacz CHIP-LED Slimline 20 W &#8211; 1700 lm | 46426"},"content":{"rendered":"<p>Przeno\u015bny na\u015bwietlacz CHIP-LED Slimline o mocy 20 W to doskona\u0142e rozwi\u0105zanie dla os\u00f3b poszukuj\u0105cych wysokiej jako\u015bci o\u015bwietlenia w r\u00f3\u017cnych warunkach. Emituj\u0105c \u015bwiat\u0142o o jasno\u015bci 1700 lm przy efektywno\u015bci 85 lm\/W oraz temperaturze barwowej 4000K, zapewnia optymalne warunki o\u015bwietleniowe w ka\u017cdym miejscu. Dzi\u0119ki solidnej aluminiowej obudowie oraz metalowej ramie stela\u017cu z uchwytem, urz\u0105dzenie jest nie tylko trwa\u0142e, ale tak\u017ce \u0142atwe w transportowaniu i monta\u017cu. K\u0105t rozsy\u0142u \u015bwiat\u0142a wynosz\u0105cy 120\u00b0 sprawia, \u017ce idealnie sprawdzi si\u0119 w o\u015bwietlaniu du\u017cych powierzchni. Dodatkowo, na\u015bwietlacz jest zabezpieczony szk\u0142em ochronnym i kratk\u0105, a wysoka klasa szczelno\u015bci IP65 zapewnia odporno\u015b\u0107 na dzia\u0142anie wody i py\u0142u, co czyni go idealnym rozwi\u0105zaniem do zastosowa\u0144 zewn\u0119trznych. Produkt z diodami SAMSUNG LED gwarantuje d\u0142ug\u0105 \u017cywotno\u015b\u0107 oraz efektywno\u015b\u0107 energetyczn\u0105.<\/p>","protected":false},"excerpt":{"rendered":"<div class=\"icons\" style=\"display: flex; flex-wrap: wrap; gap: 5px; align-items: center; margin-top: 10px;\"><img decoding=\"async\" src=\"https:\/\/as-schwabe.de\/wp-content\/uploads\/ikony\/znak_CE.png\" alt=\"\" width=\"50\" height=\"50\" \/><img decoding=\"async\" src=\"https:\/\/as-schwabe.de\/wp-content\/uploads\/ikony\/znak_IP65.png\" alt=\"\" width=\"50\" height=\"50\" \/><img decoding=\"async\" src=\"https:\/\/as-schwabe.de\/wp-content\/uploads\/ikony\/znak_LED.png\" alt=\"\" width=\"50\" height=\"50\" \/><img loading=\"lazy\" decoding=\"async\" src=\"https:\/\/as-schwabe.de\/wp-content\/uploads\/ikony\/znak_PB.png\" alt=\"\" width=\"50\" height=\"50\" \/><img loading=\"lazy\" decoding=\"async\" src=\"https:\/\/as-schwabe.de\/wp-content\/uploads\/ikony\/znak_Z.png\" alt=\"\" width=\"50\" height=\"50\" \/><img loading=\"lazy\" decoding=\"async\" src=\"https:\/\/as-schwabe.de\/wp-content\/uploads\/ikony\/znak_D.png\" alt=\"\" width=\"50\" height=\"50\" \/><\/div>\n<ul>\n<li>stabilna rama z ergonomicznym uchwytem z tworzywa sztucznego <\/li>\n<li>\u015bruba regulacyjna z du\u017cym, por\u0119cznym uchwytem gwiazdkowym <\/li>\n<li>2 m przew\u00f3d neoprenowy H05RN-F 3G1,0 z wtyczk\u0105 z uziemieniem <\/li>\n<li>IP65: py\u0142oszczelny i bryzgoszczelny<\/li>\n<\/ul>","protected":false},"featured_media":30239,"template":"","meta":{"inline_featured_image":false},"genre":[509],"product_cat":[547,560],"product_tag":[],"class_list":{"0":"post-30909","1":"product","2":"type-product","3":"status-publish","4":"has-post-thumbnail","6":"product_brand-as-schwabe-pl","7":"product_cat-oswietlenie-2-pl","8":"product_cat-o-seria-naswietlaczy-slimline-pl","10":"first","11":"instock","12":"shipping-taxable","13":"product-type-simple"},"aioseo_notices":[],"_links":{"self":[{"href":"https:\/\/as-schwabe.de\/pl\/wp-json\/wp\/v2\/product\/30909","targetHints":{"allow":["GET"]}}],"collection":[{"href":"https:\/\/as-schwabe.de\/pl\/wp-json\/wp\/v2\/product"}],"about":[{"href":"https:\/\/as-schwabe.de\/pl\/wp-json\/wp\/v2\/types\/product"}],"version-history":[{"count":0,"href":"https:\/\/as-schwabe.de\/pl\/wp-json\/wp\/v2\/product\/30909\/revisions"}],"wp:featuredmedia":[{"embeddable":true,"href":"https:\/\/as-schwabe.de\/pl\/wp-json\/wp\/v2\/media\/30239"}],"wp:attachment":[{"href":"https:\/\/as-schwabe.de\/pl\/wp-json\/wp\/v2\/media?parent=30909"}],"wp:term":[{"taxonomy":"product_brand","embeddable":true,"href":"https:\/\/as-schwabe.de\/pl\/wp-json\/wp\/v2\/genre?post=30909"},{"taxonomy":"product_cat","embeddable":true,"href":"https:\/\/as-schwabe.de\/pl\/wp-json\/wp\/v2\/product_cat?post=30909"},{"taxonomy":"product_tag","embeddable":true,"href":"https:\/\/as-schwabe.de\/pl\/wp-json\/wp\/v2\/product_tag?post=30909"}],"curies":[{"name":"wp","href":"https:\/\/api.w.org\/{rel}","templated":true}]}}