{"id":30908,"date":"2025-09-26T23:03:40","date_gmt":"2025-09-26T23:03:40","guid":{"rendered":"https:\/\/as-schwabe.de\/produkt\/naswietlacz-chip-led-slimline-20-w-46425\/"},"modified":"2025-10-23T00:14:59","modified_gmt":"2025-10-23T00:14:59","slug":"naswietlacz-chip-led-slimline-20-w-46425","status":"publish","type":"product","link":"https:\/\/as-schwabe.de\/pl\/produkt\/naswietlacz-chip-led-slimline-20-w-46425\/","title":{"rendered":"Na\u015bwietlacz CHIP-LED Slimline 20 W &#8211; 2000 lm | 46425"},"content":{"rendered":"<p>Na\u015bwietlacz CHIP-LED Slimline 20 W to wydajne \u017ar\u00f3d\u0142o \u015bwiat\u0142a, idealne do o\u015bwietlenia przestrzeni zewn\u0119trznych oraz wewn\u0119trznych. Charakteryzuje si\u0119 moc\u0105 \u015bwietln\u0105 2000 lm, co przek\u0142ada si\u0119 na efektywno\u015b\u0107 100 lm\/W oraz k\u0105t rozsy\u0142u \u015bwiat\u0142a wynosz\u0105cy 120\u00b0, zapewniaj\u0105c r\u00f3wnomierne o\u015bwietlenie du\u017cych powierzchni. Wykonany z trwa\u0142ej aluminiowej obudowy, na\u015bwietlacz wyposa\u017cony jest w diod\u0119 SAMSUNG LED o temperaturze barwowej 4000K, co gwarantuje naturalne i przyjemne \u015bwiat\u0142o. Dzi\u0119ki klasie ochrony IP65, produkt jest odporny na wp\u0142yw warunk\u00f3w atmosferycznych, co sprawia, \u017ce doskonale sprawdzi si\u0119 w trudnych warunkach zewn\u0119trznych. Z zastosowaniem przewodu zasilaj\u0105cego H05RN-F o d\u0142ugo\u015bci 2 m, na\u015bwietlacz jest \u0142atwy w monta\u017cu i u\u017cytkowaniu.<\/p>","protected":false},"excerpt":{"rendered":"<div class=\"icons\" style=\"display: flex; flex-wrap: wrap; gap: 5px; align-items: center; margin-top: 10px;\"><img decoding=\"async\" src=\"https:\/\/as-schwabe.de\/wp-content\/uploads\/ikony\/znak_CE.png\" alt=\"\" width=\"50\" height=\"50\" \/><img decoding=\"async\" src=\"https:\/\/as-schwabe.de\/wp-content\/uploads\/ikony\/znak_IP65.png\" alt=\"\" width=\"50\" height=\"50\" \/><img decoding=\"async\" src=\"https:\/\/as-schwabe.de\/wp-content\/uploads\/ikony\/znak_LED.png\" alt=\"\" width=\"50\" height=\"50\" \/><img loading=\"lazy\" decoding=\"async\" src=\"https:\/\/as-schwabe.de\/wp-content\/uploads\/ikony\/znak_PB.png\" alt=\"\" width=\"50\" height=\"50\" \/><img loading=\"lazy\" decoding=\"async\" src=\"https:\/\/as-schwabe.de\/wp-content\/uploads\/ikony\/znak_Z.png\" alt=\"\" width=\"50\" height=\"50\" \/><img loading=\"lazy\" decoding=\"async\" src=\"https:\/\/as-schwabe.de\/wp-content\/uploads\/ikony\/znak_D.png\" alt=\"\" width=\"50\" height=\"50\" \/><\/div>\n<ul>\n<li>specjalnie opracowana ORYGINALNA SAMSUNG SMD LED: \u017cywotno\u015b\u0107 ponad 50 000 h <\/li>\n<li>niezwykle smuk\u0142a, wzmocniona obudowa z odlewanego ci\u015bnieniowo aluminium o nowoczesnym wygl\u0105dzie <\/li>\n<li>na\u015bwietlacz mo\u017cna obraca\u0107 i blokowa\u0107 <\/li>\n<li>100 lm\/W <\/li>\n<li>k\u0105t rozsy\u0142u \u015bwiat\u0142a diody LED: 120\u00b0 <\/li>\n<li>pod\u0142\u0105czenie: 230 V, 50 &#8211; 60 Hz <\/li>\n<li>IP65: py\u0142oszczelny i chroniony przed strumieniami wody <\/li>\n<li>2 m przew\u00f3d neoprenowy H05RN-F 3G1,0 z wtyczk\u0105 z uziemieniem<\/li>\n<\/ul>","protected":false},"featured_media":30238,"template":"","meta":{"inline_featured_image":false},"genre":[509],"product_cat":[547,560],"product_tag":[],"class_list":{"0":"post-30908","1":"product","2":"type-product","3":"status-publish","4":"has-post-thumbnail","6":"product_brand-as-schwabe-pl","7":"product_cat-oswietlenie-2-pl","8":"product_cat-o-seria-naswietlaczy-slimline-pl","10":"first","11":"instock","12":"shipping-taxable","13":"product-type-simple"},"aioseo_notices":[],"_links":{"self":[{"href":"https:\/\/as-schwabe.de\/pl\/wp-json\/wp\/v2\/product\/30908","targetHints":{"allow":["GET"]}}],"collection":[{"href":"https:\/\/as-schwabe.de\/pl\/wp-json\/wp\/v2\/product"}],"about":[{"href":"https:\/\/as-schwabe.de\/pl\/wp-json\/wp\/v2\/types\/product"}],"version-history":[{"count":0,"href":"https:\/\/as-schwabe.de\/pl\/wp-json\/wp\/v2\/product\/30908\/revisions"}],"wp:featuredmedia":[{"embeddable":true,"href":"https:\/\/as-schwabe.de\/pl\/wp-json\/wp\/v2\/media\/30238"}],"wp:attachment":[{"href":"https:\/\/as-schwabe.de\/pl\/wp-json\/wp\/v2\/media?parent=30908"}],"wp:term":[{"taxonomy":"product_brand","embeddable":true,"href":"https:\/\/as-schwabe.de\/pl\/wp-json\/wp\/v2\/genre?post=30908"},{"taxonomy":"product_cat","embeddable":true,"href":"https:\/\/as-schwabe.de\/pl\/wp-json\/wp\/v2\/product_cat?post=30908"},{"taxonomy":"product_tag","embeddable":true,"href":"https:\/\/as-schwabe.de\/pl\/wp-json\/wp\/v2\/product_tag?post=30908"}],"curies":[{"name":"wp","href":"https:\/\/api.w.org\/{rel}","templated":true}]}}