{"id":30907,"date":"2025-09-26T23:03:39","date_gmt":"2025-09-26T23:03:39","guid":{"rendered":"https:\/\/as-schwabe.de\/produkt\/naswietlacz-chip-led-slimline-10-w-z-czujnikiem-ruchu-46416\/"},"modified":"2025-10-23T00:14:57","modified_gmt":"2025-10-23T00:14:57","slug":"naswietlacz-chip-led-slimline-10-w-z-czujnikiem-ruchu-46416","status":"publish","type":"product","link":"https:\/\/as-schwabe.de\/pl\/produkt\/naswietlacz-chip-led-slimline-10-w-z-czujnikiem-ruchu-46416\/","title":{"rendered":"Na\u015bwietlacz CHIP-LED Slimline 10 W z czujnikiem ruchu &#8211; 1000 lm | 46416"},"content":{"rendered":"<p>Na\u015bwietlacz CHIP-LED Slimline 10 W z czujnikiem ruchu to nowoczesne rozwi\u0105zanie o wyj\u0105tkowo smuk\u0142ej konstrukcji, idealne do o\u015bwietlenia przestrzeni zewn\u0119trznych i wewn\u0119trznych. Dzi\u0119ki mocy \u015bwietlnej wynosz\u0105cej 1000 lumen\u00f3w oraz efektywno\u015bci 100 lm\/W, zapewnia jasne, u\u0142atwiaj\u0105ce widoczno\u015b\u0107 \u015bwiat\u0142o o temperaturze barwowej 4000K. Obudowa wykonana z aluminium gwarantuje trwa\u0142o\u015b\u0107 i odporno\u015b\u0107 na warunki atmosferyczne, a stopie\u0144 ochrony IP44 sprawia, \u017ce urz\u0105dzenie jest odpowiednie do u\u017cytku na zewn\u0105trz. Zintegrowany czujnik ruchu z k\u0105tem detekcji 120\u00b0 oraz mo\u017cliwo\u015b\u0107 regulacji czasu \u015bwiecenia, czu\u0142o\u015bci i punktu zmierzchu, pozwala na dostosowanie jego dzia\u0142ania do indywidualnych potrzeb u\u017cytkownik\u00f3w. Dzi\u0119ki zastosowaniu diod SAMSUNG LED, na\u015bwietlacz zapewnia nie tylko wysok\u0105 jako\u015b\u0107 \u015bwiat\u0142a, ale tak\u017ce d\u0142ug\u0105 \u017cywotno\u015b\u0107.<\/p>","protected":false},"excerpt":{"rendered":"<div class=\"icons\" style=\"display: flex; flex-wrap: wrap; gap: 5px; align-items: center; margin-top: 10px;\"><img decoding=\"async\" src=\"https:\/\/as-schwabe.de\/wp-content\/uploads\/ikony\/znak_CE.png\" alt=\"\" width=\"50\" height=\"50\" \/><img decoding=\"async\" src=\"https:\/\/as-schwabe.de\/wp-content\/uploads\/ikony\/znak_IP44.png\" alt=\"\" width=\"50\" height=\"50\" \/><img decoding=\"async\" src=\"https:\/\/as-schwabe.de\/wp-content\/uploads\/ikony\/znak_LED.png\" alt=\"\" width=\"50\" height=\"50\" \/><img loading=\"lazy\" decoding=\"async\" src=\"https:\/\/as-schwabe.de\/wp-content\/uploads\/ikony\/znak_PB.png\" alt=\"\" width=\"50\" height=\"50\" \/><img loading=\"lazy\" decoding=\"async\" src=\"https:\/\/as-schwabe.de\/wp-content\/uploads\/ikony\/znak_Z.png\" alt=\"\" width=\"50\" height=\"50\" \/><img loading=\"lazy\" decoding=\"async\" src=\"https:\/\/as-schwabe.de\/wp-content\/uploads\/ikony\/znak_D.png\" alt=\"\" width=\"50\" height=\"50\" \/><\/div>\n<ul>\n<li>specjalnie opracowana ORYGINALNA SAMSUNG SMD LED: \u017cywotno\u015b\u0107 ponad 50 000 h <\/li>\n<li>niezwykle smuk\u0142a, wzmocniona obudowa z odlewanego ci\u015bnieniowo aluminium o nowoczesnym wygl\u0105dzie <\/li>\n<li>na\u015bwietlacz mo\u017cna obraca\u0107 i blokowa\u0107 <\/li>\n<li>100 lm\/W <\/li>\n<li>k\u0105t rozsy\u0142u \u015bwiat\u0142a diody LED: 120\u00b0 <\/li>\n<li>pod\u0142\u0105czenie: 230 V, 50 &#8211; 60 Hz <\/li>\n<li>IP44: chroniony przed cia\u0142ami obcymi i bryzgami wody <\/li>\n<li>detektor ruchu z k\u0105tem detekcji 120\u00b0 i zasi\u0119giem od 1 do 8 metr\u00f3w <\/li>\n<li>regulowany w\u0142\u0105cznik zmierzchu i czu\u0142o\u015bci <\/li>\n<li>10 cm przew\u00f3d neoprenowy H05RN-F 3G1,0 z adapterem szybkiego po\u0142\u0105czenia dla kabli do 3G1,5 <\/li>\n<li>bez przewodu zasilaj\u0105cego<\/li>\n<\/ul>","protected":false},"featured_media":30235,"template":"","meta":{"inline_featured_image":false},"genre":[509],"product_cat":[547,560],"product_tag":[],"class_list":{"0":"post-30907","1":"product","2":"type-product","3":"status-publish","4":"has-post-thumbnail","6":"product_brand-as-schwabe-pl","7":"product_cat-oswietlenie-2-pl","8":"product_cat-o-seria-naswietlaczy-slimline-pl","10":"first","11":"instock","12":"shipping-taxable","13":"product-type-simple"},"aioseo_notices":[],"_links":{"self":[{"href":"https:\/\/as-schwabe.de\/pl\/wp-json\/wp\/v2\/product\/30907","targetHints":{"allow":["GET"]}}],"collection":[{"href":"https:\/\/as-schwabe.de\/pl\/wp-json\/wp\/v2\/product"}],"about":[{"href":"https:\/\/as-schwabe.de\/pl\/wp-json\/wp\/v2\/types\/product"}],"version-history":[{"count":0,"href":"https:\/\/as-schwabe.de\/pl\/wp-json\/wp\/v2\/product\/30907\/revisions"}],"wp:featuredmedia":[{"embeddable":true,"href":"https:\/\/as-schwabe.de\/pl\/wp-json\/wp\/v2\/media\/30235"}],"wp:attachment":[{"href":"https:\/\/as-schwabe.de\/pl\/wp-json\/wp\/v2\/media?parent=30907"}],"wp:term":[{"taxonomy":"product_brand","embeddable":true,"href":"https:\/\/as-schwabe.de\/pl\/wp-json\/wp\/v2\/genre?post=30907"},{"taxonomy":"product_cat","embeddable":true,"href":"https:\/\/as-schwabe.de\/pl\/wp-json\/wp\/v2\/product_cat?post=30907"},{"taxonomy":"product_tag","embeddable":true,"href":"https:\/\/as-schwabe.de\/pl\/wp-json\/wp\/v2\/product_tag?post=30907"}],"curies":[{"name":"wp","href":"https:\/\/api.w.org\/{rel}","templated":true}]}}