{"id":30906,"date":"2025-09-26T23:03:38","date_gmt":"2025-09-26T23:03:38","guid":{"rendered":"https:\/\/as-schwabe.de\/produkt\/naswietlacz-chip-led-slimline-10-w-46415\/"},"modified":"2025-10-23T00:14:57","modified_gmt":"2025-10-23T00:14:57","slug":"naswietlacz-chip-led-slimline-10-w-46415","status":"publish","type":"product","link":"https:\/\/as-schwabe.de\/pl\/produkt\/naswietlacz-chip-led-slimline-10-w-46415\/","title":{"rendered":"Na\u015bwietlacz CHIP-LED Slimline 10 W &#8211; 1000 lm | 46415"},"content":{"rendered":"<p>Na\u015bwietlacz CHIP-LED Slimline 10 W to nowoczesne \u017ar\u00f3d\u0142o o\u015bwietlenia, kt\u00f3re zachwyca nie tylko estetyk\u0105 smuk\u0142ej obudowy aluminiowej, ale przede wszystkim doskona\u0142ymi parametrami technicznymi. Dzi\u0119ki mocy \u015bwietlnej 1000 lm oraz efektywno\u015bci 85 lm\/W, oferuje jasne i energooszcz\u0119dne o\u015bwietlenie o temperaturze barwowej 4000K, idealne do stosowania w r\u00f3\u017cnych miejscach, zar\u00f3wno wewn\u0119trznych, jak i zewn\u0119trznych. K\u0105t rozsy\u0142u \u015bwiat\u0142a wynosz\u0105cy 120\u00b0 zapewnia r\u00f3wnomierne o\u015bwietlenie szerokich obszar\u00f3w, co czyni go doskona\u0142ym wyborem do o\u015bwietlenia ogrod\u00f3w, parking\u00f3w czy innych przestrzeni komercyjnych. Dodatkowo, wysoka klasa szczelno\u015bci IP65 gwarantuje odporno\u015b\u0107 na py\u0142 oraz wod\u0119, co zapewnia niezawodno\u015b\u0107 i d\u0142ugowieczno\u015b\u0107 produktu w trudnych warunkach atmosferycznych. Na\u015bwietlacz wyposa\u017cony jest w wysokiej jako\u015bci diod\u0119 SAMSUNG LED, co podnosi jako\u015b\u0107 emitowanego \u015bwiat\u0142a oraz zwi\u0119ksza efektywno\u015b\u0107 energetyczn\u0105.<\/p>","protected":false},"excerpt":{"rendered":"<div class=\"icons\" style=\"display: flex; flex-wrap: wrap; gap: 5px; align-items: center; margin-top: 10px;\"><img decoding=\"async\" src=\"https:\/\/as-schwabe.de\/wp-content\/uploads\/ikony\/znak_CE.png\" alt=\"\" width=\"50\" height=\"50\" \/><img decoding=\"async\" src=\"https:\/\/as-schwabe.de\/wp-content\/uploads\/ikony\/znak_IP65.png\" alt=\"\" width=\"50\" height=\"50\" \/><img decoding=\"async\" src=\"https:\/\/as-schwabe.de\/wp-content\/uploads\/ikony\/znak_LED.png\" alt=\"\" width=\"50\" height=\"50\" \/><img loading=\"lazy\" decoding=\"async\" src=\"https:\/\/as-schwabe.de\/wp-content\/uploads\/ikony\/znak_PB.png\" alt=\"\" width=\"50\" height=\"50\" \/><img loading=\"lazy\" decoding=\"async\" src=\"https:\/\/as-schwabe.de\/wp-content\/uploads\/ikony\/znak_Z.png\" alt=\"\" width=\"50\" height=\"50\" \/><img loading=\"lazy\" decoding=\"async\" src=\"https:\/\/as-schwabe.de\/wp-content\/uploads\/ikony\/znak_D.png\" alt=\"\" width=\"50\" height=\"50\" \/><\/div>\n<ul>\n<li>specjalnie opracowana ORYGINALNA SAMSUNG SMD LED: \u017cywotno\u015b\u0107 ponad 50 000 h <\/li>\n<li>niezwykle smuk\u0142a, wzmocniona obudowa z odlewanego ci\u015bnieniowo aluminium o nowoczesnym wygl\u0105dzie <\/li>\n<li>na\u015bwietlacz mo\u017cna obraca\u0107 i blokowa\u0107 <\/li>\n<li>100 lm\/W <\/li>\n<li>k\u0105t rozsy\u0142u \u015bwiat\u0142a diody LED: 120\u00b0 <\/li>\n<li>pod\u0142\u0105czenie: 230 V, 50 &#8211; 60 Hz <\/li>\n<li>IP65: py\u0142oszczelny i chroniony przed strumieniami wody <\/li>\n<li>10 cm przew\u00f3d neoprenowy H05RN-F 3G1,0 z adapterem szybkiego po\u0142\u0105czenia dla kabli do 3G1,5<\/li>\n<\/ul>","protected":false},"featured_media":30230,"template":"","meta":{"inline_featured_image":false},"genre":[509],"product_cat":[547,560],"product_tag":[],"class_list":{"0":"post-30906","1":"product","2":"type-product","3":"status-publish","4":"has-post-thumbnail","6":"product_brand-as-schwabe-pl","7":"product_cat-oswietlenie-2-pl","8":"product_cat-o-seria-naswietlaczy-slimline-pl","10":"first","11":"instock","12":"shipping-taxable","13":"product-type-simple"},"aioseo_notices":[],"_links":{"self":[{"href":"https:\/\/as-schwabe.de\/pl\/wp-json\/wp\/v2\/product\/30906","targetHints":{"allow":["GET"]}}],"collection":[{"href":"https:\/\/as-schwabe.de\/pl\/wp-json\/wp\/v2\/product"}],"about":[{"href":"https:\/\/as-schwabe.de\/pl\/wp-json\/wp\/v2\/types\/product"}],"version-history":[{"count":0,"href":"https:\/\/as-schwabe.de\/pl\/wp-json\/wp\/v2\/product\/30906\/revisions"}],"wp:featuredmedia":[{"embeddable":true,"href":"https:\/\/as-schwabe.de\/pl\/wp-json\/wp\/v2\/media\/30230"}],"wp:attachment":[{"href":"https:\/\/as-schwabe.de\/pl\/wp-json\/wp\/v2\/media?parent=30906"}],"wp:term":[{"taxonomy":"product_brand","embeddable":true,"href":"https:\/\/as-schwabe.de\/pl\/wp-json\/wp\/v2\/genre?post=30906"},{"taxonomy":"product_cat","embeddable":true,"href":"https:\/\/as-schwabe.de\/pl\/wp-json\/wp\/v2\/product_cat?post=30906"},{"taxonomy":"product_tag","embeddable":true,"href":"https:\/\/as-schwabe.de\/pl\/wp-json\/wp\/v2\/product_tag?post=30906"}],"curies":[{"name":"wp","href":"https:\/\/api.w.org\/{rel}","templated":true}]}}