{"id":30905,"date":"2025-09-26T23:03:38","date_gmt":"2025-09-26T23:03:38","guid":{"rendered":"https:\/\/as-schwabe.de\/produkt\/przenosny-naswietlacz-chip-led-slimline-10-w-46410\/"},"modified":"2025-10-23T00:14:56","modified_gmt":"2025-10-23T00:14:56","slug":"przenosny-naswietlacz-chip-led-slimline-10-w-46410","status":"publish","type":"product","link":"https:\/\/as-schwabe.de\/pl\/produkt\/przenosny-naswietlacz-chip-led-slimline-10-w-46410\/","title":{"rendered":"Przeno\u015bny na\u015bwietlacz CHIP-LED Slimline 10 W &#8211; 850 lm | 46410"},"content":{"rendered":"<p>Przeno\u015bny na\u015bwietlacz CHIP-LED Slimline 10 W to efektywne i elastyczne \u017ar\u00f3d\u0142o \u015bwiat\u0142a, idealne do o\u015bwietlenia przestrzeni roboczych oraz wydarze\u0144 plenerowych. Dzi\u0119ki mocy \u015bwietlnej wynosz\u0105cej 850 lm oraz k\u0105towi rozsy\u0142u \u015bwiat\u0142a 120\u00b0, zapewnia doskona\u0142e o\u015bwietlenie w r\u00f3\u017cnych warunkach. Urz\u0105dzenie posiada solidn\u0105 aluminiow\u0105 obudow\u0119 oraz metalow\u0105, sk\u0142adana ram\u0119, co gwarantuje trwa\u0142o\u015b\u0107 i \u0142atwo\u015b\u0107 w transportowaniu. Zastosowanie diod SAMSUNG LED oraz szk\u0142a zabezpieczaj\u0105cego w zestawie podnosi jako\u015b\u0107 u\u017cytkowania. Na\u015bwietlacz charakteryzuje si\u0119 stopniem ochrony IP 65, co sprawia, \u017ce jest odporny na dzia\u0142anie py\u0142u i wody, idealny do zastosowa\u0144 zewn\u0119trznych. Dodatkowo, jego neutralna temperatura barwowa 4000K sprzyja komfortowi pracy w ka\u017cdych warunkach.<\/p>","protected":false},"excerpt":{"rendered":"<div class=\"icons\" style=\"display: flex; flex-wrap: wrap; gap: 5px; align-items: center; margin-top: 10px;\"><img decoding=\"async\" src=\"https:\/\/as-schwabe.de\/wp-content\/uploads\/ikony\/znak_CE.png\" alt=\"\" width=\"50\" height=\"50\" \/><img decoding=\"async\" src=\"https:\/\/as-schwabe.de\/wp-content\/uploads\/ikony\/znak_IP65.png\" alt=\"\" width=\"50\" height=\"50\" \/><img decoding=\"async\" src=\"https:\/\/as-schwabe.de\/wp-content\/uploads\/ikony\/znak_LED.png\" alt=\"\" width=\"50\" height=\"50\" \/><img loading=\"lazy\" decoding=\"async\" src=\"https:\/\/as-schwabe.de\/wp-content\/uploads\/ikony\/znak_PB.png\" alt=\"\" width=\"50\" height=\"50\" \/><img loading=\"lazy\" decoding=\"async\" src=\"https:\/\/as-schwabe.de\/wp-content\/uploads\/ikony\/znak_Z.png\" alt=\"\" width=\"50\" height=\"50\" \/><img loading=\"lazy\" decoding=\"async\" src=\"https:\/\/as-schwabe.de\/wp-content\/uploads\/ikony\/znak_D.png\" alt=\"\" width=\"50\" height=\"50\" \/><\/div>\n<ul>\n<li>2 m przew\u00f3d neoprenowy H05RN-F 3G1,0 z wtyczk\u0105 z uziemieniem <\/li>\n<li>IP65: py\u0142oszczelny i chroniony przed strumieniami wody<\/li>\n<\/ul>","protected":false},"featured_media":30228,"template":"","meta":{"inline_featured_image":false},"genre":[509],"product_cat":[547,560],"product_tag":[],"class_list":{"0":"post-30905","1":"product","2":"type-product","3":"status-publish","4":"has-post-thumbnail","6":"product_brand-as-schwabe-pl","7":"product_cat-oswietlenie-2-pl","8":"product_cat-o-seria-naswietlaczy-slimline-pl","10":"first","11":"instock","12":"shipping-taxable","13":"product-type-simple"},"aioseo_notices":[],"_links":{"self":[{"href":"https:\/\/as-schwabe.de\/pl\/wp-json\/wp\/v2\/product\/30905","targetHints":{"allow":["GET"]}}],"collection":[{"href":"https:\/\/as-schwabe.de\/pl\/wp-json\/wp\/v2\/product"}],"about":[{"href":"https:\/\/as-schwabe.de\/pl\/wp-json\/wp\/v2\/types\/product"}],"version-history":[{"count":0,"href":"https:\/\/as-schwabe.de\/pl\/wp-json\/wp\/v2\/product\/30905\/revisions"}],"wp:featuredmedia":[{"embeddable":true,"href":"https:\/\/as-schwabe.de\/pl\/wp-json\/wp\/v2\/media\/30228"}],"wp:attachment":[{"href":"https:\/\/as-schwabe.de\/pl\/wp-json\/wp\/v2\/media?parent=30905"}],"wp:term":[{"taxonomy":"product_brand","embeddable":true,"href":"https:\/\/as-schwabe.de\/pl\/wp-json\/wp\/v2\/genre?post=30905"},{"taxonomy":"product_cat","embeddable":true,"href":"https:\/\/as-schwabe.de\/pl\/wp-json\/wp\/v2\/product_cat?post=30905"},{"taxonomy":"product_tag","embeddable":true,"href":"https:\/\/as-schwabe.de\/pl\/wp-json\/wp\/v2\/product_tag?post=30905"}],"curies":[{"name":"wp","href":"https:\/\/api.w.org\/{rel}","templated":true}]}}