{"id":30904,"date":"2025-09-26T23:03:37","date_gmt":"2025-09-26T23:03:37","guid":{"rendered":"https:\/\/as-schwabe.de\/produkt\/naswietlacz-chip-led-slimline-2-x-30-w-ze-statywem-46409\/"},"modified":"2025-10-23T00:14:54","modified_gmt":"2025-10-23T00:14:54","slug":"naswietlacz-chip-led-slimline-2-x-30-w-ze-statywem-46409","status":"publish","type":"product","link":"https:\/\/as-schwabe.de\/pl\/produkt\/naswietlacz-chip-led-slimline-2-x-30-w-ze-statywem-46409\/","title":{"rendered":"Na\u015bwietlacz CHIP-LED Slimline 2 x 30 W ze statywem &#8211; 5100 lm | 46409"},"content":{"rendered":"<p>Na\u015bwietlacz CHIP-LED Slimline 2 x 30 W to wydajne i wszechstronne \u017ar\u00f3d\u0142o \u015bwiat\u0142a, idealne do zastosowa\u0144 w trudnych warunkach. Jego moc \u015bwietlna wynosz\u0105ca 5100 lumen\u00f3w przy wydajno\u015bci 85 lm\/W oraz k\u0105t rozsy\u0142u \u015bwiat\u0142a 120\u00b0 zapewniaj\u0105 doskona\u0142e o\u015bwietlenie du\u017cych powierzchni. Zasilany przewodem o d\u0142ugo\u015bci 5 m i klasie ochrony IP44, na\u015bwietlacz jest odporny na niekorzystne warunki atmosferyczne, a solidna aluminiowa obudowa gwarantuje d\u0142ugotrwa\u0142e u\u017cytkowanie. W zestawie znajduje si\u0119 metalowy statyw z mini trawersem, kt\u00f3rego maksymalna wysoko\u015b\u0107 wynosi 1,8 m, co umo\u017cliwia \u0142atwe dostosowanie do r\u00f3\u017cnych potrzeb o\u015bwietleniowych. Dodatkowo, wymienne szk\u0142o zabezpieczaj\u0105ce oraz kratka ochronna zapewniaj\u0105 dodatkow\u0105 ochron\u0119 diod SAMSUNG LED, a stopie\u0144 ochrony IP65 chroni urz\u0105dzenie przed kurzem i wod\u0105, co zwi\u0119ksza jego wszechstronno\u015b\u0107 w zastosowaniach zewn\u0119trznych.<\/p>","protected":false},"excerpt":{"rendered":"<div class=\"icons\" style=\"display: flex; flex-wrap: wrap; gap: 5px; align-items: center; margin-top: 10px;\"><img decoding=\"async\" src=\"https:\/\/as-schwabe.de\/wp-content\/uploads\/ikony\/znak_CE.png\" alt=\"\" width=\"50\" height=\"50\" \/><img decoding=\"async\" src=\"https:\/\/as-schwabe.de\/wp-content\/uploads\/ikony\/znak_IP65.png\" alt=\"\" width=\"50\" height=\"50\" \/><img decoding=\"async\" src=\"https:\/\/as-schwabe.de\/wp-content\/uploads\/ikony\/znak_LED.png\" alt=\"\" width=\"50\" height=\"50\" \/><img loading=\"lazy\" decoding=\"async\" src=\"https:\/\/as-schwabe.de\/wp-content\/uploads\/ikony\/znak_PB.png\" alt=\"\" width=\"50\" height=\"50\" \/><img loading=\"lazy\" decoding=\"async\" src=\"https:\/\/as-schwabe.de\/wp-content\/uploads\/ikony\/znak_Z.png\" alt=\"\" width=\"50\" height=\"50\" \/><img loading=\"lazy\" decoding=\"async\" src=\"https:\/\/as-schwabe.de\/wp-content\/uploads\/ikony\/znak_D.png\" alt=\"\" width=\"50\" height=\"50\" \/><\/div>\n<ul>\n<li>specjalnie opracowana ORYGINALNA SAMSUNG SMD LED: \u017cywotno\u015b\u0107 ponad 50 000 h <\/li>\n<li>wzmocniona obudowa z odlewanego ci\u015bnieniowo aluminium o nowoczesnym wygl\u0105dzie <\/li>\n<li>5 m przew\u00f3d neoprenowy H05RN-F 3G1,0 z wtyczk\u0105 z uziemieniem <\/li>\n<li>k\u0105t rozsy\u0142u \u015bwiat\u0142a diody LED: 120\u00b0 <\/li>\n<li>pod\u0142\u0105czenie: 230 V, 50 &#8211; 60 Hz <\/li>\n<li>IP65: py\u0142oszczelny i chroniony przed strumieniami wody <\/li>\n<li>wysoko\u015b\u0107 maksymalna 1,8 m<\/li>\n<\/ul>","protected":false},"featured_media":30223,"template":"","meta":{"inline_featured_image":false},"genre":[509],"product_cat":[547,560],"product_tag":[],"class_list":{"0":"post-30904","1":"product","2":"type-product","3":"status-publish","4":"has-post-thumbnail","6":"product_brand-as-schwabe-pl","7":"product_cat-oswietlenie-2-pl","8":"product_cat-o-seria-naswietlaczy-slimline-pl","10":"first","11":"instock","12":"shipping-taxable","13":"product-type-simple"},"aioseo_notices":[],"_links":{"self":[{"href":"https:\/\/as-schwabe.de\/pl\/wp-json\/wp\/v2\/product\/30904","targetHints":{"allow":["GET"]}}],"collection":[{"href":"https:\/\/as-schwabe.de\/pl\/wp-json\/wp\/v2\/product"}],"about":[{"href":"https:\/\/as-schwabe.de\/pl\/wp-json\/wp\/v2\/types\/product"}],"version-history":[{"count":0,"href":"https:\/\/as-schwabe.de\/pl\/wp-json\/wp\/v2\/product\/30904\/revisions"}],"wp:featuredmedia":[{"embeddable":true,"href":"https:\/\/as-schwabe.de\/pl\/wp-json\/wp\/v2\/media\/30223"}],"wp:attachment":[{"href":"https:\/\/as-schwabe.de\/pl\/wp-json\/wp\/v2\/media?parent=30904"}],"wp:term":[{"taxonomy":"product_brand","embeddable":true,"href":"https:\/\/as-schwabe.de\/pl\/wp-json\/wp\/v2\/genre?post=30904"},{"taxonomy":"product_cat","embeddable":true,"href":"https:\/\/as-schwabe.de\/pl\/wp-json\/wp\/v2\/product_cat?post=30904"},{"taxonomy":"product_tag","embeddable":true,"href":"https:\/\/as-schwabe.de\/pl\/wp-json\/wp\/v2\/product_tag?post=30904"}],"curies":[{"name":"wp","href":"https:\/\/api.w.org\/{rel}","templated":true}]}}