{"id":30902,"date":"2025-09-26T23:03:34","date_gmt":"2025-09-26T23:03:34","guid":{"rendered":"https:\/\/as-schwabe.de\/produkt\/naswietlacz-chip-led-slimline-20-w-z-czujnikiem-ruchu-46407\/"},"modified":"2025-10-23T00:14:53","modified_gmt":"2025-10-23T00:14:53","slug":"naswietlacz-chip-led-slimline-20-w-z-czujnikiem-ruchu-46407","status":"publish","type":"product","link":"https:\/\/as-schwabe.de\/pl\/produkt\/naswietlacz-chip-led-slimline-20-w-z-czujnikiem-ruchu-46407\/","title":{"rendered":"Na\u015bwietlacz CHIP-LED Slimline 20 W z czujnikiem ruchu &#8211; 2000 lm | 46407"},"content":{"rendered":"<p>Na\u015bwietlacz CHIP-LED Slimline o mocy 20 W z wbudowanym czujnikiem ruchu to idealne rozwi\u0105zanie dla os\u00f3b poszukuj\u0105cych wydajnego o\u015bwietlenia do u\u017cytku zewn\u0119trznego i na budowie. Jego strumie\u0144 \u015bwietlny wynosz\u0105cy 2000 lm przy efektywno\u015bci 100 lm\/W zapewnia doskona\u0142e o\u015bwietlenie nawet w trudnych warunkach. Dzi\u0119ki smuk\u0142ej aluminiowej obudowie oraz diodom LED marki SAMSUNG, na\u015bwietlacz \u0142\u0105czy nowoczesny design z niezawodno\u015bci\u0105. K\u0105t rozsy\u0142u \u015bwiat\u0142a wynosz\u0105cy 120\u00b0 oraz mo\u017cliwo\u015b\u0107 regulacji czasu \u015bwiecenia, czu\u0142o\u015bci i punktu zmierzchu sprawiaj\u0105, \u017ce urz\u0105dzenie dostosowuje si\u0119 do indywidualnych potrzeb u\u017cytkownika. Klasa ochronno\u015bci IP44 gwarantuje bezpieczne u\u017cytkowanie na zewn\u0105trz, czyni\u0105c go wszechstronnym narz\u0119dziem do o\u015bwietlenia przestrzeni zewn\u0119trznych i budowlanych.<\/p>","protected":false},"excerpt":{"rendered":"<div class=\"icons\" style=\"display: flex; flex-wrap: wrap; gap: 5px; align-items: center; margin-top: 10px;\"><img decoding=\"async\" src=\"https:\/\/as-schwabe.de\/wp-content\/uploads\/ikony\/znak_CE.png\" alt=\"\" width=\"50\" height=\"50\" \/><img decoding=\"async\" src=\"https:\/\/as-schwabe.de\/wp-content\/uploads\/ikony\/znak_IP44.png\" alt=\"\" width=\"50\" height=\"50\" \/><img decoding=\"async\" src=\"https:\/\/as-schwabe.de\/wp-content\/uploads\/ikony\/znak_LED.png\" alt=\"\" width=\"50\" height=\"50\" \/><img loading=\"lazy\" decoding=\"async\" src=\"https:\/\/as-schwabe.de\/wp-content\/uploads\/ikony\/znak_PB.png\" alt=\"\" width=\"50\" height=\"50\" \/><img loading=\"lazy\" decoding=\"async\" src=\"https:\/\/as-schwabe.de\/wp-content\/uploads\/ikony\/znak_Z.png\" alt=\"\" width=\"50\" height=\"50\" \/><img loading=\"lazy\" decoding=\"async\" src=\"https:\/\/as-schwabe.de\/wp-content\/uploads\/ikony\/znak_D.png\" alt=\"\" width=\"50\" height=\"50\" \/><\/div>\n<ul>\n<li>specjalnie opracowana ORYGINALNA SAMSUNG SMD LED: \u017cywotno\u015b\u0107 ponad 50 000 h <\/li>\n<li>niezwykle smuk\u0142a, wzmocniona obudowa z odlewanego ci\u015bnieniowo aluminium o nowoczesnym wygl\u0105dzie <\/li>\n<li>na\u015bwietlacz mo\u017cna obraca\u0107 i blokowa\u0107 <\/li>\n<li>100 lm\/W <\/li>\n<li>k\u0105t rozsy\u0142u \u015bwiat\u0142a diody LED: 120\u00b0 <\/li>\n<li>pod\u0142\u0105czenie: 230 V, 50 &#8211; 60 Hz <\/li>\n<li>IP44: chroniony przed cia\u0142ami obcymi i bryzgami wody <\/li>\n<li>detektor ruchu z k\u0105tem detekcji 120\u00b0 i zasi\u0119giem od 1 do 8 metr\u00f3w <\/li>\n<li>regulowany w\u0142\u0105cznik zmierzchu i czu\u0142o\u015bci <\/li>\n<li>10 cm przew\u00f3d neoprenowy H05RN-F 3G1,0 z adapterem szybkiego po\u0142\u0105czenia dla kabli do 3G1,5 <\/li>\n<li>bez przewodu zasilaj\u0105cego<\/li>\n<\/ul>","protected":false},"featured_media":30217,"template":"","meta":{"inline_featured_image":false},"genre":[509],"product_cat":[547,560],"product_tag":[],"class_list":{"0":"post-30902","1":"product","2":"type-product","3":"status-publish","4":"has-post-thumbnail","6":"product_brand-as-schwabe-pl","7":"product_cat-oswietlenie-2-pl","8":"product_cat-o-seria-naswietlaczy-slimline-pl","10":"first","11":"instock","12":"shipping-taxable","13":"product-type-simple"},"aioseo_notices":[],"_links":{"self":[{"href":"https:\/\/as-schwabe.de\/pl\/wp-json\/wp\/v2\/product\/30902","targetHints":{"allow":["GET"]}}],"collection":[{"href":"https:\/\/as-schwabe.de\/pl\/wp-json\/wp\/v2\/product"}],"about":[{"href":"https:\/\/as-schwabe.de\/pl\/wp-json\/wp\/v2\/types\/product"}],"version-history":[{"count":0,"href":"https:\/\/as-schwabe.de\/pl\/wp-json\/wp\/v2\/product\/30902\/revisions"}],"wp:featuredmedia":[{"embeddable":true,"href":"https:\/\/as-schwabe.de\/pl\/wp-json\/wp\/v2\/media\/30217"}],"wp:attachment":[{"href":"https:\/\/as-schwabe.de\/pl\/wp-json\/wp\/v2\/media?parent=30902"}],"wp:term":[{"taxonomy":"product_brand","embeddable":true,"href":"https:\/\/as-schwabe.de\/pl\/wp-json\/wp\/v2\/genre?post=30902"},{"taxonomy":"product_cat","embeddable":true,"href":"https:\/\/as-schwabe.de\/pl\/wp-json\/wp\/v2\/product_cat?post=30902"},{"taxonomy":"product_tag","embeddable":true,"href":"https:\/\/as-schwabe.de\/pl\/wp-json\/wp\/v2\/product_tag?post=30902"}],"curies":[{"name":"wp","href":"https:\/\/api.w.org\/{rel}","templated":true}]}}