{"id":30901,"date":"2025-09-26T23:03:33","date_gmt":"2025-09-26T23:03:33","guid":{"rendered":"https:\/\/as-schwabe.de\/produkt\/naswietlacz-chip-led-slimline-50-w-46405\/"},"modified":"2025-10-23T00:14:53","modified_gmt":"2025-10-23T00:14:53","slug":"naswietlacz-chip-led-slimline-50-w-46405","status":"publish","type":"product","link":"https:\/\/as-schwabe.de\/pl\/produkt\/naswietlacz-chip-led-slimline-50-w-46405\/","title":{"rendered":"Na\u015bwietlacz CHIP-LED Slimline 50 W &#8211; 5000 lm | 46405"},"content":{"rendered":"<p>Na\u015bwietlacz CHIP-LED Slimline 50 W to wysokiej jako\u015bci \u017ar\u00f3d\u0142o \u015bwiat\u0142a o mocy \u015bwietlnej 4200 lm, co przek\u0142ada si\u0119 na efektywno\u015b\u0107 na poziomie 85 lm\/W. Dzi\u0119ki k\u0105towi rozsy\u0142u \u015bwiat\u0142a wynosz\u0105cemu 120\u00b0 i temperaturze barwowej 4000K, urz\u0105dzenie doskonale sprawdza si\u0119 w o\u015bwietleniu zar\u00f3wno przestrzeni zewn\u0119trznych, jak i wewn\u0119trznych. Smuk\u0142a obudowa aluminiowa zapewnia nie tylko nowoczesny wygl\u0105d, ale r\u00f3wnie\u017c wysok\u0105 odporno\u015b\u0107 na warunki atmosferyczne, co potwierdza klasa ochrony IP65. Wbudowany przew\u00f3d zasilaj\u0105cy o d\u0142ugo\u015bci 2 m z wtyczk\u0105 IP44 H05RN-F 3G1,0 gwarantuje \u0142atwo\u015b\u0107 w instalacji i u\u017cytkowaniu. Na\u015bwietlacz wyposa\u017cony w diody SAMSUNG LED zapewnia d\u0142ug\u0105 \u017cywotno\u015b\u0107 oraz oszcz\u0119dno\u015b\u0107 energii, co czyni go idealnym rozwi\u0105zaniem dla r\u00f3\u017cnych aplikacji o\u015bwietleniowych.<\/p>","protected":false},"excerpt":{"rendered":"<div class=\"icons\" style=\"display: flex; flex-wrap: wrap; gap: 5px; align-items: center; margin-top: 10px;\"><img decoding=\"async\" src=\"https:\/\/as-schwabe.de\/wp-content\/uploads\/ikony\/znak_CE.png\" alt=\"\" width=\"50\" height=\"50\" \/><img decoding=\"async\" src=\"https:\/\/as-schwabe.de\/wp-content\/uploads\/ikony\/znak_IP65.png\" alt=\"\" width=\"50\" height=\"50\" \/><img decoding=\"async\" src=\"https:\/\/as-schwabe.de\/wp-content\/uploads\/ikony\/znak_LED.png\" alt=\"\" width=\"50\" height=\"50\" \/><img loading=\"lazy\" decoding=\"async\" src=\"https:\/\/as-schwabe.de\/wp-content\/uploads\/ikony\/znak_PB.png\" alt=\"\" width=\"50\" height=\"50\" \/><img loading=\"lazy\" decoding=\"async\" src=\"https:\/\/as-schwabe.de\/wp-content\/uploads\/ikony\/znak_Z.png\" alt=\"\" width=\"50\" height=\"50\" \/><img loading=\"lazy\" decoding=\"async\" src=\"https:\/\/as-schwabe.de\/wp-content\/uploads\/ikony\/znak_D.png\" alt=\"\" width=\"50\" height=\"50\" \/><\/div>\n<ul>\n<li>specjalnie opracowana ORYGINALNA SAMSUNG SMD LED: \u017cywotno\u015b\u0107 ponad 50 000 h <\/li>\n<li>niezwykle smuk\u0142a, wzmocniona obudowa z odlewanego ci\u015bnieniowo aluminium o nowoczesnym wygl\u0105dzie <\/li>\n<li>na\u015bwietlacz mo\u017cna obraca\u0107 i blokowa\u0107 <\/li>\n<li>100 lm\/W <\/li>\n<li>k\u0105t rozsy\u0142u \u015bwiat\u0142a diody LED: 120\u00b0 <\/li>\n<li>pod\u0142\u0105czenie: 230 V, 50 &#8211; 60 Hz <\/li>\n<li>IP65: py\u0142oszczelny i chroniony przed strumieniami wody <\/li>\n<li>2 m przew\u00f3d neoprenowy H05RN-F 3G1,0 z wtyczk\u0105 z uziemieniem<\/li>\n<\/ul>","protected":false},"featured_media":30211,"template":"","meta":{"inline_featured_image":false},"genre":[509],"product_cat":[547,560],"product_tag":[],"class_list":{"0":"post-30901","1":"product","2":"type-product","3":"status-publish","4":"has-post-thumbnail","6":"product_brand-as-schwabe-pl","7":"product_cat-oswietlenie-2-pl","8":"product_cat-o-seria-naswietlaczy-slimline-pl","10":"first","11":"instock","12":"shipping-taxable","13":"product-type-simple"},"aioseo_notices":[],"_links":{"self":[{"href":"https:\/\/as-schwabe.de\/pl\/wp-json\/wp\/v2\/product\/30901","targetHints":{"allow":["GET"]}}],"collection":[{"href":"https:\/\/as-schwabe.de\/pl\/wp-json\/wp\/v2\/product"}],"about":[{"href":"https:\/\/as-schwabe.de\/pl\/wp-json\/wp\/v2\/types\/product"}],"version-history":[{"count":0,"href":"https:\/\/as-schwabe.de\/pl\/wp-json\/wp\/v2\/product\/30901\/revisions"}],"wp:featuredmedia":[{"embeddable":true,"href":"https:\/\/as-schwabe.de\/pl\/wp-json\/wp\/v2\/media\/30211"}],"wp:attachment":[{"href":"https:\/\/as-schwabe.de\/pl\/wp-json\/wp\/v2\/media?parent=30901"}],"wp:term":[{"taxonomy":"product_brand","embeddable":true,"href":"https:\/\/as-schwabe.de\/pl\/wp-json\/wp\/v2\/genre?post=30901"},{"taxonomy":"product_cat","embeddable":true,"href":"https:\/\/as-schwabe.de\/pl\/wp-json\/wp\/v2\/product_cat?post=30901"},{"taxonomy":"product_tag","embeddable":true,"href":"https:\/\/as-schwabe.de\/pl\/wp-json\/wp\/v2\/product_tag?post=30901"}],"curies":[{"name":"wp","href":"https:\/\/api.w.org\/{rel}","templated":true}]}}