{"id":30898,"date":"2025-09-26T23:03:31","date_gmt":"2025-09-26T23:03:31","guid":{"rendered":"https:\/\/as-schwabe.de\/produkt\/kolumna-oswietleniowa-led-360-centra-70-w-46373\/"},"modified":"2025-10-23T00:14:52","modified_gmt":"2025-10-23T00:14:52","slug":"kolumna-oswietleniowa-led-360-centra-70-w-46373","status":"publish","type":"product","link":"https:\/\/as-schwabe.de\/pl\/produkt\/kolumna-oswietleniowa-led-360-centra-70-w-46373\/","title":{"rendered":"Kolumna o\u015bwietleniowa LED 360\u00b0 CENTRA 70 W &#8211; 7000 lm | 46373"},"content":{"rendered":"<p>Kolumna o\u015bwietleniowa LED 360\u00b0 CENTRA o mocy 70 W to idealne rozwi\u0105zanie do o\u015bwietlania du\u017cych przestrzeni oraz miejsc pracy w trudnych warunkach. Dzi\u0119ki maksymalnej wysoko\u015bci 1,35 m i mo\u017cliwo\u015bci regulacji do 0,88 m, umo\u017cliwia dostosowanie k\u0105ta padania \u015bwiat\u0142a do indywidualnych potrzeb u\u017cytkownika. Emituj\u0105c strumie\u0144 \u015bwietlny wynosz\u0105cy 7000 lm przy efektywno\u015bci 100 lm\/W oraz temperaturze barwowej 4000K, kolumna zapewnia jasne i naturalne o\u015bwietlenie. Konstrukcja oparta na metalowym sk\u0142adanym stela\u017cu gwarantuje stabilno\u015b\u0107 i trwa\u0142o\u015b\u0107, a plastikowa obudowa ze zintegrowanym uchwytem na przew\u00f3d u\u0142atwia transport i przechowywanie. Dodatkowo, wyposa\u017cenie w gniazdo z klapk\u0105 oraz uziemieniem IP54 zwi\u0119ksza funkcjonalno\u015b\u0107, umo\u017cliwiaj\u0105c jednoczesne zasilanie innych urz\u0105dze\u0144 elektrycznych. Z certyfikatem IP44 kolumna jest odporna na dzia\u0142anie wody i kurzu, co czyni j\u0105 doskona\u0142ym wyborem do u\u017cytku zar\u00f3wno wewn\u0119trznego, jak i zewn\u0119trznego.<\/p>","protected":false},"excerpt":{"rendered":"<div class=\"icons\" style=\"display: flex; flex-wrap: wrap; gap: 5px; align-items: center; margin-top: 10px;\"><img decoding=\"async\" src=\"https:\/\/as-schwabe.de\/wp-content\/uploads\/ikony\/znak_CE.png\" alt=\"\" width=\"50\" height=\"50\" \/><img decoding=\"async\" src=\"https:\/\/as-schwabe.de\/wp-content\/uploads\/ikony\/znak_IP44.png\" alt=\"\" width=\"50\" height=\"50\" \/><img decoding=\"async\" src=\"https:\/\/as-schwabe.de\/wp-content\/uploads\/ikony\/znak_LED.png\" alt=\"\" width=\"50\" height=\"50\" \/><img loading=\"lazy\" decoding=\"async\" src=\"https:\/\/as-schwabe.de\/wp-content\/uploads\/ikony\/znak_PB.png\" alt=\"\" width=\"50\" height=\"50\" \/><img loading=\"lazy\" decoding=\"async\" src=\"https:\/\/as-schwabe.de\/wp-content\/uploads\/ikony\/znak_Z.png\" alt=\"\" width=\"50\" height=\"50\" \/><img loading=\"lazy\" decoding=\"async\" src=\"https:\/\/as-schwabe.de\/wp-content\/uploads\/ikony\/znak_D.png\" alt=\"\" width=\"50\" height=\"50\" \/><\/div>\n<ul>\n<li>sk\u0142adana kolumna o\u015bwietleniowa 360\u00b0 na plac budowy <\/li>\n<li>optymalny rozsy\u0142 \u015bwiat\u0142a dzi\u0119ki o\u015bwietleniu 360\u00b0 <\/li>\n<li>diody LED osadzone w kolumnie ochronnej z poliw\u0119glanu (100 lm\/W) <\/li>\n<li>wsp\u00f3\u0142czynnik oddawania barw: CRI > 80 <\/li>\n<li>du\u017cy uchwyt do przenoszenia, idealny do trzymania w r\u0119kawicach <\/li>\n<li>stabilny, sk\u0142adany, 3-ramienny statyw wykonany z metalu malowanego proszkowo z nawijakiem na przew\u00f3d <\/li>\n<li>w obudowie lampy dodatkowe gniazdo z uziemieniem 230 V, 16 A, maks. 2000 W <\/li>\n<li>1,8m przew\u00f3d neoprenowy H07RN-F 3G1,5 z wtyczk\u0105 z uziemieniem <\/li>\n<li>wysoko\u015b\u0107 po z\u0142o\u017ceniu: 0,88 m <\/li>\n<li>wysoko\u015b\u0107 po roz\u0142o\u017ceniu: 1,35 m <\/li>\n<li>230 V, 16 A, maks. 2000 W \/ 50-60 Hz <\/li>\n<li>IP54: odporny na kurz i bryzgi wody<\/li>\n<\/ul>","protected":false},"featured_media":30202,"template":"","meta":{"inline_featured_image":false},"genre":[509],"product_cat":[547,559],"product_tag":[],"class_list":{"0":"post-30898","1":"product","2":"type-product","3":"status-publish","4":"has-post-thumbnail","6":"product_brand-as-schwabe-pl","7":"product_cat-oswietlenie-2-pl","8":"product_cat-lampy-robocze-360-pl","10":"first","11":"instock","12":"shipping-taxable","13":"product-type-simple"},"aioseo_notices":[],"_links":{"self":[{"href":"https:\/\/as-schwabe.de\/pl\/wp-json\/wp\/v2\/product\/30898","targetHints":{"allow":["GET"]}}],"collection":[{"href":"https:\/\/as-schwabe.de\/pl\/wp-json\/wp\/v2\/product"}],"about":[{"href":"https:\/\/as-schwabe.de\/pl\/wp-json\/wp\/v2\/types\/product"}],"version-history":[{"count":0,"href":"https:\/\/as-schwabe.de\/pl\/wp-json\/wp\/v2\/product\/30898\/revisions"}],"wp:featuredmedia":[{"embeddable":true,"href":"https:\/\/as-schwabe.de\/pl\/wp-json\/wp\/v2\/media\/30202"}],"wp:attachment":[{"href":"https:\/\/as-schwabe.de\/pl\/wp-json\/wp\/v2\/media?parent=30898"}],"wp:term":[{"taxonomy":"product_brand","embeddable":true,"href":"https:\/\/as-schwabe.de\/pl\/wp-json\/wp\/v2\/genre?post=30898"},{"taxonomy":"product_cat","embeddable":true,"href":"https:\/\/as-schwabe.de\/pl\/wp-json\/wp\/v2\/product_cat?post=30898"},{"taxonomy":"product_tag","embeddable":true,"href":"https:\/\/as-schwabe.de\/pl\/wp-json\/wp\/v2\/product_tag?post=30898"}],"curies":[{"name":"wp","href":"https:\/\/api.w.org\/{rel}","templated":true}]}}