{"id":30897,"date":"2025-09-26T23:03:31","date_gmt":"2025-09-26T23:03:31","guid":{"rendered":"https:\/\/as-schwabe.de\/produkt\/lampa-robocza-led-optiline-360-30-w-46372\/"},"modified":"2025-10-23T00:14:51","modified_gmt":"2025-10-23T00:14:51","slug":"lampa-robocza-led-optiline-360-30-w-46372","status":"publish","type":"product","link":"https:\/\/as-schwabe.de\/pl\/produkt\/lampa-robocza-led-optiline-360-30-w-46372\/","title":{"rendered":"Lampa robocza LED &#8222;Optiline&#8220; 360\u00b0 30 W &#8211; 3200 lm | 46372"},"content":{"rendered":"<p>Lampa robocza LED &#8222;Optiline&#8220; 360\u00b0 o mocy 30 W to doskona\u0142e rozwi\u0105zanie do o\u015bwietlania wszelkich przestrzeni roboczych, zapewniaj\u0105c wysok\u0105 moc \u015bwietln\u0105 na poziomie 3200 lm przy efektywno\u015bci 106 lm\/W. Dzi\u0119ki temperaturze barwowej 4000 K, lampa emituje naturalne \u015bwiat\u0142o, sprzyjaj\u0105ce koncentracji i wydajno\u015bci pracy. Wyposa\u017cona w przew\u00f3d zasilaj\u0105cy z wtyczk\u0105 IP44 o d\u0142ugo\u015bci 3 m oraz w\u0142\u0105cznik, zapewnia \u0142atwo\u015b\u0107 obs\u0142ugi i wszechstronno\u015b\u0107 zastosowania, od warsztat\u00f3w po budowy. Dodatkowo, lampa posiada 1x gniazdo z klapk\u0105 i uziemieniem IP54, co pozwala na bezpieczne pod\u0142\u0105czenie dodatkowych urz\u0105dze\u0144. Kompaktowe wymiary 200 x 220 mm sprawiaj\u0105, \u017ce jest \u0142atwa w transportowaniu i przechowywaniu. &#8222;Optiline&#8220; to idealny wyb\u00f3r dla profesjonalist\u00f3w, kt\u00f3rzy ceni\u0105 sobie wydajno\u015b\u0107 oraz niezawodno\u015b\u0107 w trudnych warunkach pracy.<\/p>","protected":false},"excerpt":{"rendered":"<div class=\"icons\" style=\"display: flex; flex-wrap: wrap; gap: 5px; align-items: center; margin-top: 10px;\"><img decoding=\"async\" src=\"https:\/\/as-schwabe.de\/wp-content\/uploads\/ikony\/znak_CE.png\" alt=\"\" width=\"50\" height=\"50\" \/><img decoding=\"async\" src=\"https:\/\/as-schwabe.de\/wp-content\/uploads\/ikony\/znak_IP54.png\" alt=\"\" width=\"50\" height=\"50\" \/><img decoding=\"async\" src=\"https:\/\/as-schwabe.de\/wp-content\/uploads\/ikony\/znak_LED.png\" alt=\"\" width=\"50\" height=\"50\" \/><img loading=\"lazy\" decoding=\"async\" src=\"https:\/\/as-schwabe.de\/wp-content\/uploads\/ikony\/znak_PB.png\" alt=\"\" width=\"50\" height=\"50\" \/><img loading=\"lazy\" decoding=\"async\" src=\"https:\/\/as-schwabe.de\/wp-content\/uploads\/ikony\/znak_Z.png\" alt=\"\" width=\"50\" height=\"50\" \/><img loading=\"lazy\" decoding=\"async\" src=\"https:\/\/as-schwabe.de\/wp-content\/uploads\/ikony\/znak_D.png\" alt=\"\" width=\"50\" height=\"50\" \/><\/div>\n<ul>\n<li>Lampa robocza LED Optiline 360\u00b0 o mocy 30 W <\/li>\n<li>optymalny rozsy\u0142 \u015bwiat\u0142a dzi\u0119ki k\u0105towi rozsy\u0142u 360\u00b0 <\/li>\n<li>wyj\u0105tkowo trwa\u0142e diody LED: \u017cywotno\u015b\u0107 ponad 30 000 h (106 lm\/W) <\/li>\n<li>wsp\u00f3\u0142czynnik oddawania barw: CRI > 80 <\/li>\n<li>obudowa ABS \/ dyfuzor z PC <\/li>\n<li>klosz wykonany z poliw\u0119glanu, wyj\u0105tkowo odporny na wstrz\u0105sy IK08 <\/li>\n<li>1x gniazdo z uziemieniem z klapk\u0105 230 V, 16 A, IP54 <\/li>\n<li>ze sk\u0142adanym uchwytem do zawieszenia na suficie lub rusztowaniu <\/li>\n<li>z w\u0142\u0105cznikiem<\/li>\n<li> \u015brednica x wysoko\u015b\u0107: 200 x 220 mm <\/li>\n<li>3 m przew\u00f3d neoprenowy H07RN-F 3G1,5 z wtyczk\u0105 z uziemieniem <\/li>\n<li>pod\u0142\u0105czenie: 230 V, 16 A \/ maks. 3500 W \/ 50-60 Hz <\/li>\n<li>IP54: odporny na kurz i bryzgi wody<\/li>\n<\/ul>","protected":false},"featured_media":30201,"template":"","meta":{"inline_featured_image":false},"genre":[509],"product_cat":[547,559],"product_tag":[],"class_list":{"0":"post-30897","1":"product","2":"type-product","3":"status-publish","4":"has-post-thumbnail","6":"product_brand-as-schwabe-pl","7":"product_cat-oswietlenie-2-pl","8":"product_cat-lampy-robocze-360-pl","10":"first","11":"instock","12":"shipping-taxable","13":"product-type-simple"},"aioseo_notices":[],"_links":{"self":[{"href":"https:\/\/as-schwabe.de\/pl\/wp-json\/wp\/v2\/product\/30897","targetHints":{"allow":["GET"]}}],"collection":[{"href":"https:\/\/as-schwabe.de\/pl\/wp-json\/wp\/v2\/product"}],"about":[{"href":"https:\/\/as-schwabe.de\/pl\/wp-json\/wp\/v2\/types\/product"}],"version-history":[{"count":0,"href":"https:\/\/as-schwabe.de\/pl\/wp-json\/wp\/v2\/product\/30897\/revisions"}],"wp:featuredmedia":[{"embeddable":true,"href":"https:\/\/as-schwabe.de\/pl\/wp-json\/wp\/v2\/media\/30201"}],"wp:attachment":[{"href":"https:\/\/as-schwabe.de\/pl\/wp-json\/wp\/v2\/media?parent=30897"}],"wp:term":[{"taxonomy":"product_brand","embeddable":true,"href":"https:\/\/as-schwabe.de\/pl\/wp-json\/wp\/v2\/genre?post=30897"},{"taxonomy":"product_cat","embeddable":true,"href":"https:\/\/as-schwabe.de\/pl\/wp-json\/wp\/v2\/product_cat?post=30897"},{"taxonomy":"product_tag","embeddable":true,"href":"https:\/\/as-schwabe.de\/pl\/wp-json\/wp\/v2\/product_tag?post=30897"}],"curies":[{"name":"wp","href":"https:\/\/api.w.org\/{rel}","templated":true}]}}