{"id":30896,"date":"2025-09-26T23:03:30","date_gmt":"2025-09-26T23:03:30","guid":{"rendered":"https:\/\/as-schwabe.de\/produkt\/kolumna-oswietleniowa-led-360-100-w-46371\/"},"modified":"2025-10-23T00:14:51","modified_gmt":"2025-10-23T00:14:51","slug":"kolumna-oswietleniowa-led-360-100-w-46371","status":"publish","type":"product","link":"https:\/\/as-schwabe.de\/pl\/produkt\/kolumna-oswietleniowa-led-360-100-w-46371\/","title":{"rendered":"Kolumna o\u015bwietleniowa LED 360\u00b0 100 W &#8211; 8000 lm | 46371"},"content":{"rendered":"<p>Kolumna o\u015bwietleniowa LED 360\u00b0 o mocy 100 W to idealne rozwi\u0105zanie do o\u015bwietlenia przestrzeni zewn\u0119trznych oraz plac\u00f3w budowy. Dzi\u0119ki wysokiej mocy \u015bwietlnej 8000 lm oraz efektywno\u015bci 100 lm\/W, zapewnia jasne i r\u00f3wnomierne o\u015bwietlenie przestrzeni w temperaturze barwowej 4000K. Urz\u0105dzenie wyposa\u017cone jest w przew\u00f3d zasilaj\u0105cy 1,8 m z wtyczk\u0105 IP44 H07RN-F 3G1,5 oraz gniazdo z klapk\u0105 i uziemieniem IP54, kt\u00f3re umo\u017cliwia pod\u0142\u0105czenie dodatkowych urz\u0105dze\u0144 elektrycznych. Metalowe sk\u0142adane n\u00f3\u017cki zapewniaj\u0105 stabilno\u015b\u0107 oraz \u0142atwo\u015b\u0107 w transportowaniu i przechowywaniu. Dzi\u0119ki klasie ochrony IP44, produkt jest przeznaczony do u\u017cytku na zewn\u0105trz, co czyni go niezast\u0105pionym narz\u0119dziem w ka\u017cdym projekcie budowlanym.<\/p>","protected":false},"excerpt":{"rendered":"<div class=\"icons\" style=\"display: flex; flex-wrap: wrap; gap: 5px; align-items: center; margin-top: 10px;\"><img decoding=\"async\" src=\"https:\/\/as-schwabe.de\/wp-content\/uploads\/ikony\/znak_CE.png\" alt=\"\" width=\"50\" height=\"50\" \/><img decoding=\"async\" src=\"https:\/\/as-schwabe.de\/wp-content\/uploads\/ikony\/znak_IP44.png\" alt=\"\" width=\"50\" height=\"50\" \/><img decoding=\"async\" src=\"https:\/\/as-schwabe.de\/wp-content\/uploads\/ikony\/znak_LED.png\" alt=\"\" width=\"50\" height=\"50\" \/><img loading=\"lazy\" decoding=\"async\" src=\"https:\/\/as-schwabe.de\/wp-content\/uploads\/ikony\/znak_PB.png\" alt=\"\" width=\"50\" height=\"50\" \/><img loading=\"lazy\" decoding=\"async\" src=\"https:\/\/as-schwabe.de\/wp-content\/uploads\/ikony\/znak_Z.png\" alt=\"\" width=\"50\" height=\"50\" \/><img loading=\"lazy\" decoding=\"async\" src=\"https:\/\/as-schwabe.de\/wp-content\/uploads\/ikony\/znak_D.png\" alt=\"\" width=\"50\" height=\"50\" \/><\/div>\n<ul>\n<li>optymalny rozsy\u0142 \u015bwiat\u0142a dzi\u0119ki o\u015bwietleniu 360\u00b0 <\/li>\n<li>296 szt. diod LED SMD2835 zamkni\u0119tych w ochronnej kolumnie z poliw\u0119glanu <\/li>\n<li>sk\u0142adany uchwyt do mocowania lampy w g\u00f3rnej cz\u0119\u015bci kolumny <\/li>\n<li>stabilny, sk\u0142adany, 3-ramienny statyw wykonany z metalu malowanego proszkowo <\/li>\n<li>rozpi\u0119to\u015b\u0107 statywu: 1,05 m <\/li>\n<li>wysoko\u015b\u0107: 1,42 m <\/li>\n<li>w obudowie 1x gniazdo z uziemieniem 230 V, 16 A, maks. 3500 W, IP54 <\/li>\n<li>3 m przew\u00f3d neoprenowy H07RN-F 3G1,5 z wtyczk\u0105 z uziemieniem <\/li>\n<li>pod\u0142\u0105czenie: 230 V, 16 A, maks. 3500 W, 50-60 Hz <\/li>\n<li>IP44: chroniony przed cia\u0142ami obcymi i bryzgami wody<\/li>\n<\/ul>","protected":false},"featured_media":30200,"template":"","meta":{"inline_featured_image":false},"genre":[509],"product_cat":[547,559],"product_tag":[],"class_list":{"0":"post-30896","1":"product","2":"type-product","3":"status-publish","4":"has-post-thumbnail","6":"product_brand-as-schwabe-pl","7":"product_cat-oswietlenie-2-pl","8":"product_cat-lampy-robocze-360-pl","10":"first","11":"instock","12":"shipping-taxable","13":"product-type-simple"},"aioseo_notices":[],"_links":{"self":[{"href":"https:\/\/as-schwabe.de\/pl\/wp-json\/wp\/v2\/product\/30896","targetHints":{"allow":["GET"]}}],"collection":[{"href":"https:\/\/as-schwabe.de\/pl\/wp-json\/wp\/v2\/product"}],"about":[{"href":"https:\/\/as-schwabe.de\/pl\/wp-json\/wp\/v2\/types\/product"}],"version-history":[{"count":0,"href":"https:\/\/as-schwabe.de\/pl\/wp-json\/wp\/v2\/product\/30896\/revisions"}],"wp:featuredmedia":[{"embeddable":true,"href":"https:\/\/as-schwabe.de\/pl\/wp-json\/wp\/v2\/media\/30200"}],"wp:attachment":[{"href":"https:\/\/as-schwabe.de\/pl\/wp-json\/wp\/v2\/media?parent=30896"}],"wp:term":[{"taxonomy":"product_brand","embeddable":true,"href":"https:\/\/as-schwabe.de\/pl\/wp-json\/wp\/v2\/genre?post=30896"},{"taxonomy":"product_cat","embeddable":true,"href":"https:\/\/as-schwabe.de\/pl\/wp-json\/wp\/v2\/product_cat?post=30896"},{"taxonomy":"product_tag","embeddable":true,"href":"https:\/\/as-schwabe.de\/pl\/wp-json\/wp\/v2\/product_tag?post=30896"}],"curies":[{"name":"wp","href":"https:\/\/api.w.org\/{rel}","templated":true}]}}