{"id":30895,"date":"2025-09-26T23:03:29","date_gmt":"2025-09-26T23:03:29","guid":{"rendered":"https:\/\/as-schwabe.de\/produkt\/lampa-robocza-led-360-70-w-46370\/"},"modified":"2025-10-23T00:14:51","modified_gmt":"2025-10-23T00:14:51","slug":"lampa-robocza-led-360-70-w-46370","status":"publish","type":"product","link":"https:\/\/as-schwabe.de\/pl\/produkt\/lampa-robocza-led-360-70-w-46370\/","title":{"rendered":"Lampa robocza LED 360\u00b0 70 W &#8211; 6000 lm | 46370"},"content":{"rendered":"<p>Lampa robocza LED 360\u00b0 o mocy 70 W to idealne rozwi\u0105zanie do o\u015bwietlenia przestrzeni roboczej, zapewniaj\u0105ca moc \u015bwietln\u0105 na poziomie 6000 lm i efektywno\u015b\u0107 85 lm\/W. Dzi\u0119ki barwie \u015bwiat\u0142a 4000 K, lampa tworzy przyjemne, neutralne o\u015bwietlenie, kt\u00f3re sprzyja koncentracji i dok\u0142adno\u015bci pracy. Produkt wyposa\u017cony jest w przew\u00f3d zasilaj\u0105cy o d\u0142ugo\u015bci 3 m z wtyczk\u0105 IP44 H07RN-F oraz praktycznym w\u0142\u0105cznikiem, co umo\u017cliwia \u0142atwe i bezpieczne pod\u0142\u0105czenie w r\u00f3\u017cnych warunkach. Dodatkowo, lampa posiada dwa gniazda z klapk\u0105 i uziemieniem 230 V, 16 A (IP54), co pozwala na pod\u0142\u0105czenie dodatkowych urz\u0105dze\u0144 elektrycznych. Dzi\u0119ki kompaktnym wymiarom 250 x 340 mm, lampa jest \u0142atwa w transportowaniu i idealna do zastosowa\u0144 w remontach, na budowach oraz w warsztatach.<\/p>","protected":false},"excerpt":{"rendered":"<div class=\"icons\" style=\"display: flex; flex-wrap: wrap; gap: 5px; align-items: center; margin-top: 10px;\"><img decoding=\"async\" src=\"https:\/\/as-schwabe.de\/wp-content\/uploads\/ikony\/znak_CE.png\" alt=\"\" width=\"50\" height=\"50\" \/><img decoding=\"async\" src=\"https:\/\/as-schwabe.de\/wp-content\/uploads\/ikony\/znak_IP54.png\" alt=\"\" width=\"50\" height=\"50\" \/><img decoding=\"async\" src=\"https:\/\/as-schwabe.de\/wp-content\/uploads\/ikony\/znak_LED.png\" alt=\"\" width=\"50\" height=\"50\" \/><img loading=\"lazy\" decoding=\"async\" src=\"https:\/\/as-schwabe.de\/wp-content\/uploads\/ikony\/znak_PB.png\" alt=\"\" width=\"50\" height=\"50\" \/><img loading=\"lazy\" decoding=\"async\" src=\"https:\/\/as-schwabe.de\/wp-content\/uploads\/ikony\/znak_Z.png\" alt=\"\" width=\"50\" height=\"50\" \/><img loading=\"lazy\" decoding=\"async\" src=\"https:\/\/as-schwabe.de\/wp-content\/uploads\/ikony\/znak_D.png\" alt=\"\" width=\"50\" height=\"50\" \/><\/div>\n<ul>\n<li>Lampa robocza LED 360\u00b0 o mocy 70 W <\/li>\n<li>optymalny rozsy\u0142 \u015bwiat\u0142a dzi\u0119ki k\u0105towi rozsy\u0142u \u015bwiat\u0142a 360\u00b0 <\/li>\n<li>wsp\u00f3\u0142czynnik oddawania barw: CRI >80 <\/li>\n<li>klosz wykonany z poliw\u0119glanu, wyj\u0105tkowo odporny na wstrz\u0105sy IK08 <\/li>\n<li>podstawa z tworzywa sztucznego z uchwytami <\/li>\n<li>2x gniazdo z uziemieniem z klapk\u0105 230 V, 16 A, IP54 <\/li>\n<li>z antypo\u015blizgowymi n\u00f3\u017ckami do u\u017cytku mobilnego <\/li>\n<li>ze sk\u0142adanym uchwytem do zawieszenia na suficie lub rusztowaniu <\/li>\n<li>3 m przew\u00f3d neoprenowy H07RN-F 3G1,5 z wtyczk\u0105 z uziemieniem <\/li>\n<li>z w\u0142\u0105cznikiem <\/li>\n<li>\u015brednica x wysoko\u015b\u0107: 250 x 340 mm <\/li>\n<li>waga: 3,2 kg <\/li>\n<li>pod\u0142\u0105czenie: 230 V, 16 A \/ maks. 3500 W \/ 50-60 Hz <\/li>\n<li>IP54: odporny na kurz i bryzgi wody<\/li>\n<\/ul>","protected":false},"featured_media":30199,"template":"","meta":{"inline_featured_image":false},"genre":[509],"product_cat":[547,559],"product_tag":[],"class_list":{"0":"post-30895","1":"product","2":"type-product","3":"status-publish","4":"has-post-thumbnail","6":"product_brand-as-schwabe-pl","7":"product_cat-oswietlenie-2-pl","8":"product_cat-lampy-robocze-360-pl","10":"first","11":"instock","12":"shipping-taxable","13":"product-type-simple"},"aioseo_notices":[],"_links":{"self":[{"href":"https:\/\/as-schwabe.de\/pl\/wp-json\/wp\/v2\/product\/30895","targetHints":{"allow":["GET"]}}],"collection":[{"href":"https:\/\/as-schwabe.de\/pl\/wp-json\/wp\/v2\/product"}],"about":[{"href":"https:\/\/as-schwabe.de\/pl\/wp-json\/wp\/v2\/types\/product"}],"version-history":[{"count":0,"href":"https:\/\/as-schwabe.de\/pl\/wp-json\/wp\/v2\/product\/30895\/revisions"}],"wp:featuredmedia":[{"embeddable":true,"href":"https:\/\/as-schwabe.de\/pl\/wp-json\/wp\/v2\/media\/30199"}],"wp:attachment":[{"href":"https:\/\/as-schwabe.de\/pl\/wp-json\/wp\/v2\/media?parent=30895"}],"wp:term":[{"taxonomy":"product_brand","embeddable":true,"href":"https:\/\/as-schwabe.de\/pl\/wp-json\/wp\/v2\/genre?post=30895"},{"taxonomy":"product_cat","embeddable":true,"href":"https:\/\/as-schwabe.de\/pl\/wp-json\/wp\/v2\/product_cat?post=30895"},{"taxonomy":"product_tag","embeddable":true,"href":"https:\/\/as-schwabe.de\/pl\/wp-json\/wp\/v2\/product_tag?post=30895"}],"curies":[{"name":"wp","href":"https:\/\/api.w.org\/{rel}","templated":true}]}}