{"id":30894,"date":"2025-09-26T23:03:29","date_gmt":"2025-09-26T23:03:29","guid":{"rendered":"https:\/\/as-schwabe.de\/produkt\/lampa-led-acculine-flex-20-w-46361\/"},"modified":"2025-10-23T00:14:50","modified_gmt":"2025-10-23T00:14:50","slug":"lampa-led-acculine-flex-20-w-46361","status":"publish","type":"product","link":"https:\/\/as-schwabe.de\/pl\/produkt\/lampa-led-acculine-flex-20-w-46361\/","title":{"rendered":"Lampa LED Acculine Flex 20 W &#8211; 2200 lm | 46361"},"content":{"rendered":"<p>Lampa LED Acculine Flex o mocy 20 W to wszechstronne \u017ar\u00f3d\u0142o \u015bwiat\u0142a, kt\u00f3re sprawdzi si\u0119 w r\u00f3\u017cnych warunkach, zar\u00f3wno w pracy, jak i w domu. Dzi\u0119ki wbudowanemu akumulatorowi Li-Ion 3,7 V 8800 mAh lampa zapewnia doskona\u0142\u0105 mobilno\u015b\u0107, oferuj\u0105c do 2200 lumen\u00f3w przy temperaturze barwowej 4000 K oraz k\u0105cie rozsy\u0142u \u015bwiat\u0142a wynosz\u0105cym 120\u00b0. Solidna aluminiowa obudowa gwarantuje trwa\u0142o\u015b\u0107, a mo\u017cliwo\u015b\u0107 regulacji wspornika o 180\u00b0 oraz wbudowany magnes w podstawie u\u0142atwiaj\u0105 monta\u017c i przystosowanie lampy do r\u00f3\u017cnych zastosowa\u0144. Lampa posiada dwa poziomy \u015bwiecenia (50% i 100%), co pozwala na dostosowanie intensywno\u015bci \u015bwiat\u0142a do indywidualnych potrzeb. Do zestawu do\u0142\u0105czono kabel micro USB z zasilaczem, a tak\u017ce wbudowany wska\u017anik poziomu na\u0142adowania oraz port USB 5 V, 1 A, co czyni z niej idealne narz\u0119dzie dla profesjonalist\u00f3w i majsterkowicz\u00f3w.<\/p>","protected":false},"excerpt":{"rendered":"<div class=\"icons\" style=\"display: flex; flex-wrap: wrap; gap: 5px; align-items: center; margin-top: 10px;\"><img decoding=\"async\" src=\"https:\/\/as-schwabe.de\/wp-content\/uploads\/ikony\/znak_CE.png\" alt=\"\" width=\"50\" height=\"50\" \/><img decoding=\"async\" src=\"https:\/\/as-schwabe.de\/wp-content\/uploads\/ikony\/znak_IP54.png\" alt=\"\" width=\"50\" height=\"50\" \/><img decoding=\"async\" src=\"https:\/\/as-schwabe.de\/wp-content\/uploads\/ikony\/znak_LED.png\" alt=\"\" width=\"50\" height=\"50\" \/><img loading=\"lazy\" decoding=\"async\" src=\"https:\/\/as-schwabe.de\/wp-content\/uploads\/ikony\/znak_PB.png\" alt=\"\" width=\"50\" height=\"50\" \/><img loading=\"lazy\" decoding=\"async\" src=\"https:\/\/as-schwabe.de\/wp-content\/uploads\/ikony\/znak_Z.png\" alt=\"\" width=\"50\" height=\"50\" \/><img loading=\"lazy\" decoding=\"async\" src=\"https:\/\/as-schwabe.de\/wp-content\/uploads\/ikony\/znak_D.png\" alt=\"\" width=\"50\" height=\"50\" \/><\/div>\n<ul>\n<li>wyj\u0105tkowo trwa\u0142e diody LED: \u017cywotno\u015b\u0107 ponad 50 000 h <\/li>\n<li>obracany o 180\u00b0 blokowany wspornik <\/li>\n<li>mocny magnes do mocowania na powierzchniach metalowych <\/li>\n<li>k\u0105t rozsy\u0142u \u015bwiat\u0142a diody LED: 120\u00b0 <\/li>\n<li>mo\u017cliwe s\u0105 2 poziomy prze\u0142\u0105czania: poziom 1 (50%) i poziom 2 (100%) <\/li>\n<li>akumulator Li-Ion z wbudowanym wska\u017anikiem poziomu na\u0142adowania i wyj\u015bciem USB (5 V, 1 A), mo\u017ce s\u0142u\u017cy\u0107 np. do \u0142adowania telefon\u00f3w kom\u00f3rkowych <\/li>\n<li>czas \u0142adowania: ok. 4 h <\/li>\n<li>przew\u00f3d micro USB z zasilaczem do \u0142adowania 230 V, 50-60 Hz <\/li>\n<li>pod\u0142\u0105czenie: 230 V, 50 \u2013 60 Hz<\/li>\n<\/ul>","protected":false},"featured_media":30193,"template":"","meta":{"inline_featured_image":false},"genre":[509],"product_cat":[547,558],"product_tag":[],"class_list":{"0":"post-30894","1":"product","2":"type-product","3":"status-publish","4":"has-post-thumbnail","6":"product_brand-as-schwabe-pl","7":"product_cat-oswietlenie-2-pl","8":"product_cat-lampy-robocze-z-mocowaniem-magnetycznym-pl","10":"first","11":"instock","12":"shipping-taxable","13":"product-type-simple"},"aioseo_notices":[],"_links":{"self":[{"href":"https:\/\/as-schwabe.de\/pl\/wp-json\/wp\/v2\/product\/30894","targetHints":{"allow":["GET"]}}],"collection":[{"href":"https:\/\/as-schwabe.de\/pl\/wp-json\/wp\/v2\/product"}],"about":[{"href":"https:\/\/as-schwabe.de\/pl\/wp-json\/wp\/v2\/types\/product"}],"version-history":[{"count":0,"href":"https:\/\/as-schwabe.de\/pl\/wp-json\/wp\/v2\/product\/30894\/revisions"}],"wp:featuredmedia":[{"embeddable":true,"href":"https:\/\/as-schwabe.de\/pl\/wp-json\/wp\/v2\/media\/30193"}],"wp:attachment":[{"href":"https:\/\/as-schwabe.de\/pl\/wp-json\/wp\/v2\/media?parent=30894"}],"wp:term":[{"taxonomy":"product_brand","embeddable":true,"href":"https:\/\/as-schwabe.de\/pl\/wp-json\/wp\/v2\/genre?post=30894"},{"taxonomy":"product_cat","embeddable":true,"href":"https:\/\/as-schwabe.de\/pl\/wp-json\/wp\/v2\/product_cat?post=30894"},{"taxonomy":"product_tag","embeddable":true,"href":"https:\/\/as-schwabe.de\/pl\/wp-json\/wp\/v2\/product_tag?post=30894"}],"curies":[{"name":"wp","href":"https:\/\/api.w.org\/{rel}","templated":true}]}}