{"id":30893,"date":"2025-09-26T23:03:28","date_gmt":"2025-09-26T23:03:28","guid":{"rendered":"https:\/\/as-schwabe.de\/produkt\/lampa-led-acculine-flex-10-w-46360\/"},"modified":"2025-10-23T00:14:50","modified_gmt":"2025-10-23T00:14:50","slug":"lampa-led-acculine-flex-10-w-46360","status":"publish","type":"product","link":"https:\/\/as-schwabe.de\/pl\/produkt\/lampa-led-acculine-flex-10-w-46360\/","title":{"rendered":"Lampa LED Acculine Flex 10 W &#8211; 1100 lm | 46360"},"content":{"rendered":"<p>Lampa LED Acculine Flex o mocy 10 W to wszechstronne urz\u0105dzenie akumulatorowe, idealne do o\u015bwietlenia przestrzeni roboczych oraz u\u017cytku domowego. Dzi\u0119ki wbudowanemu akumulatorowi Li-Ion 3,7 V 4400 mAh, lampa oferuje moc \u015bwietln\u0105 wynosz\u0105c\u0105 1100 lumen\u00f3w przy temperaturze barwowej 4000K. Jej solidna aluminiowa obudowa zapewnia trwa\u0142o\u015b\u0107, a wbudowany magnes w podstaw\u0119 umo\u017cliwia \u0142atwe przymocowanie do metalowych powierzchni. Lampa wyposa\u017cona jest w mo\u017cliwo\u015b\u0107 regulacji wspornika o 180\u00b0, co pozwala na dostosowanie k\u0105ta \u015bwiecenia w zale\u017cno\u015bci od potrzeb. Dodatkowe funkcje, takie jak dwa poziomy \u015bwiecenia (50% i 100%) oraz wska\u017anik poziomu na\u0142adowania, sprawiaj\u0105, \u017ce jest to niezawodny wyb\u00f3r dla profesjonalist\u00f3w i majsterkowicz\u00f3w. Czas \u0142adowania wynosi oko\u0142o 4 godzin, a w zestawie znajduje si\u0119 przew\u00f3d micro USB z zasilaczem oraz port USB 5 V, 1 A do \u0142adowania urz\u0105dze\u0144 mobilnych.<\/p>","protected":false},"excerpt":{"rendered":"<div class=\"icons\" style=\"display: flex; flex-wrap: wrap; gap: 5px; align-items: center; margin-top: 10px;\"><img decoding=\"async\" src=\"https:\/\/as-schwabe.de\/wp-content\/uploads\/ikony\/znak_CE.png\" alt=\"\" width=\"50\" height=\"50\" \/><img decoding=\"async\" src=\"https:\/\/as-schwabe.de\/wp-content\/uploads\/ikony\/znak_IP54.png\" alt=\"\" width=\"50\" height=\"50\" \/><img decoding=\"async\" src=\"https:\/\/as-schwabe.de\/wp-content\/uploads\/ikony\/znak_LED.png\" alt=\"\" width=\"50\" height=\"50\" \/><img loading=\"lazy\" decoding=\"async\" src=\"https:\/\/as-schwabe.de\/wp-content\/uploads\/ikony\/znak_PB.png\" alt=\"\" width=\"50\" height=\"50\" \/><img loading=\"lazy\" decoding=\"async\" src=\"https:\/\/as-schwabe.de\/wp-content\/uploads\/ikony\/znak_Z.png\" alt=\"\" width=\"50\" height=\"50\" \/><img loading=\"lazy\" decoding=\"async\" src=\"https:\/\/as-schwabe.de\/wp-content\/uploads\/ikony\/znak_D.png\" alt=\"\" width=\"50\" height=\"50\" \/><\/div>\n<ul>\n<li>wyj\u0105tkowo trwa\u0142e diody LED: \u017cywotno\u015b\u0107 ponad 50 000 h <\/li>\n<li>obracany o 180\u00b0 blokowany wspornik <\/li>\n<li>mocny magnes do mocowania na powierzchniach metalowych <\/li>\n<li>k\u0105t rozsy\u0142u \u015bwiat\u0142a diody LED: 120\u00b0 <\/li>\n<li>mo\u017cliwe s\u0105 2 poziomy prze\u0142\u0105czania: poziom 1 (50%) i poziom 2 (100%) <\/li>\n<li>akumulator Li-Ion z wbudowanym wska\u017anikiem poziomu na\u0142adowania i wyj\u015bciem USB (5 V, 1 A), mo\u017ce s\u0142u\u017cy\u0107 np. do \u0142adowania telefon\u00f3w kom\u00f3rkowych <\/li>\n<li>czas \u0142adowania: ok. 4 h <\/li>\n<li>przew\u00f3d micro USB z zasilaczem do \u0142adowania 230 V, 50-60 Hz <\/li>\n<li>pod\u0142\u0105czenie: 230 V, 50 \u2013 60 Hz<\/li>\n<\/ul>","protected":false},"featured_media":30187,"template":"","meta":{"inline_featured_image":false},"genre":[509],"product_cat":[547,558],"product_tag":[],"class_list":{"0":"post-30893","1":"product","2":"type-product","3":"status-publish","4":"has-post-thumbnail","6":"product_brand-as-schwabe-pl","7":"product_cat-oswietlenie-2-pl","8":"product_cat-lampy-robocze-z-mocowaniem-magnetycznym-pl","10":"first","11":"instock","12":"shipping-taxable","13":"product-type-simple"},"aioseo_notices":[],"_links":{"self":[{"href":"https:\/\/as-schwabe.de\/pl\/wp-json\/wp\/v2\/product\/30893","targetHints":{"allow":["GET"]}}],"collection":[{"href":"https:\/\/as-schwabe.de\/pl\/wp-json\/wp\/v2\/product"}],"about":[{"href":"https:\/\/as-schwabe.de\/pl\/wp-json\/wp\/v2\/types\/product"}],"version-history":[{"count":0,"href":"https:\/\/as-schwabe.de\/pl\/wp-json\/wp\/v2\/product\/30893\/revisions"}],"wp:featuredmedia":[{"embeddable":true,"href":"https:\/\/as-schwabe.de\/pl\/wp-json\/wp\/v2\/media\/30187"}],"wp:attachment":[{"href":"https:\/\/as-schwabe.de\/pl\/wp-json\/wp\/v2\/media?parent=30893"}],"wp:term":[{"taxonomy":"product_brand","embeddable":true,"href":"https:\/\/as-schwabe.de\/pl\/wp-json\/wp\/v2\/genre?post=30893"},{"taxonomy":"product_cat","embeddable":true,"href":"https:\/\/as-schwabe.de\/pl\/wp-json\/wp\/v2\/product_cat?post=30893"},{"taxonomy":"product_tag","embeddable":true,"href":"https:\/\/as-schwabe.de\/pl\/wp-json\/wp\/v2\/product_tag?post=30893"}],"curies":[{"name":"wp","href":"https:\/\/api.w.org\/{rel}","templated":true}]}}