{"id":30891,"date":"2025-09-26T23:03:27","date_gmt":"2025-09-26T23:03:27","guid":{"rendered":"https:\/\/as-schwabe.de\/produkt\/naswietlacz-optilne-2-x-30-w-ze-statywem-46351\/"},"modified":"2025-10-23T00:14:50","modified_gmt":"2025-10-23T00:14:50","slug":"naswietlacz-optilne-2-x-30-w-ze-statywem-46351","status":"publish","type":"product","link":"https:\/\/as-schwabe.de\/pl\/produkt\/naswietlacz-optilne-2-x-30-w-ze-statywem-46351\/","title":{"rendered":"Na\u015bwietlacz Optilne 2 x 30 W ze statywem &#8211; 5400 lm | 46351"},"content":{"rendered":"<p>Na\u015bwietlacz Optilne 2 x 30 W to wydajne \u017ar\u00f3d\u0142o \u015bwiat\u0142a, idealne do zastosowa\u0144 w terenie oraz w pomieszczeniach. Wyposa\u017cony w dwa \u017ar\u00f3d\u0142a \u015bwiat\u0142a o \u0142\u0105cznej mocy 5400 lumen\u00f3w (2 x 2700 lm) oraz efektywno\u015bci 90 lm\/W, zapewnia doskona\u0142e o\u015bwietlenie nawet w wymagaj\u0105cych warunkach. Dzi\u0119ki k\u0105towi rozsy\u0142u \u015bwiat\u0142a wynosz\u0105cemu 100\u00b0 oraz temperaturze barwowej 4000K, na\u015bwietlacz dostarcza naturalne i przyjemne \u015bwiat\u0142o, sprzyjaj\u0105ce pracy. W zestawie znajduje si\u0119 solidny metalowy statyw malowany proszkowo z mini trawersem, kt\u00f3ry mo\u017cna regulowa\u0107 do maksymalnej wysoko\u015bci 1,4 m, co umo\u017cliwia dostosowanie o\u015bwietlenia do indywidualnych potrzeb. Wysokiej jako\u015bci przew\u00f3d zasilaj\u0105cy z wtyczk\u0105 IP44 zapewnia odporno\u015b\u0107 na warunki atmosferyczne, co czyni ten produkt idealnym rozwi\u0105zaniem do pracy na \u015bwie\u017cym powietrzu i w trudnych warunkach.<\/p>","protected":false},"excerpt":{"rendered":"<div class=\"icons\" style=\"display: flex; flex-wrap: wrap; gap: 5px; align-items: center; margin-top: 10px;\"><img decoding=\"async\" src=\"https:\/\/as-schwabe.de\/wp-content\/uploads\/ikony\/znak_CE.png\" alt=\"\" width=\"50\" height=\"50\" \/><img decoding=\"async\" src=\"https:\/\/as-schwabe.de\/wp-content\/uploads\/ikony\/znak_IP65.png\" alt=\"\" width=\"50\" height=\"50\" \/><img decoding=\"async\" src=\"https:\/\/as-schwabe.de\/wp-content\/uploads\/ikony\/znak_LED.png\" alt=\"\" width=\"50\" height=\"50\" \/><img loading=\"lazy\" decoding=\"async\" src=\"https:\/\/as-schwabe.de\/wp-content\/uploads\/ikony\/znak_Z.png\" alt=\"\" width=\"50\" height=\"50\" \/><img loading=\"lazy\" decoding=\"async\" src=\"https:\/\/as-schwabe.de\/wp-content\/uploads\/ikony\/znak_D.png\" alt=\"\" width=\"50\" height=\"50\" \/><\/div>\n<ul>\n<li>Mobilne lampy robocze Optiline LED ze statywem <\/li>\n<li>diody LED o \u017cywotno\u015bci ponad 40 000 h <\/li>\n<li>temperatura barwowa: 4000 K (neutralna biel) <\/li>\n<li>k\u0105t rozsy\u0142u \u015bwiat\u0142a diody LED: 100\u00b0 <\/li>\n<li>w\u0105ska obudowa z odlewanego ci\u015bnieniowo aluminium z obrotowym i blokowanym uchwytem monta\u017cowym <\/li>\n<li>kabel po\u0142\u0105czeniowy i szk\u0142o nie s\u0105 wymienne <\/li>\n<li>pod\u0142\u0105czenie: 230 V, 50 Hz <\/li>\n<li>statyw malowany proszkowo, z regulacj\u0105 wysoko\u015bci, sk\u0142adany <\/li>\n<li>3 m przew\u00f3d neoprenowy H05RN-F 3G1,0 z wtyczk\u0105 z uziemieniem <\/li>\n<li>regulacja wysoko\u015bci do: 1,6 m (nr art. 46350), do 1,4 m (nr art. 46351) <\/li>\n<li>IP65: py\u0142oszczelny i chroniony przed strumieniami wody<\/li>\n<\/ul>","protected":false},"featured_media":30186,"template":"","meta":{"inline_featured_image":false},"genre":[509],"product_cat":[547,557],"product_tag":[],"class_list":{"0":"post-30891","1":"product","2":"type-product","3":"status-publish","4":"has-post-thumbnail","6":"product_brand-as-schwabe-pl","7":"product_cat-oswietlenie-2-pl","8":"product_cat-o-seria-naswietlaczy-optiline-pl","10":"first","11":"instock","12":"shipping-taxable","13":"product-type-simple"},"aioseo_notices":[],"_links":{"self":[{"href":"https:\/\/as-schwabe.de\/pl\/wp-json\/wp\/v2\/product\/30891","targetHints":{"allow":["GET"]}}],"collection":[{"href":"https:\/\/as-schwabe.de\/pl\/wp-json\/wp\/v2\/product"}],"about":[{"href":"https:\/\/as-schwabe.de\/pl\/wp-json\/wp\/v2\/types\/product"}],"version-history":[{"count":0,"href":"https:\/\/as-schwabe.de\/pl\/wp-json\/wp\/v2\/product\/30891\/revisions"}],"wp:featuredmedia":[{"embeddable":true,"href":"https:\/\/as-schwabe.de\/pl\/wp-json\/wp\/v2\/media\/30186"}],"wp:attachment":[{"href":"https:\/\/as-schwabe.de\/pl\/wp-json\/wp\/v2\/media?parent=30891"}],"wp:term":[{"taxonomy":"product_brand","embeddable":true,"href":"https:\/\/as-schwabe.de\/pl\/wp-json\/wp\/v2\/genre?post=30891"},{"taxonomy":"product_cat","embeddable":true,"href":"https:\/\/as-schwabe.de\/pl\/wp-json\/wp\/v2\/product_cat?post=30891"},{"taxonomy":"product_tag","embeddable":true,"href":"https:\/\/as-schwabe.de\/pl\/wp-json\/wp\/v2\/product_tag?post=30891"}],"curies":[{"name":"wp","href":"https:\/\/api.w.org\/{rel}","templated":true}]}}