{"id":30889,"date":"2025-09-26T23:03:26","date_gmt":"2025-09-26T23:03:26","guid":{"rendered":"https:\/\/as-schwabe.de\/produkt\/naswietlacz-optilne-2-x-30w-ze-statywem-46347\/"},"modified":"2025-10-23T00:14:49","modified_gmt":"2025-10-23T00:14:49","slug":"naswietlacz-optilne-2-x-30w-ze-statywem-46347","status":"publish","type":"product","link":"https:\/\/as-schwabe.de\/pl\/produkt\/naswietlacz-optilne-2-x-30w-ze-statywem-46347\/","title":{"rendered":"Na\u015bwietlacz Optilne 2 x 30W ze statywem &#8211; 6500 lm | 46347"},"content":{"rendered":"<p>Na\u015bwietlacz Optilne 2 x 30W to profesjonalne \u017ar\u00f3d\u0142o \u015bwiat\u0142a, kt\u00f3re idealnie sprawdzi si\u0119 w r\u00f3\u017cnorodnych zastosowaniach, takich jak o\u015bwietlenie plac\u00f3w budowy, wydarze\u0144 plenerowych czy warsztat\u00f3w. Wyposa\u017cony w dwa \u017ar\u00f3d\u0142a \u015bwiat\u0142a o \u0142\u0105cznej mocy 6500 lumen\u00f3w i efektywno\u015bci 104 lm\/W, zapewnia doskona\u0142e o\u015bwietlenie przy temperaturze barwowej 4000K. Obudowa i dyfuzor wykonane s\u0105 z odpornego tworzywa sztucznego, co gwarantuje trwa\u0142o\u015b\u0107 i odporno\u015b\u0107 na uszkodzenia. Na\u015bwietlacz posiada szeroki k\u0105t rozsy\u0142u \u015bwiat\u0142a wynosz\u0105cy 100\u00b0, co umo\u017cliwia efektywne o\u015bwietlenie wi\u0119kszych powierzchni. W zestawie z metalowym statywem malowanym proszkowo, kt\u00f3ry osi\u0105ga maksymaln\u0105 wysoko\u015b\u0107 1,6 m, stanowi wygodne oraz stabilne rozwi\u0105zanie do o\u015bwietlania przestrzeni. Przew\u00f3d zasilaj\u0105cy z wtyczk\u0105 IP44 o d\u0142ugo\u015bci 3 metr\u00f3w zapewnia odpowiedni\u0105 elastyczno\u015b\u0107 w u\u017cytkowaniu w r\u00f3\u017cnych warunkach.<\/p>","protected":false},"excerpt":{"rendered":"<div class=\"icons\" style=\"display: flex; flex-wrap: wrap; gap: 5px; align-items: center; margin-top: 10px;\"><img decoding=\"async\" src=\"https:\/\/as-schwabe.de\/wp-content\/uploads\/ikony\/znak_CE.png\" alt=\"\" width=\"50\" height=\"50\" \/><img decoding=\"async\" src=\"https:\/\/as-schwabe.de\/wp-content\/uploads\/ikony\/znak_IP54.png\" alt=\"\" width=\"50\" height=\"50\" \/><img decoding=\"async\" src=\"https:\/\/as-schwabe.de\/wp-content\/uploads\/ikony\/znak_LED.png\" alt=\"\" width=\"50\" height=\"50\" \/><img loading=\"lazy\" decoding=\"async\" src=\"https:\/\/as-schwabe.de\/wp-content\/uploads\/ikony\/znak_Z.png\" alt=\"\" width=\"50\" height=\"50\" \/><img loading=\"lazy\" decoding=\"async\" src=\"https:\/\/as-schwabe.de\/wp-content\/uploads\/ikony\/znak_D.png\" alt=\"\" width=\"50\" height=\"50\" \/><\/div>\n<ul>\n<li>diody LED o \u017cywotno\u015bci ponad 40 000 h <\/li>\n<li>temperatura barwowa: 4000 K (neutralna biel) <\/li>\n<li>k\u0105t rozsy\u0142u \u015bwiat\u0142a diody LED: 100\u00b0 <\/li>\n<li>wsp\u00f3\u0142czynnik oddawania barw: CRI > 80 <\/li>\n<li>z dyfuzorem wykonanym z poliw\u0119glanu <\/li>\n<li>wyj\u0105tkowo w\u0105ska obudowa reflektora wykonana ze specjalnego tworzywa sztucznego z blokad\u0105 uchwytu mocuj\u0105cego <\/li>\n<li>kabel przy\u0142\u0105czeniowy i tarcza dyfuzora nie s\u0105 wymienne <\/li>\n<li>pod\u0142\u0105czenie: 220-240 V\/50 Hz <\/li>\n<li>wytrzyma\u0142y, malowany proszkowo, sk\u0142adany statyw, kt\u00f3ry pozwala zaoszcz\u0119dzi\u0107 miejsce <\/li>\n<li>rozpi\u0119to\u015b\u0107 statywu: 1,3 m <\/li>\n<li>regulacja wysoko\u015bci od 1,2 do 1,6 m, \u0142\u0105cznie z reflektorem <\/li>\n<li>3 m przew\u00f3d neoprenowy H05RN-F 3G1,0 z wtyczk\u0105 z uziemieniem <\/li>\n<li>IP54: odporny na kurz i bryzgi wody<\/li>\n<\/ul>","protected":false},"featured_media":30184,"template":"","meta":{"inline_featured_image":false},"genre":[509],"product_cat":[547,557],"product_tag":[],"class_list":{"0":"post-30889","1":"product","2":"type-product","3":"status-publish","4":"has-post-thumbnail","6":"product_brand-as-schwabe-pl","7":"product_cat-oswietlenie-2-pl","8":"product_cat-o-seria-naswietlaczy-optiline-pl","10":"first","11":"instock","12":"shipping-taxable","13":"product-type-simple"},"aioseo_notices":[],"_links":{"self":[{"href":"https:\/\/as-schwabe.de\/pl\/wp-json\/wp\/v2\/product\/30889","targetHints":{"allow":["GET"]}}],"collection":[{"href":"https:\/\/as-schwabe.de\/pl\/wp-json\/wp\/v2\/product"}],"about":[{"href":"https:\/\/as-schwabe.de\/pl\/wp-json\/wp\/v2\/types\/product"}],"version-history":[{"count":0,"href":"https:\/\/as-schwabe.de\/pl\/wp-json\/wp\/v2\/product\/30889\/revisions"}],"wp:featuredmedia":[{"embeddable":true,"href":"https:\/\/as-schwabe.de\/pl\/wp-json\/wp\/v2\/media\/30184"}],"wp:attachment":[{"href":"https:\/\/as-schwabe.de\/pl\/wp-json\/wp\/v2\/media?parent=30889"}],"wp:term":[{"taxonomy":"product_brand","embeddable":true,"href":"https:\/\/as-schwabe.de\/pl\/wp-json\/wp\/v2\/genre?post=30889"},{"taxonomy":"product_cat","embeddable":true,"href":"https:\/\/as-schwabe.de\/pl\/wp-json\/wp\/v2\/product_cat?post=30889"},{"taxonomy":"product_tag","embeddable":true,"href":"https:\/\/as-schwabe.de\/pl\/wp-json\/wp\/v2\/product_tag?post=30889"}],"curies":[{"name":"wp","href":"https:\/\/api.w.org\/{rel}","templated":true}]}}