{"id":30886,"date":"2025-09-26T23:03:26","date_gmt":"2025-09-26T23:03:26","guid":{"rendered":"https:\/\/as-schwabe.de\/produkt\/naswietlacz-mobilny-optiline-led-80-w-46346\/"},"modified":"2025-10-23T00:14:49","modified_gmt":"2025-10-23T00:14:49","slug":"naswietlacz-mobilny-optiline-led-80-w-46346","status":"publish","type":"product","link":"https:\/\/as-schwabe.de\/pl\/produkt\/naswietlacz-mobilny-optiline-led-80-w-46346\/","title":{"rendered":"Na\u015bwietlacz mobilny Optiline LED 80 W &#8211; 9200 lm | 46346"},"content":{"rendered":"<p>Na\u015bwietlacz mobilny Optiline LED o mocy 80 W to doskona\u0142e rozwi\u0105zanie dla profesjonalist\u00f3w i entuzjast\u00f3w, kt\u00f3rzy potrzebuj\u0105 wydajnego \u017ar\u00f3d\u0142a \u015bwiat\u0142a w terenie. \u017bywotno\u015b\u0107 \u015bwietlna wynosz\u0105ca 8200 lumen\u00f3w przy efektywno\u015bci 104 lm\/W sprawia, \u017ce produkt ten idealnie sprawdzi si\u0119 w r\u00f3\u017cnych warunkach o\u015bwietleniowych, a temperatura barwowa 4000K zapewnia naturalne odwzorowanie kolor\u00f3w. Obudowa w kolorze czarno-niebieskim oraz wykonanie z odpornego tworzywa sztucznego gwarantuj\u0105 trwa\u0142o\u015b\u0107 i odporno\u015b\u0107 na niekorzystne warunki atmosferyczne. Na\u015bwietlacz posiada funkcj\u0119 regulacji jasno\u015bci na dw\u00f3ch poziomach (50% i 100%), co pozwala na dostosowanie intensywno\u015bci \u015bwiat\u0142a do indywidualnych potrzeb u\u017cytkownika. Dodatkowo, wyj\u015bcie z dwoma gniazdami z klapk\u0105 i uziemieniem 230 V, 16 A umo\u017cliwia zasilanie dodatkowych urz\u0105dze\u0144. Idealny do zastosowa\u0144 budowlanych, eventowych oraz w do\u015bwietlaniu przestrzeni roboczych.<\/p>","protected":false},"excerpt":{"rendered":"<div class=\"icons\" style=\"display: flex; flex-wrap: wrap; gap: 5px; align-items: center; margin-top: 10px;\"><img decoding=\"async\" src=\"https:\/\/as-schwabe.de\/wp-content\/uploads\/ikony\/znak_CE.png\" alt=\"\" width=\"50\" height=\"50\" \/><img decoding=\"async\" src=\"https:\/\/as-schwabe.de\/wp-content\/uploads\/ikony\/znak_IP54.png\" alt=\"\" width=\"50\" height=\"50\" \/><img decoding=\"async\" src=\"https:\/\/as-schwabe.de\/wp-content\/uploads\/ikony\/znak_LED.png\" alt=\"\" width=\"50\" height=\"50\" \/><img loading=\"lazy\" decoding=\"async\" src=\"https:\/\/as-schwabe.de\/wp-content\/uploads\/ikony\/znak_Z.png\" alt=\"\" width=\"50\" height=\"50\" \/><img loading=\"lazy\" decoding=\"async\" src=\"https:\/\/as-schwabe.de\/wp-content\/uploads\/ikony\/znak_D.png\" alt=\"\" width=\"50\" height=\"50\" \/><\/div>\n<ul>\n<li>diody LED o \u017cywotno\u015bci ponad 40 000 h <\/li>\n<li>temperatura barwowa: 4000 K (neutralna biel) <\/li>\n<li>k\u0105t rozsy\u0142u \u015bwiat\u0142a diody LED: 100\u00b0 <\/li>\n<li>wsp\u00f3\u0142czynnik oddawania barw: CRI > 80 <\/li>\n<li>z dyfuzorem wykonanym z poliw\u0119glanu <\/li>\n<li>wyj\u0105tkowo w\u0105ska obudowa reflektora wykonana ze specjalnego tworzywa sztucznego z blokad\u0105 uchwytu mocuj\u0105cego <\/li>\n<li>pod\u0142\u0105czenie: 220-240 V\/50 Hz <\/li>\n<li>3 m przew\u00f3d neoprenowy H07RN-F 3G1,5 z wtyczk\u0105 z uziemieniem <\/li>\n<li>IP54: odporny na kurz i bryzgi wody <\/li>\n<li>2x gniazdo z uziemieniem i uchyln\u0105 klapk\u0105 <\/li>\n<li>3 poziomy prze\u0142\u0105czania: 50%, 100%, wy\u0142\u0105czony <\/li>\n<\/ul>","protected":false},"featured_media":30183,"template":"","meta":{"inline_featured_image":false},"genre":[509],"product_cat":[547,557],"product_tag":[],"class_list":{"0":"post-30886","1":"product","2":"type-product","3":"status-publish","4":"has-post-thumbnail","6":"product_brand-as-schwabe-pl","7":"product_cat-oswietlenie-2-pl","8":"product_cat-o-seria-naswietlaczy-optiline-pl","10":"first","11":"instock","12":"shipping-taxable","13":"product-type-simple"},"aioseo_notices":[],"_links":{"self":[{"href":"https:\/\/as-schwabe.de\/pl\/wp-json\/wp\/v2\/product\/30886","targetHints":{"allow":["GET"]}}],"collection":[{"href":"https:\/\/as-schwabe.de\/pl\/wp-json\/wp\/v2\/product"}],"about":[{"href":"https:\/\/as-schwabe.de\/pl\/wp-json\/wp\/v2\/types\/product"}],"version-history":[{"count":0,"href":"https:\/\/as-schwabe.de\/pl\/wp-json\/wp\/v2\/product\/30886\/revisions"}],"wp:featuredmedia":[{"embeddable":true,"href":"https:\/\/as-schwabe.de\/pl\/wp-json\/wp\/v2\/media\/30183"}],"wp:attachment":[{"href":"https:\/\/as-schwabe.de\/pl\/wp-json\/wp\/v2\/media?parent=30886"}],"wp:term":[{"taxonomy":"product_brand","embeddable":true,"href":"https:\/\/as-schwabe.de\/pl\/wp-json\/wp\/v2\/genre?post=30886"},{"taxonomy":"product_cat","embeddable":true,"href":"https:\/\/as-schwabe.de\/pl\/wp-json\/wp\/v2\/product_cat?post=30886"},{"taxonomy":"product_tag","embeddable":true,"href":"https:\/\/as-schwabe.de\/pl\/wp-json\/wp\/v2\/product_tag?post=30886"}],"curies":[{"name":"wp","href":"https:\/\/api.w.org\/{rel}","templated":true}]}}