{"id":30884,"date":"2025-09-26T23:03:25","date_gmt":"2025-09-26T23:03:25","guid":{"rendered":"https:\/\/as-schwabe.de\/produkt\/naswietlacz-mobilny-optiline-led-45-w-46345\/"},"modified":"2025-10-23T00:14:48","modified_gmt":"2025-10-23T00:14:48","slug":"naswietlacz-mobilny-optiline-led-45-w-46345","status":"publish","type":"product","link":"https:\/\/as-schwabe.de\/pl\/produkt\/naswietlacz-mobilny-optiline-led-45-w-46345\/","title":{"rendered":"Na\u015bwietlacz mobilny Optiline LED 45 W &#8211; 3800 lm | 46345"},"content":{"rendered":"<p>Na\u015bwietlacz mobilny Optiline LED o mocy 45 W to doskona\u0142e rozwi\u0105zanie dla u\u017cytkownik\u00f3w poszukuj\u0105cych wydajnego i praktycznego \u017ar\u00f3d\u0142a \u015bwiat\u0142a w r\u00f3\u017cnorodnych warunkach. Dzi\u0119ki mocy \u015bwietlnej wynosz\u0105cej 3800 lm oraz wysokiej efektywno\u015bci si\u0119gaj\u0105cej 104 lm\/W, zapewnia jasne o\u015bwietlenie w neutralnej barwie 4000K. Urz\u0105dzenie wyposa\u017cone jest w trzymetrowy przew\u00f3d zasilaj\u0105cy IP44 H07RN-F oraz dwa gniazda z klapk\u0105 i uziemieniem 230 V, 16 A. Solidna obudowa w kolorze czarno-niebieskim oraz dyfuzor wykonany z odpornego tworzywa sztucznego gwarantuj\u0105 trwa\u0142o\u015b\u0107 i odporno\u015b\u0107 na warunki atmosferyczne. Na\u015bwietlacz oferuje dwa poziomy \u015bwiecenia (50% i 100%), co pozwala na dostosowanie intensywno\u015bci \u015bwiat\u0142a do aktualnych potrzeb u\u017cytkownika, czyni\u0105c go idealnym rozwi\u0105zaniem dla budownictwa, prac w plenerze oraz wszelkich dzia\u0142a\u0144 wymagaj\u0105cych mobilnego o\u015bwietlenia.<\/p>","protected":false},"excerpt":{"rendered":"<div class=\"icons\" style=\"display: flex; flex-wrap: wrap; gap: 5px; align-items: center; margin-top: 10px;\"><img decoding=\"async\" src=\"https:\/\/as-schwabe.de\/wp-content\/uploads\/ikony\/znak_CE.png\" alt=\"\" width=\"50\" height=\"50\" \/><img decoding=\"async\" src=\"https:\/\/as-schwabe.de\/wp-content\/uploads\/ikony\/znak_IP54.png\" alt=\"\" width=\"50\" height=\"50\" \/><img decoding=\"async\" src=\"https:\/\/as-schwabe.de\/wp-content\/uploads\/ikony\/znak_LED.png\" alt=\"\" width=\"50\" height=\"50\" \/><img loading=\"lazy\" decoding=\"async\" src=\"https:\/\/as-schwabe.de\/wp-content\/uploads\/ikony\/znak_Z.png\" alt=\"\" width=\"50\" height=\"50\" \/><img loading=\"lazy\" decoding=\"async\" src=\"https:\/\/as-schwabe.de\/wp-content\/uploads\/ikony\/znak_D.png\" alt=\"\" width=\"50\" height=\"50\" \/><\/div>\n<ul>\n<li>diody LED o \u017cywotno\u015bci ponad 40 000 h <\/li>\n<li>temperatura barwowa: 4000 K (neutralna biel) <\/li>\n<li>k\u0105t rozsy\u0142u \u015bwiat\u0142a diody LED: 100\u00b0 <\/li>\n<li>wsp\u00f3\u0142czynnik oddawania barw: CRI > 80 <\/li>\n<li>z dyfuzorem wykonanym z poliw\u0119glanu <\/li>\n<li>wyj\u0105tkowo w\u0105ska obudowa reflektora wykonana ze specjalnego tworzywa sztucznego z blokad\u0105 uchwytu mocuj\u0105cego <\/li>\n<li>pod\u0142\u0105czenie: 220-240 V\/50 Hz <\/li>\n<li>3 m przew\u00f3d neoprenowy H07RN-F 3G1,5 z wtyczk\u0105 z uziemieniem <\/li>\n<li>IP54: odporny na kurz i bryzgi wody <\/li>\n<li>2x gniazdo z uziemieniem i uchyln\u0105 klapk\u0105 <\/li>\n<li>3 poziomy prze\u0142\u0105czania: 50%, 100%, wy\u0142\u0105czony <\/li>\n<\/ul>","protected":false},"featured_media":30182,"template":"","meta":{"inline_featured_image":false},"genre":[509],"product_cat":[547,557],"product_tag":[],"class_list":{"0":"post-30884","1":"product","2":"type-product","3":"status-publish","4":"has-post-thumbnail","6":"product_brand-as-schwabe-pl","7":"product_cat-oswietlenie-2-pl","8":"product_cat-o-seria-naswietlaczy-optiline-pl","10":"first","11":"instock","12":"shipping-taxable","13":"product-type-simple"},"aioseo_notices":[],"_links":{"self":[{"href":"https:\/\/as-schwabe.de\/pl\/wp-json\/wp\/v2\/product\/30884","targetHints":{"allow":["GET"]}}],"collection":[{"href":"https:\/\/as-schwabe.de\/pl\/wp-json\/wp\/v2\/product"}],"about":[{"href":"https:\/\/as-schwabe.de\/pl\/wp-json\/wp\/v2\/types\/product"}],"version-history":[{"count":0,"href":"https:\/\/as-schwabe.de\/pl\/wp-json\/wp\/v2\/product\/30884\/revisions"}],"wp:featuredmedia":[{"embeddable":true,"href":"https:\/\/as-schwabe.de\/pl\/wp-json\/wp\/v2\/media\/30182"}],"wp:attachment":[{"href":"https:\/\/as-schwabe.de\/pl\/wp-json\/wp\/v2\/media?parent=30884"}],"wp:term":[{"taxonomy":"product_brand","embeddable":true,"href":"https:\/\/as-schwabe.de\/pl\/wp-json\/wp\/v2\/genre?post=30884"},{"taxonomy":"product_cat","embeddable":true,"href":"https:\/\/as-schwabe.de\/pl\/wp-json\/wp\/v2\/product_cat?post=30884"},{"taxonomy":"product_tag","embeddable":true,"href":"https:\/\/as-schwabe.de\/pl\/wp-json\/wp\/v2\/product_tag?post=30884"}],"curies":[{"name":"wp","href":"https:\/\/api.w.org\/{rel}","templated":true}]}}