{"id":30883,"date":"2025-09-26T23:03:24","date_gmt":"2025-09-26T23:03:24","guid":{"rendered":"https:\/\/as-schwabe.de\/produkt\/naswietlacz-mobilny-optiline-led-24-w-46344\/"},"modified":"2025-10-23T00:14:48","modified_gmt":"2025-10-23T00:14:48","slug":"naswietlacz-mobilny-optiline-led-24-w-46344","status":"publish","type":"product","link":"https:\/\/as-schwabe.de\/pl\/produkt\/naswietlacz-mobilny-optiline-led-24-w-46344\/","title":{"rendered":"Na\u015bwietlacz mobilny Optiline LED 24 W &#8211; 2500 lm | 46344"},"content":{"rendered":"<p>Na\u015bwietlacz mobilny Optiline LED o mocy 24 W to idealne rozwi\u0105zanie do o\u015bwietlania przestrzeni roboczych oraz inspirowania nowych projekt\u00f3w w plenerze. Jego wysoka moc \u015bwietlna wynosz\u0105ca 1920 lm oraz efektywno\u015b\u0107 104 lm\/W przy temperaturze barwowej 4000K zapewniaj\u0105 jasne i naturalne \u015bwiat\u0142o, kt\u00f3re sprzyja koncentracji. Solidna obudowa w kolorze czarno-niebieskim, wykonana z odpornego tworzywa sztucznego, gwarantuje trwa\u0142o\u015b\u0107 i odporno\u015b\u0107 na warunki atmosferyczne. Dodatkowe funkcje, takie jak gniazdo z klapk\u0105, port USB oraz wy\u0142\u0105cznik, zwi\u0119kszaj\u0105 uniwersalno\u015b\u0107 zastosowania na\u015bwietlacza, czyni\u0105c go nieocenionym narz\u0119dziem zar\u00f3wno w pracy, jak i podczas aktywno\u015bci na \u015bwie\u017cym powietrzu. Przew\u00f3d zasilaj\u0105cy o d\u0142ugo\u015bci 3 metr\u00f3w i stopniu ochrony IP44 zapewnia wygod\u0119 u\u017cytkowania oraz bezpiecze\u0144stwo.<\/p>","protected":false},"excerpt":{"rendered":"<div class=\"icons\" style=\"display: flex; flex-wrap: wrap; gap: 5px; align-items: center; margin-top: 10px;\"><img decoding=\"async\" src=\"https:\/\/as-schwabe.de\/wp-content\/uploads\/ikony\/znak_CE.png\" alt=\"\" width=\"50\" height=\"50\" \/><img decoding=\"async\" src=\"https:\/\/as-schwabe.de\/wp-content\/uploads\/ikony\/znak_IP54.png\" alt=\"\" width=\"50\" height=\"50\" \/><img decoding=\"async\" src=\"https:\/\/as-schwabe.de\/wp-content\/uploads\/ikony\/znak_LED.png\" alt=\"\" width=\"50\" height=\"50\" \/><img loading=\"lazy\" decoding=\"async\" src=\"https:\/\/as-schwabe.de\/wp-content\/uploads\/ikony\/znak_Z.png\" alt=\"\" width=\"50\" height=\"50\" \/><img loading=\"lazy\" decoding=\"async\" src=\"https:\/\/as-schwabe.de\/wp-content\/uploads\/ikony\/znak_D.png\" alt=\"\" width=\"50\" height=\"50\" \/><\/div>\n<ul>\n<li>diody LED o \u017cywotno\u015bci ponad 40 000 h <\/li>\n<li>temperatura barwowa: 4000 K (neutralna biel) <\/li>\n<li>k\u0105t rozsy\u0142u \u015bwiat\u0142a diody LED: 100\u00b0 <\/li>\n<li>wsp\u00f3\u0142czynnik oddawania barw: CRI > 80 <\/li>\n<li>z dyfuzorem wykonanym z poliw\u0119glanu <\/li>\n<li>wyj\u0105tkowo w\u0105ska obudowa reflektora wykonana ze specjalnego tworzywa sztucznego z blokad\u0105 uchwytu mocuj\u0105cego <\/li>\n<li>pod\u0142\u0105czenie: 220-240 V\/50 Hz <\/li>\n<li>3 m przew\u00f3d neoprenowy H07RN-F 3G1,5 z wtyczk\u0105 z uziemieniem <\/li>\n<li>IP54: odporny na kurz i bryzgi wody <\/li>\n<li>1x gniazdo z uziemieniem i uchyln\u0105 klapk\u0105 <\/li>\n<li>wyj\u015bcie USB: 5 V, 1,0 A <\/li>\n<li>z w\u0142\u0105cznikiem<\/li>\n<\/ul>","protected":false},"featured_media":30180,"template":"","meta":{"inline_featured_image":false},"genre":[509],"product_cat":[547,557],"product_tag":[],"class_list":{"0":"post-30883","1":"product","2":"type-product","3":"status-publish","4":"has-post-thumbnail","6":"product_brand-as-schwabe-pl","7":"product_cat-oswietlenie-2-pl","8":"product_cat-o-seria-naswietlaczy-optiline-pl","10":"first","11":"instock","12":"shipping-taxable","13":"product-type-simple"},"aioseo_notices":[],"_links":{"self":[{"href":"https:\/\/as-schwabe.de\/pl\/wp-json\/wp\/v2\/product\/30883","targetHints":{"allow":["GET"]}}],"collection":[{"href":"https:\/\/as-schwabe.de\/pl\/wp-json\/wp\/v2\/product"}],"about":[{"href":"https:\/\/as-schwabe.de\/pl\/wp-json\/wp\/v2\/types\/product"}],"version-history":[{"count":0,"href":"https:\/\/as-schwabe.de\/pl\/wp-json\/wp\/v2\/product\/30883\/revisions"}],"wp:featuredmedia":[{"embeddable":true,"href":"https:\/\/as-schwabe.de\/pl\/wp-json\/wp\/v2\/media\/30180"}],"wp:attachment":[{"href":"https:\/\/as-schwabe.de\/pl\/wp-json\/wp\/v2\/media?parent=30883"}],"wp:term":[{"taxonomy":"product_brand","embeddable":true,"href":"https:\/\/as-schwabe.de\/pl\/wp-json\/wp\/v2\/genre?post=30883"},{"taxonomy":"product_cat","embeddable":true,"href":"https:\/\/as-schwabe.de\/pl\/wp-json\/wp\/v2\/product_cat?post=30883"},{"taxonomy":"product_tag","embeddable":true,"href":"https:\/\/as-schwabe.de\/pl\/wp-json\/wp\/v2\/product_tag?post=30883"}],"curies":[{"name":"wp","href":"https:\/\/api.w.org\/{rel}","templated":true}]}}