{"id":30876,"date":"2025-09-26T23:03:22","date_gmt":"2025-09-26T23:03:22","guid":{"rendered":"https:\/\/as-schwabe.de\/produkt\/przenosny-naswietlacz-optiline-20-w-46340\/"},"modified":"2025-10-23T00:14:46","modified_gmt":"2025-10-23T00:14:46","slug":"przenosny-naswietlacz-optiline-20-w-46340","status":"publish","type":"product","link":"https:\/\/as-schwabe.de\/pl\/produkt\/przenosny-naswietlacz-optiline-20-w-46340\/","title":{"rendered":"Przeno\u015bny na\u015bwietlacz Optiline 20 W &#8211; 1800 lm | 46340"},"content":{"rendered":"<p>Przeno\u015bny na\u015bwietlacz Optiline o mocy 20 W to doskona\u0142e rozwi\u0105zanie dla os\u00f3b poszukuj\u0105cych wydajnego o\u015bwietlenia w r\u00f3\u017cnych warunkach. Z moc\u0105 \u015bwietln\u0105 wynosz\u0105c\u0105 1800 lm oraz efektywno\u015bci\u0105 90 lm\/W, dostarcza jasne i r\u00f3wnomierne \u015bwiat\u0142o o barwie 4000K, idealne do pracy zar\u00f3wno wewn\u0105trz, jak i na zewn\u0105trz. Jego k\u0105t rozsy\u0142u \u015bwiat\u0142a wynosz\u0105cy 100\u00b0 zapewnia szerok\u0105 iluminacj\u0119, co znacz\u0105co zwi\u0119ksza komfort u\u017cytkowania. Przeno\u015bny na\u015bwietlacz wyposa\u017cony jest w sk\u0142adany metalowy stela\u017c z uchwytem, co u\u0142atwia transport i monta\u017c w r\u00f3\u017cnych lokalizacjach. Dzi\u0119ki przewodowi zasilaj\u0105cemu o d\u0142ugo\u015bci 3 m i klasie ochrony IP44, produkt idealnie sprawdzi si\u0119 w trudniejszych warunkach, oferuj\u0105c nie tylko funkcjonalno\u015b\u0107, ale tak\u017ce odporno\u015b\u0107 na niekorzystne warunki atmosferyczne.<\/p>","protected":false},"excerpt":{"rendered":"<div class=\"icons\" style=\"display: flex; flex-wrap: wrap; gap: 5px; align-items: center; margin-top: 10px;\"><img decoding=\"async\" src=\"https:\/\/as-schwabe.de\/wp-content\/uploads\/ikony\/znak_CE.png\" alt=\"\" width=\"50\" height=\"50\" \/><img decoding=\"async\" src=\"https:\/\/as-schwabe.de\/wp-content\/uploads\/ikony\/znak_IP65.png\" alt=\"\" width=\"50\" height=\"50\" \/><img decoding=\"async\" src=\"https:\/\/as-schwabe.de\/wp-content\/uploads\/ikony\/znak_LED.png\" alt=\"\" width=\"50\" height=\"50\" \/><img loading=\"lazy\" decoding=\"async\" src=\"https:\/\/as-schwabe.de\/wp-content\/uploads\/ikony\/znak_Z.png\" alt=\"\" width=\"50\" height=\"50\" \/><img loading=\"lazy\" decoding=\"async\" src=\"https:\/\/as-schwabe.de\/wp-content\/uploads\/ikony\/znak_D.png\" alt=\"\" width=\"50\" height=\"50\" \/><\/div>\n<ul>\n<li>Mobilne reflektory robocze Optiline LED <\/li>\n<li>diody LED o \u017cywotno\u015bci ponad 40 000 h <\/li>\n<li>temperatura barwowa: 4000 K (neutralna biel) <\/li>\n<li>k\u0105t rozsy\u0142u \u015bwiat\u0142a diody LED: 100\u00b0 <\/li>\n<li>w\u0105ska obudowa z odlewanego ci\u015bnieniowo aluminium z obrotowym i blokowanym uchwytem monta\u017cowym <\/li>\n<li>kabel po\u0142\u0105czeniowy i szk\u0142o nie s\u0105 wymienne <\/li>\n<li>pod\u0142\u0105czenie: 230 V, 50 Hz <\/li>\n<li>sk\u0142adana rama z izolowanym uchwytem <\/li>\n<li>3 m przew\u00f3d neoprenowy H05RN-F 3G1,0 z wtyczk\u0105 z uziemieniem <\/li>\n<li>IP65: py\u0142oszczelny i chroniony przed strumieniami wody <\/li>\n<li>przew\u00f3d neoprenowy H07RN-F 3G1,0<\/li>\n<\/ul>","protected":false},"featured_media":30177,"template":"","meta":{"inline_featured_image":false},"genre":[509],"product_cat":[547,557],"product_tag":[],"class_list":{"0":"post-30876","1":"product","2":"type-product","3":"status-publish","4":"has-post-thumbnail","6":"product_brand-as-schwabe-pl","7":"product_cat-oswietlenie-2-pl","8":"product_cat-o-seria-naswietlaczy-optiline-pl","10":"first","11":"instock","12":"shipping-taxable","13":"product-type-simple"},"aioseo_notices":[],"_links":{"self":[{"href":"https:\/\/as-schwabe.de\/pl\/wp-json\/wp\/v2\/product\/30876","targetHints":{"allow":["GET"]}}],"collection":[{"href":"https:\/\/as-schwabe.de\/pl\/wp-json\/wp\/v2\/product"}],"about":[{"href":"https:\/\/as-schwabe.de\/pl\/wp-json\/wp\/v2\/types\/product"}],"version-history":[{"count":0,"href":"https:\/\/as-schwabe.de\/pl\/wp-json\/wp\/v2\/product\/30876\/revisions"}],"wp:featuredmedia":[{"embeddable":true,"href":"https:\/\/as-schwabe.de\/pl\/wp-json\/wp\/v2\/media\/30177"}],"wp:attachment":[{"href":"https:\/\/as-schwabe.de\/pl\/wp-json\/wp\/v2\/media?parent=30876"}],"wp:term":[{"taxonomy":"product_brand","embeddable":true,"href":"https:\/\/as-schwabe.de\/pl\/wp-json\/wp\/v2\/genre?post=30876"},{"taxonomy":"product_cat","embeddable":true,"href":"https:\/\/as-schwabe.de\/pl\/wp-json\/wp\/v2\/product_cat?post=30876"},{"taxonomy":"product_tag","embeddable":true,"href":"https:\/\/as-schwabe.de\/pl\/wp-json\/wp\/v2\/product_tag?post=30876"}],"curies":[{"name":"wp","href":"https:\/\/api.w.org\/{rel}","templated":true}]}}