{"id":30871,"date":"2025-09-26T23:03:21","date_gmt":"2025-09-26T23:03:21","guid":{"rendered":"https:\/\/as-schwabe.de\/produkt\/naswietlacz-optiline-led-20-w-z-czujnikiem-ruchu-46334\/"},"modified":"2025-10-23T00:14:45","modified_gmt":"2025-10-23T00:14:45","slug":"naswietlacz-optiline-led-20-w-z-czujnikiem-ruchu-46334","status":"publish","type":"product","link":"https:\/\/as-schwabe.de\/pl\/produkt\/naswietlacz-optiline-led-20-w-z-czujnikiem-ruchu-46334\/","title":{"rendered":"Na\u015bwietlacz Optiline LED 20 W z czujnikiem ruchu &#8211; 1800 lm | 46334"},"content":{"rendered":"<p>Na\u015bwietlacz Optiline LED o mocy 20 W z wbudowanym czujnikiem ruchu to doskona\u0142e rozwi\u0105zanie do o\u015bwietlenia zewn\u0119trznego oraz wewn\u0119trznego. Dzi\u0119ki wymiarom \u015bwietlnym 1800 lm oraz efektywno\u015bci energetycznej 90 lm\/W, urz\u0105dzenie zapewnia jasne i wydajne o\u015bwietlenie przy temperaturze barwowej 4000K, co sprzyja r\u00f3\u017cnorodnym zastosowaniom w ogrodach, na parkingach oraz w obiektach przemys\u0142owych. <\/p>\n<p>Obudowa z aluminium o eleganckim czarnym kolorze gwarantuje trwa\u0142o\u015b\u0107 i odporno\u015b\u0107 na warunki atmosferyczne, a sensor z k\u0105tem detekcji 100\u00b0 oraz zasi\u0119giem 8 m zapewnia automatyczne w\u0142\u0105czanie si\u0119 w momencie wykrycia ruchu. Kabel zasilaj\u0105cy H05RN-F o d\u0142ugo\u015bci 1 m (bez wtyczki) u\u0142atwia monta\u017c, a nienawewnymne elementy takie jak szk\u0142o i kabel zasilaj\u0105cy zapewniaj\u0105 minimaln\u0105 konserwacj\u0119. Wybieraj\u0105c na\u015bwietlacz Optiline, inwestujesz w nowoczesne i efektywne \u017ar\u00f3d\u0142o \u015bwiat\u0142a, kt\u00f3re zwi\u0119ksza bezpiecze\u0144stwo oraz komfort u\u017cytkowania przestrzeni.<\/p>","protected":false},"excerpt":{"rendered":"<div class=\"icons\" style=\"display: flex; flex-wrap: wrap; gap: 5px; align-items: center; margin-top: 10px;\"><img decoding=\"async\" src=\"https:\/\/as-schwabe.de\/wp-content\/uploads\/ikony\/znak_CE.png\" alt=\"\" width=\"50\" height=\"50\" \/><img decoding=\"async\" src=\"https:\/\/as-schwabe.de\/wp-content\/uploads\/ikony\/znak_IP44.png\" alt=\"\" width=\"50\" height=\"50\" \/><img decoding=\"async\" src=\"https:\/\/as-schwabe.de\/wp-content\/uploads\/ikony\/znak_LED.png\" alt=\"\" width=\"50\" height=\"50\" \/><img loading=\"lazy\" decoding=\"async\" src=\"https:\/\/as-schwabe.de\/wp-content\/uploads\/ikony\/znak_Z.png\" alt=\"\" width=\"50\" height=\"50\" \/><img loading=\"lazy\" decoding=\"async\" src=\"https:\/\/as-schwabe.de\/wp-content\/uploads\/ikony\/znak_D.png\" alt=\"\" width=\"50\" height=\"50\" \/><\/div>\n<ul>\n<li>Na\u015bwietlacz Optiline LED z czujnikiem ruchu <\/li>\n<li>diody LED o \u017cywotno\u015bci ponad 40 000 h <\/li>\n<li>temperatura barwowa: 4000 K (neutralna biel) <\/li>\n<li>k\u0105t rozsy\u0142u \u015bwiat\u0142a diody LED: 100\u00b0 <\/li>\n<li>w\u0105ska obudowa z odlewanego ci\u015bnieniowo aluminium z obrotowym i blokowanym uchwytem monta\u017cowym <\/li>\n<li>kabel po\u0142\u0105czeniowy i szk\u0142o nie s\u0105 wymienne <\/li>\n<li>pod\u0142\u0105czenie: 230 V, 50 Hz <\/li>\n<li>detektor ruchu z k\u0105tem detekcji 100\u00b0 i zasi\u0119giem do 8 m <\/li>\n<li>1 m przew\u00f3d neoprenowy H05RN-F 3G1,0 bez wtyczki <\/li>\n<li>IP44: chroniony przed cia\u0142ami obcymi i bryzgami wody<\/li>\n<\/ul>","protected":false},"featured_media":30173,"template":"","meta":{"inline_featured_image":false},"genre":[509],"product_cat":[547,557],"product_tag":[],"class_list":{"0":"post-30871","1":"product","2":"type-product","3":"status-publish","4":"has-post-thumbnail","6":"product_brand-as-schwabe-pl","7":"product_cat-oswietlenie-2-pl","8":"product_cat-o-seria-naswietlaczy-optiline-pl","10":"first","11":"instock","12":"shipping-taxable","13":"product-type-simple"},"aioseo_notices":[],"_links":{"self":[{"href":"https:\/\/as-schwabe.de\/pl\/wp-json\/wp\/v2\/product\/30871","targetHints":{"allow":["GET"]}}],"collection":[{"href":"https:\/\/as-schwabe.de\/pl\/wp-json\/wp\/v2\/product"}],"about":[{"href":"https:\/\/as-schwabe.de\/pl\/wp-json\/wp\/v2\/types\/product"}],"version-history":[{"count":0,"href":"https:\/\/as-schwabe.de\/pl\/wp-json\/wp\/v2\/product\/30871\/revisions"}],"wp:featuredmedia":[{"embeddable":true,"href":"https:\/\/as-schwabe.de\/pl\/wp-json\/wp\/v2\/media\/30173"}],"wp:attachment":[{"href":"https:\/\/as-schwabe.de\/pl\/wp-json\/wp\/v2\/media?parent=30871"}],"wp:term":[{"taxonomy":"product_brand","embeddable":true,"href":"https:\/\/as-schwabe.de\/pl\/wp-json\/wp\/v2\/genre?post=30871"},{"taxonomy":"product_cat","embeddable":true,"href":"https:\/\/as-schwabe.de\/pl\/wp-json\/wp\/v2\/product_cat?post=30871"},{"taxonomy":"product_tag","embeddable":true,"href":"https:\/\/as-schwabe.de\/pl\/wp-json\/wp\/v2\/product_tag?post=30871"}],"curies":[{"name":"wp","href":"https:\/\/api.w.org\/{rel}","templated":true}]}}