{"id":30870,"date":"2025-09-26T23:03:20","date_gmt":"2025-09-26T23:03:20","guid":{"rendered":"https:\/\/as-schwabe.de\/produkt\/naswietlacz-optiline-led-10-w-z-czujnikiem-ruchu-46333\/"},"modified":"2025-10-23T00:14:45","modified_gmt":"2025-10-23T00:14:45","slug":"naswietlacz-optiline-led-10-w-z-czujnikiem-ruchu-46333","status":"publish","type":"product","link":"https:\/\/as-schwabe.de\/pl\/produkt\/naswietlacz-optiline-led-10-w-z-czujnikiem-ruchu-46333\/","title":{"rendered":"Na\u015bwietlacz Optiline LED 10 W z czujnikiem ruchu &#8211; 900 lm | 46333"},"content":{"rendered":"<p>Na\u015bwietlacz Optiline LED 10 W z czujnikiem ruchu to nowoczesne rozwi\u0105zanie o wysokiej wydajno\u015bci \u015bwietlnej wynosz\u0105cej 900 lm przy efektywno\u015bci 90 lm\/W. Dzi\u0119ki neutralnej temperaturze barwowej 4000K, idealnie o\u015bwietla przestrzenie zar\u00f3wno wewn\u0119trzne, jak i zewn\u0119trzne. Wykonany z trwa\u0142ego aluminium w eleganckim czarnym kolorze, jest odporny na r\u00f3\u017cne warunki atmosferyczne. Wbudowany sensor ruchu o k\u0105cie detekcji 100\u00b0 i zasi\u0119gu do 8 m zapewnia automatyczne w\u0142\u0105czanie o\u015bwietlenia przy wykryciu ruchu, co zwi\u0119ksza bezpiecze\u0144stwo oraz oszcz\u0119dza energi\u0119. Kabel zasilaj\u0105cy H05RN-F o d\u0142ugo\u015bci 1 m nie jest wyposa\u017cony w wtyczk\u0119, co umo\u017cliwia elastyczno\u015b\u0107 w instalacji. Na\u015bwietlacz idealnie sprawdzi si\u0119 w ogrodach, na podjazdach oraz w miejscach, gdzie potrzebne jest dodatkowe o\u015bwietlenie w zale\u017cno\u015bci od potrzeby.<\/p>","protected":false},"excerpt":{"rendered":"<div class=\"icons\" style=\"display: flex; flex-wrap: wrap; gap: 5px; align-items: center; margin-top: 10px;\"><img decoding=\"async\" src=\"https:\/\/as-schwabe.de\/wp-content\/uploads\/ikony\/znak_CE.png\" alt=\"\" width=\"50\" height=\"50\" \/><img decoding=\"async\" src=\"https:\/\/as-schwabe.de\/wp-content\/uploads\/ikony\/znak_IP44.png\" alt=\"\" width=\"50\" height=\"50\" \/><img decoding=\"async\" src=\"https:\/\/as-schwabe.de\/wp-content\/uploads\/ikony\/znak_LED.png\" alt=\"\" width=\"50\" height=\"50\" \/><img loading=\"lazy\" decoding=\"async\" src=\"https:\/\/as-schwabe.de\/wp-content\/uploads\/ikony\/znak_Z.png\" alt=\"\" width=\"50\" height=\"50\" \/><img loading=\"lazy\" decoding=\"async\" src=\"https:\/\/as-schwabe.de\/wp-content\/uploads\/ikony\/znak_D.png\" alt=\"\" width=\"50\" height=\"50\" \/><\/div>\n<ul>\n<li>Na\u015bwietlacz Optiline LED z czujnikiem ruchu <\/li>\n<li>diody LED o \u017cywotno\u015bci ponad 40 000 h <\/li>\n<li>temperatura barwowa: 4000 K (neutralna biel) <\/li>\n<li>k\u0105t rozsy\u0142u \u015bwiat\u0142a diody LED: 100\u00b0 <\/li>\n<li>w\u0105ska obudowa z odlewanego ci\u015bnieniowo aluminium z obrotowym i blokowanym uchwytem monta\u017cowym <\/li>\n<li>kabel po\u0142\u0105czeniowy i szk\u0142o nie s\u0105 wymienne <\/li>\n<li>pod\u0142\u0105czenie: 230 V, 50 Hz <\/li>\n<li>detektor ruchu z k\u0105tem detekcji 100\u00b0 i zasi\u0119giem do 8 m <\/li>\n<li>1 m przew\u00f3d neoprenowy H05RN-F 3G1,0 bez wtyczki <\/li>\n<li>IP44: chroniony przed cia\u0142ami obcymi i bryzgami wody<\/li>\n<\/ul>","protected":false},"featured_media":30172,"template":"","meta":{"inline_featured_image":false},"genre":[509],"product_cat":[547,557],"product_tag":[],"class_list":{"0":"post-30870","1":"product","2":"type-product","3":"status-publish","4":"has-post-thumbnail","6":"product_brand-as-schwabe-pl","7":"product_cat-oswietlenie-2-pl","8":"product_cat-o-seria-naswietlaczy-optiline-pl","10":"first","11":"instock","12":"shipping-taxable","13":"product-type-simple"},"aioseo_notices":[],"_links":{"self":[{"href":"https:\/\/as-schwabe.de\/pl\/wp-json\/wp\/v2\/product\/30870","targetHints":{"allow":["GET"]}}],"collection":[{"href":"https:\/\/as-schwabe.de\/pl\/wp-json\/wp\/v2\/product"}],"about":[{"href":"https:\/\/as-schwabe.de\/pl\/wp-json\/wp\/v2\/types\/product"}],"version-history":[{"count":0,"href":"https:\/\/as-schwabe.de\/pl\/wp-json\/wp\/v2\/product\/30870\/revisions"}],"wp:featuredmedia":[{"embeddable":true,"href":"https:\/\/as-schwabe.de\/pl\/wp-json\/wp\/v2\/media\/30172"}],"wp:attachment":[{"href":"https:\/\/as-schwabe.de\/pl\/wp-json\/wp\/v2\/media?parent=30870"}],"wp:term":[{"taxonomy":"product_brand","embeddable":true,"href":"https:\/\/as-schwabe.de\/pl\/wp-json\/wp\/v2\/genre?post=30870"},{"taxonomy":"product_cat","embeddable":true,"href":"https:\/\/as-schwabe.de\/pl\/wp-json\/wp\/v2\/product_cat?post=30870"},{"taxonomy":"product_tag","embeddable":true,"href":"https:\/\/as-schwabe.de\/pl\/wp-json\/wp\/v2\/product_tag?post=30870"}],"curies":[{"name":"wp","href":"https:\/\/api.w.org\/{rel}","templated":true}]}}