{"id":30864,"date":"2025-09-26T23:03:18","date_gmt":"2025-09-26T23:03:18","guid":{"rendered":"https:\/\/as-schwabe.de\/produkt\/naswietlacz-optiline-led-20-w-46324\/"},"modified":"2025-10-23T00:14:44","modified_gmt":"2025-10-23T00:14:44","slug":"naswietlacz-optiline-led-20-w-46324","status":"publish","type":"product","link":"https:\/\/as-schwabe.de\/pl\/produkt\/naswietlacz-optiline-led-20-w-46324\/","title":{"rendered":"Na\u015bwietlacz Optiline LED 20 W &#8211; 1800 lm | 46324"},"content":{"rendered":"<p>Na\u015bwietlacz Optiline LED o mocy 20 W to doskona\u0142e rozwi\u0105zanie do o\u015bwietlenia przestrzeni zar\u00f3wno wewn\u0119trznych, jak i zewn\u0119trznych. Dzi\u0119ki wysokiej mocy \u015bwietlnej wynosz\u0105cej 1800 lm oraz efektywno\u015bci 90 lm\/W, urz\u0105dzenie zapewnia jasne i energooszcz\u0119dne o\u015bwietlenie o temperaturze barwowej 4000K, idealne do zastosowa\u0144 w miejscach wymagaj\u0105cych naturalnego \u015bwiat\u0142a. Solidna obudowa z aluminium w kolorze czarnym nie tylko gwarantuje trwa\u0142o\u015b\u0107, ale r\u00f3wnie\u017c estetyczny wygl\u0105d. Na\u015bwietlacz wyposa\u017cony jest w przew\u00f3d zasilaj\u0105cy H05RN-F 3G1 o d\u0142ugo\u015bci 1 m, co u\u0142atwia monta\u017c w r\u00f3\u017cnych lokalizacjach. Nale\u017cy jednak pami\u0119ta\u0107, \u017ce kabel zasilaj\u0105cy oraz szk\u0142o nie s\u0105 wymienne. Produkt ten stanowi znakomity wyb\u00f3r dla os\u00f3b poszukuj\u0105cych wydajnego i niezawodnego \u017ar\u00f3d\u0142a \u015bwiat\u0142a.<\/p>","protected":false},"excerpt":{"rendered":"<div class=\"icons\" style=\"display: flex; flex-wrap: wrap; gap: 5px; align-items: center; margin-top: 10px;\"><img decoding=\"async\" src=\"https:\/\/as-schwabe.de\/wp-content\/uploads\/ikony\/znak_CE.png\" alt=\"\" width=\"50\" height=\"50\" \/><img decoding=\"async\" src=\"https:\/\/as-schwabe.de\/wp-content\/uploads\/ikony\/znak_IP65.png\" alt=\"\" width=\"50\" height=\"50\" \/><img decoding=\"async\" src=\"https:\/\/as-schwabe.de\/wp-content\/uploads\/ikony\/znak_LED.png\" alt=\"\" width=\"50\" height=\"50\" \/><img loading=\"lazy\" decoding=\"async\" src=\"https:\/\/as-schwabe.de\/wp-content\/uploads\/ikony\/znak_Z.png\" alt=\"\" width=\"50\" height=\"50\" \/><img loading=\"lazy\" decoding=\"async\" src=\"https:\/\/as-schwabe.de\/wp-content\/uploads\/ikony\/znak_D.png\" alt=\"\" width=\"50\" height=\"50\" \/><\/div>\n<ul>\n<li>Na\u015bwietlacz Optiline LED <\/li>\n<li>diody LED o \u017cywotno\u015bci ponad 40 000 h <\/li>\n<li>temperatura barwowa: 4000 K (neutralna biel) <\/li>\n<li>k\u0105t rozsy\u0142u \u015bwiat\u0142a diody LED: 100\u00b0 <\/li>\n<li>w\u0105ska obudowa z odlewanego ci\u015bnieniowo aluminium z obrotowym i blokowanym uchwytem monta\u017cowym <\/li>\n<li>kabel po\u0142\u0105czeniowy i szk\u0142o nie s\u0105 wymienne <\/li>\n<li>pod\u0142\u0105czenie: 230 V, 50 Hz <\/li>\n<li>2 m przew\u00f3d neoprenowy H05RN-F 3G1,0 bez wtyczki <\/li>\n<li>IP65: py\u0142oszczelny i bryzgoszczelny<\/li>\n<\/ul>","protected":false},"featured_media":30162,"template":"","meta":{"inline_featured_image":false},"genre":[509],"product_cat":[547,557],"product_tag":[],"class_list":{"0":"post-30864","1":"product","2":"type-product","3":"status-publish","4":"has-post-thumbnail","6":"product_brand-as-schwabe-pl","7":"product_cat-oswietlenie-2-pl","8":"product_cat-o-seria-naswietlaczy-optiline-pl","10":"first","11":"instock","12":"shipping-taxable","13":"product-type-simple"},"aioseo_notices":[],"_links":{"self":[{"href":"https:\/\/as-schwabe.de\/pl\/wp-json\/wp\/v2\/product\/30864","targetHints":{"allow":["GET"]}}],"collection":[{"href":"https:\/\/as-schwabe.de\/pl\/wp-json\/wp\/v2\/product"}],"about":[{"href":"https:\/\/as-schwabe.de\/pl\/wp-json\/wp\/v2\/types\/product"}],"version-history":[{"count":0,"href":"https:\/\/as-schwabe.de\/pl\/wp-json\/wp\/v2\/product\/30864\/revisions"}],"wp:featuredmedia":[{"embeddable":true,"href":"https:\/\/as-schwabe.de\/pl\/wp-json\/wp\/v2\/media\/30162"}],"wp:attachment":[{"href":"https:\/\/as-schwabe.de\/pl\/wp-json\/wp\/v2\/media?parent=30864"}],"wp:term":[{"taxonomy":"product_brand","embeddable":true,"href":"https:\/\/as-schwabe.de\/pl\/wp-json\/wp\/v2\/genre?post=30864"},{"taxonomy":"product_cat","embeddable":true,"href":"https:\/\/as-schwabe.de\/pl\/wp-json\/wp\/v2\/product_cat?post=30864"},{"taxonomy":"product_tag","embeddable":true,"href":"https:\/\/as-schwabe.de\/pl\/wp-json\/wp\/v2\/product_tag?post=30864"}],"curies":[{"name":"wp","href":"https:\/\/api.w.org\/{rel}","templated":true}]}}