{"id":30863,"date":"2025-09-26T23:03:18","date_gmt":"2025-09-26T23:03:18","guid":{"rendered":"https:\/\/as-schwabe.de\/produkt\/naswietlacz-optiline-led-10-w-46323\/"},"modified":"2025-10-23T00:14:44","modified_gmt":"2025-10-23T00:14:44","slug":"naswietlacz-optiline-led-10-w-46323","status":"publish","type":"product","link":"https:\/\/as-schwabe.de\/pl\/produkt\/naswietlacz-optiline-led-10-w-46323\/","title":{"rendered":"Na\u015bwietlacz Optiline LED 10 W &#8211; 900 lm | 46323"},"content":{"rendered":"<p>Na\u015bwietlacz Optiline LED o mocy 10 W to wydajne \u017ar\u00f3d\u0142o \u015bwiat\u0142a o strumieniu \u015bwietlnym 900 lm, co przek\u0142ada si\u0119 na wysok\u0105 efektywno\u015b\u0107 energetyczn\u0105 na poziomie 90 lm\/W. Jego neutralna temperatura barwowa wynosz\u0105ca 4000K sprawia, \u017ce idealnie nadaje si\u0119 do o\u015bwietlenia przestrzeni zar\u00f3wno wewn\u0119trznych, jak i zewn\u0119trznych. Solidna obudowa z aluminium w eleganckim czarnym kolorze zapewnia nie tylko estetyczny wygl\u0105d, ale r\u00f3wnie\u017c trwa\u0142o\u015b\u0107 i odporno\u015b\u0107 na warunki atmosferyczne. Na\u015bwietlacz wyposa\u017cony jest w przew\u00f3d zasilaj\u0105cy H05RN-F 3G1 o d\u0142ugo\u015bci 1 m bez wtyczki, co u\u0142atwia instalacj\u0119 w r\u00f3\u017cnych lokalizacjach. Nale\u017cy pami\u0119ta\u0107, \u017ce kabel zasilaj\u0105cy oraz szk\u0142o nie s\u0105 wymienne, co zapewnia dodatkow\u0105 stabilno\u015b\u0107 i niezawodno\u015b\u0107 produktu.<\/p>","protected":false},"excerpt":{"rendered":"<div class=\"icons\" style=\"display: flex; flex-wrap: wrap; gap: 5px; align-items: center; margin-top: 10px;\"><img decoding=\"async\" src=\"https:\/\/as-schwabe.de\/wp-content\/uploads\/ikony\/znak_CE.png\" alt=\"\" width=\"50\" height=\"50\" \/><img decoding=\"async\" src=\"https:\/\/as-schwabe.de\/wp-content\/uploads\/ikony\/znak_IP65.png\" alt=\"\" width=\"50\" height=\"50\" \/><img decoding=\"async\" src=\"https:\/\/as-schwabe.de\/wp-content\/uploads\/ikony\/znak_LED.png\" alt=\"\" width=\"50\" height=\"50\" \/><img loading=\"lazy\" decoding=\"async\" src=\"https:\/\/as-schwabe.de\/wp-content\/uploads\/ikony\/znak_Z.png\" alt=\"\" width=\"50\" height=\"50\" \/><img loading=\"lazy\" decoding=\"async\" src=\"https:\/\/as-schwabe.de\/wp-content\/uploads\/ikony\/znak_D.png\" alt=\"\" width=\"50\" height=\"50\" \/><\/div>\n<ul>\n<li>Na\u015bwietlacz Optiline LED <\/li>\n<li>diody LED o \u017cywotno\u015bci ponad 40 000 h <\/li>\n<li>temperatura barwowa: 4000 K (neutralna biel) <\/li>\n<li>k\u0105t rozsy\u0142u \u015bwiat\u0142a diody LED: 100\u00b0 <\/li>\n<li>w\u0105ska obudowa z odlewanego ci\u015bnieniowo aluminium z obrotowym i blokowanym uchwytem monta\u017cowym <\/li>\n<li>kabel po\u0142\u0105czeniowy i szk\u0142o nie s\u0105 wymienne <\/li>\n<li>pod\u0142\u0105czenie: 230 V, 50 Hz <\/li>\n<li>2 m przew\u00f3d neoprenowy H05RN-F 3G1,0 bez wtyczki <\/li>\n<li>IP65: py\u0142oszczelny i bryzgoszczelny<\/li>\n<\/ul>","protected":false},"featured_media":30157,"template":"","meta":{"inline_featured_image":false},"genre":[509],"product_cat":[547,557],"product_tag":[],"class_list":{"0":"post-30863","1":"product","2":"type-product","3":"status-publish","4":"has-post-thumbnail","6":"product_brand-as-schwabe-pl","7":"product_cat-oswietlenie-2-pl","8":"product_cat-o-seria-naswietlaczy-optiline-pl","10":"first","11":"instock","12":"shipping-taxable","13":"product-type-simple"},"aioseo_notices":[],"_links":{"self":[{"href":"https:\/\/as-schwabe.de\/pl\/wp-json\/wp\/v2\/product\/30863","targetHints":{"allow":["GET"]}}],"collection":[{"href":"https:\/\/as-schwabe.de\/pl\/wp-json\/wp\/v2\/product"}],"about":[{"href":"https:\/\/as-schwabe.de\/pl\/wp-json\/wp\/v2\/types\/product"}],"version-history":[{"count":0,"href":"https:\/\/as-schwabe.de\/pl\/wp-json\/wp\/v2\/product\/30863\/revisions"}],"wp:featuredmedia":[{"embeddable":true,"href":"https:\/\/as-schwabe.de\/pl\/wp-json\/wp\/v2\/media\/30157"}],"wp:attachment":[{"href":"https:\/\/as-schwabe.de\/pl\/wp-json\/wp\/v2\/media?parent=30863"}],"wp:term":[{"taxonomy":"product_brand","embeddable":true,"href":"https:\/\/as-schwabe.de\/pl\/wp-json\/wp\/v2\/genre?post=30863"},{"taxonomy":"product_cat","embeddable":true,"href":"https:\/\/as-schwabe.de\/pl\/wp-json\/wp\/v2\/product_cat?post=30863"},{"taxonomy":"product_tag","embeddable":true,"href":"https:\/\/as-schwabe.de\/pl\/wp-json\/wp\/v2\/product_tag?post=30863"}],"curies":[{"name":"wp","href":"https:\/\/api.w.org\/{rel}","templated":true}]}}