{"id":30861,"date":"2025-09-26T23:03:17","date_gmt":"2025-09-26T23:03:17","guid":{"rendered":"https:\/\/as-schwabe.de\/produkt\/naswietlacz-energytube-xl-1500-w-ultra-46244\/"},"modified":"2025-10-23T00:14:43","modified_gmt":"2025-10-23T00:14:43","slug":"naswietlacz-energytube-xl-1500-w-ultra-46244","status":"publish","type":"product","link":"https:\/\/as-schwabe.de\/pl\/produkt\/naswietlacz-energytube-xl-1500-w-ultra-46244\/","title":{"rendered":"Na\u015bwietlacz EnergyTube XL 1500 W Ultra &#8211; 225000 lm | 46244"},"content":{"rendered":"<p>Na\u015bwietlacz EnergyTube XL 1500 W Ultra to doskona\u0142e rozwi\u0105zanie do o\u015bwietlenia du\u017cych powierzchni o powierzchni do oko\u0142o 6000 m\u00b2. Dzi\u0119ki mocy \u015bwietlnej wynosz\u0105cej 225000 lm i wysokiej efektywno\u015bci 150 lm\/W, lampa zapewnia jasne i r\u00f3wnomierne o\u015bwietlenie przy k\u0105t rozsy\u0142u \u015bwiat\u0142a wynosz\u0105cym 360\u00b0. Zintegrowany bezpiecznik termiczny oraz diody LED o \u017cywotno\u015bci przekraczaj\u0105cej 50000 godzin gwarantuj\u0105 niezawodno\u015b\u0107 i bezpiecze\u0144stwo u\u017cytkowania. Sterowanie na\u015bwietlaczem jest uproszczone dzi\u0119ki przewodowemu pilotowi, kt\u00f3ry umo\u017cliwia w\u0142\u0105czanie oraz regulacj\u0119 poziomu \u015bwiecenia. W zestawie znajduje si\u0119 r\u00f3wnie\u017c wysokiej jako\u015bci skrzynia transportowa z mo\u017cliwo\u015bci\u0105 zamkni\u0119cia na k\u0142\u00f3dk\u0119, co u\u0142atwia transport i przechowywanie urz\u0105dzenia. Z przesy\u0142aniem \u015bwiat\u0142a o temperaturze barwowej 5000K i wsp\u00f3\u0142czynniku CRI >80, na\u015bwietlacz idealnie sprawdzi si\u0119 zar\u00f3wno w zastosowaniach przemys\u0142owych, jak i komercyjnych.<\/p>","protected":false},"excerpt":{"rendered":"<div class=\"icons\" style=\"display: flex; flex-wrap: wrap; gap: 5px; align-items: center; margin-top: 10px;\"><img decoding=\"async\" src=\"https:\/\/as-schwabe.de\/wp-content\/uploads\/ikony\/znak_CE.png\" alt=\"\" width=\"50\" height=\"50\" \/><img decoding=\"async\" src=\"https:\/\/as-schwabe.de\/wp-content\/uploads\/ikony\/znak_IP54.png\" alt=\"\" width=\"50\" height=\"50\" \/><img decoding=\"async\" src=\"https:\/\/as-schwabe.de\/wp-content\/uploads\/ikony\/znak_LED.png\" alt=\"\" width=\"50\" height=\"50\" \/><img loading=\"lazy\" decoding=\"async\" src=\"https:\/\/as-schwabe.de\/wp-content\/uploads\/ikony\/znak_PB.png\" alt=\"\" width=\"50\" height=\"50\" \/><img loading=\"lazy\" decoding=\"async\" src=\"https:\/\/as-schwabe.de\/wp-content\/uploads\/ikony\/znak_Z.png\" alt=\"\" width=\"50\" height=\"50\" \/><img loading=\"lazy\" decoding=\"async\" src=\"https:\/\/as-schwabe.de\/wp-content\/uploads\/ikony\/znak_D.png\" alt=\"\" width=\"50\" height=\"50\" \/><\/div>\n<ul>\n<li>wysokiej jako\u015bci reflektor PREMIUM ULTRA LED do r\u00f3wnomiernego o\u015bwietlania du\u017cych powierzchni do ok. 6000 m2 <\/li>\n<li>z uchwytem na czop DIN do monta\u017cu na statywach z czopami DIN <\/li>\n<li>dioda LED zamkni\u0119ta w kolumnie ochronnej wykonanej z poliw\u0119glanu, wyj\u0105tkowo odpornego na uderzenia klasy IK08 <\/li>\n<li>niezwykle trwa\u0142e, wysokowydajne diody LED o \u017cywotno\u015bci ponad 50 000 h <\/li>\n<li>wsp\u00f3\u0142czynnik oddawania barw: CRI > 80 <\/li>\n<li>temperatura robocza otoczenia: od -15\u00b0C do +40\u00b0C <\/li>\n<li>k\u0105t rozsy\u0142u \u015bwiat\u0142a: 360\u00b0<\/li>\n<li> pod\u0142\u0105czenie: 230 V\/50-60 Hz <\/li>\n<li>z 11,4m przewodem z wtyczk\u0105 z uziemieniem <\/li>\n<li>w zestawie skrzynia transportowa <\/li>\n<li>masa: ok. 17 kg <\/li>\n<li>IP54: odporny na kurz i zachlapania <\/li>\n<li>Wysokiej jako\u015bci reflektor ULTRA LED do r\u00f3wnomiernego o\u015bwietlania du\u017cych powierzchni do ok. 6000 m2 <\/li>\n<li>w zestawie skrzynia transportowa <\/li>\n<li>150 lm\/W<\/li>\n<\/ul>","protected":false},"featured_media":30154,"template":"","meta":{"inline_featured_image":false},"genre":[509],"product_cat":[547,556],"product_tag":[],"class_list":{"0":"post-30861","1":"product","2":"type-product","3":"status-publish","4":"has-post-thumbnail","6":"product_brand-as-schwabe-pl","7":"product_cat-oswietlenie-2-pl","8":"product_cat-zestawy-energy-xl-i-naswietlacze-energytube-xl-pl","10":"first","11":"instock","12":"shipping-taxable","13":"product-type-simple"},"aioseo_notices":[],"_links":{"self":[{"href":"https:\/\/as-schwabe.de\/pl\/wp-json\/wp\/v2\/product\/30861","targetHints":{"allow":["GET"]}}],"collection":[{"href":"https:\/\/as-schwabe.de\/pl\/wp-json\/wp\/v2\/product"}],"about":[{"href":"https:\/\/as-schwabe.de\/pl\/wp-json\/wp\/v2\/types\/product"}],"version-history":[{"count":0,"href":"https:\/\/as-schwabe.de\/pl\/wp-json\/wp\/v2\/product\/30861\/revisions"}],"wp:featuredmedia":[{"embeddable":true,"href":"https:\/\/as-schwabe.de\/pl\/wp-json\/wp\/v2\/media\/30154"}],"wp:attachment":[{"href":"https:\/\/as-schwabe.de\/pl\/wp-json\/wp\/v2\/media?parent=30861"}],"wp:term":[{"taxonomy":"product_brand","embeddable":true,"href":"https:\/\/as-schwabe.de\/pl\/wp-json\/wp\/v2\/genre?post=30861"},{"taxonomy":"product_cat","embeddable":true,"href":"https:\/\/as-schwabe.de\/pl\/wp-json\/wp\/v2\/product_cat?post=30861"},{"taxonomy":"product_tag","embeddable":true,"href":"https:\/\/as-schwabe.de\/pl\/wp-json\/wp\/v2\/product_tag?post=30861"}],"curies":[{"name":"wp","href":"https:\/\/api.w.org\/{rel}","templated":true}]}}