{"id":30859,"date":"2025-09-26T23:03:16","date_gmt":"2025-09-26T23:03:16","guid":{"rendered":"https:\/\/as-schwabe.de\/produkt\/skrzynia-transportowa-do-naswietlaczy-energytube-xl-46243\/"},"modified":"2025-10-23T00:14:42","modified_gmt":"2025-10-23T00:14:42","slug":"skrzynia-transportowa-do-naswietlaczy-energytube-xl-46243","status":"publish","type":"product","link":"https:\/\/as-schwabe.de\/pl\/produkt\/skrzynia-transportowa-do-naswietlaczy-energytube-xl-46243\/","title":{"rendered":"Skrzynia transportowa do na\u015bwietlaczy EnergyTube XL 200 W lub 500 W | 46243"},"content":{"rendered":"<p>Skrzynia transportowa do na\u015bwietlaczy EnergyTube XL 200 W lub 500 W zosta\u0142a zaprojektowana z my\u015bl\u0105 o zapewnieniu maksymalnej ochrony podczas transportu urz\u0105dze\u0144. Wykonana z aluminiowej blachy ryflowej, charakteryzuje si\u0119 wysok\u0105 trwa\u0142o\u015bci\u0105 i odporno\u015bci\u0105 na uszkodzenia mechaniczne. Wyposa\u017cona w bezpieczne uchwyty oraz zamek z dwoma kluczami, skrzynia gwarantuje ochron\u0119 przed nieautoryzowanym dost\u0119pem. Dodatkowo, wk\u0142adka piankowa z wysokiej jako\u015bci materia\u0142\u00f3w amortyzuje wstrz\u0105sy, a spr\u0119\u017cyny gazowe upraszczaj\u0105 otwieranie. Dzi\u0119ki tej skrzyni, u\u017cytkownik mo\u017ce by\u0107 pewny, \u017ce na\u015bwietlacze przetrwaj\u0105 nawet najtrudniejsze warunki transportowe.<\/p>","protected":false},"excerpt":{"rendered":"<div class=\"icons\" style=\"display: flex; flex-wrap: wrap; gap: 5px; align-items: center; margin-top: 10px;\"><img decoding=\"async\" src=\"https:\/\/as-schwabe.de\/wp-content\/uploads\/ikony\/znak_CE.png\" alt=\"\" width=\"50\" height=\"50\" \/><img decoding=\"async\" src=\"https:\/\/as-schwabe.de\/wp-content\/uploads\/ikony\/znak_PB.png\" alt=\"\" width=\"50\" height=\"50\" \/><img decoding=\"async\" src=\"https:\/\/as-schwabe.de\/wp-content\/uploads\/ikony\/znak_Z.png\" alt=\"\" width=\"50\" height=\"50\" \/><img loading=\"lazy\" decoding=\"async\" src=\"https:\/\/as-schwabe.de\/wp-content\/uploads\/ikony\/znak_D.png\" alt=\"\" width=\"50\" height=\"50\" \/><\/div>\n<ul>\n<li>Skrzynia transportowa do EnergyTube XL <\/li>\n<li>nadaje si\u0119 do na\u015bwietlaczy EnergyTube XL 200 W i 500 W <\/li>\n<li>z wk\u0142adk\u0105 piankow\u0105 i zamykan\u0105 pokryw\u0105 <\/li>\n<li>w zestawie 2 klucze <\/li>\n<li>mi\u0119kkie otwieranie i zamykanie pokrywy dzi\u0119ki spr\u0119\u017cynie gazowej (otwarcie na ok. 80\u00b0) <\/li>\n<li>ruchome uchwyty po obu stronach zapewniaj\u0105 antypo\u015blizgowy uchwyt podczas przenoszenia<\/li>\n<\/ul>","protected":false},"featured_media":30149,"template":"","meta":{"inline_featured_image":false},"genre":[509],"product_cat":[547,556],"product_tag":[],"class_list":{"0":"post-30859","1":"product","2":"type-product","3":"status-publish","4":"has-post-thumbnail","6":"product_brand-as-schwabe-pl","7":"product_cat-oswietlenie-2-pl","8":"product_cat-zestawy-energy-xl-i-naswietlacze-energytube-xl-pl","10":"first","11":"instock","12":"shipping-taxable","13":"product-type-simple"},"aioseo_notices":[],"_links":{"self":[{"href":"https:\/\/as-schwabe.de\/pl\/wp-json\/wp\/v2\/product\/30859","targetHints":{"allow":["GET"]}}],"collection":[{"href":"https:\/\/as-schwabe.de\/pl\/wp-json\/wp\/v2\/product"}],"about":[{"href":"https:\/\/as-schwabe.de\/pl\/wp-json\/wp\/v2\/types\/product"}],"version-history":[{"count":0,"href":"https:\/\/as-schwabe.de\/pl\/wp-json\/wp\/v2\/product\/30859\/revisions"}],"wp:featuredmedia":[{"embeddable":true,"href":"https:\/\/as-schwabe.de\/pl\/wp-json\/wp\/v2\/media\/30149"}],"wp:attachment":[{"href":"https:\/\/as-schwabe.de\/pl\/wp-json\/wp\/v2\/media?parent=30859"}],"wp:term":[{"taxonomy":"product_brand","embeddable":true,"href":"https:\/\/as-schwabe.de\/pl\/wp-json\/wp\/v2\/genre?post=30859"},{"taxonomy":"product_cat","embeddable":true,"href":"https:\/\/as-schwabe.de\/pl\/wp-json\/wp\/v2\/product_cat?post=30859"},{"taxonomy":"product_tag","embeddable":true,"href":"https:\/\/as-schwabe.de\/pl\/wp-json\/wp\/v2\/product_tag?post=30859"}],"curies":[{"name":"wp","href":"https:\/\/api.w.org\/{rel}","templated":true}]}}