{"id":30854,"date":"2025-09-26T23:03:13","date_gmt":"2025-09-26T23:03:13","guid":{"rendered":"https:\/\/as-schwabe.de\/produkt\/naswietlacz-energytube-xl-500-w-led-360-46242\/"},"modified":"2025-10-23T00:14:42","modified_gmt":"2025-10-23T00:14:42","slug":"naswietlacz-energytube-xl-500-w-led-360-46242","status":"publish","type":"product","link":"https:\/\/as-schwabe.de\/pl\/produkt\/naswietlacz-energytube-xl-500-w-led-360-46242\/","title":{"rendered":"Na\u015bwietlacz EnergyTube XL 500 W LED 360\u00b0 &#8211; 70000 lm | 46242"},"content":{"rendered":"<p>Na\u015bwietlacz EnergyTube XL 500 W LED 360\u00b0 to zaawansowane rozwi\u0105zanie o\u015bwietleniowe, dedykowane do du\u017cych powierzchni, takich jak hale przemys\u0142owe, magazyny czy place budowy, oferuj\u0105ce wydajno\u015b\u0107 \u015bwietln\u0105 wynosz\u0105c\u0105 70 000 lumen\u00f3w przy mocy 500 W. Dzi\u0119ki k\u0105towi rozsy\u0142u \u015bwiat\u0142a wynosz\u0105cemu 360\u00b0, o\u015bwietlenie r\u00f3wnomiernie pokrywa obszar do oko\u0142o 3200 m\u00b2, co znacz\u0105co zwi\u0119ksza efektywno\u015b\u0107 pracy w trudnych warunkach. Diody LED charakteryzuj\u0105 si\u0119 d\u0142ug\u0105 \u017cywotno\u015bci\u0105, przekraczaj\u0105c\u0105 50 000 godzin, a wska\u017anik oddawania barw CRI>80 gwarantuje naturalne odwzorowanie kolor\u00f3w. Wbudowany termiczny bezpiecznik oraz solidny przew\u00f3d zasilaj\u0105cy z wtyczk\u0105 IP44 zapewniaj\u0105 nie tylko bezpiecze\u0144stwo, ale i niezawodno\u015b\u0107 w eksploatacji. W zestawie znajduje si\u0119 praktyczna torba ochronna, co umo\u017cliwia \u0142atwy transport i przechowywanie urz\u0105dzenia.<\/p>","protected":false},"excerpt":{"rendered":"<div class=\"icons\" style=\"display: flex; flex-wrap: wrap; gap: 5px; align-items: center; margin-top: 10px;\"><img decoding=\"async\" src=\"https:\/\/as-schwabe.de\/wp-content\/uploads\/ikony\/znak_CE.png\" alt=\"\" width=\"50\" height=\"50\" \/><img decoding=\"async\" src=\"https:\/\/as-schwabe.de\/wp-content\/uploads\/ikony\/znak_IP44.png\" alt=\"\" width=\"50\" height=\"50\" \/><img decoding=\"async\" src=\"https:\/\/as-schwabe.de\/wp-content\/uploads\/ikony\/znak_LED.png\" alt=\"\" width=\"50\" height=\"50\" \/><img loading=\"lazy\" decoding=\"async\" src=\"https:\/\/as-schwabe.de\/wp-content\/uploads\/ikony\/znak_PB.png\" alt=\"\" width=\"50\" height=\"50\" \/><img loading=\"lazy\" decoding=\"async\" src=\"https:\/\/as-schwabe.de\/wp-content\/uploads\/ikony\/znak_Z.png\" alt=\"\" width=\"50\" height=\"50\" \/><img loading=\"lazy\" decoding=\"async\" src=\"https:\/\/as-schwabe.de\/wp-content\/uploads\/ikony\/znak_D.png\" alt=\"\" width=\"50\" height=\"50\" \/><\/div>\n<ul>\n<li>wysokiej jako\u015bci reflektor LED 360\u00b0 do r\u00f3wnomiernego o\u015bwietlenia du\u017cych powierzchni <\/li>\n<li>z uchwytem na czop DIN do monta\u017cu na statywach z czopami DIN <\/li>\n<li>alternatywnie mo\u017cna go szybko zawiesi\u0107 za pomoc\u0105 oczka i karabi\u0144czyka <\/li>\n<li>dioda LED zamkni\u0119ta w kolumnie ochronnej wykonanej z poliw\u0119glanu, wyj\u0105tkowo odpornego na uderzenia klasy IK10 <\/li>\n<li>niezwykle trwa\u0142e, wysokowydajne diody LED o \u017cywotno\u015bci ponad 50 000 h <\/li>\n<li>wsp\u00f3\u0142czynnik oddawania barw: CRI > 80 <\/li>\n<li>temperatura robocza otoczenia: -15\u00b0C do +40\u00b0C <\/li>\n<li>k\u0105t rozsy\u0142u \u015bwiat\u0142a: 360\u00b0 <\/li>\n<li>pod\u0142\u0105czenie: 230 V, 50-60 Hz <\/li>\n<li>IP44: chroniony przed cia\u0142ami obcymi i bryzgami wody <\/li>\n<li>na\u015bwietlacz LED Premium 360\u00b0 do r\u00f3wnomiernego o\u015bwietlania du\u017cych powierzchni do ok. 3200 m2 <\/li>\n<li>w zestawie torba ochronna <\/li>\n<li>140 lm\/W<\/li>\n<\/ul>","protected":false},"featured_media":30146,"template":"","meta":{"inline_featured_image":false},"genre":[509],"product_cat":[547,556],"product_tag":[],"class_list":{"0":"post-30854","1":"product","2":"type-product","3":"status-publish","4":"has-post-thumbnail","6":"product_brand-as-schwabe-pl","7":"product_cat-oswietlenie-2-pl","8":"product_cat-zestawy-energy-xl-i-naswietlacze-energytube-xl-pl","10":"first","11":"instock","12":"shipping-taxable","13":"product-type-simple"},"aioseo_notices":[],"_links":{"self":[{"href":"https:\/\/as-schwabe.de\/pl\/wp-json\/wp\/v2\/product\/30854","targetHints":{"allow":["GET"]}}],"collection":[{"href":"https:\/\/as-schwabe.de\/pl\/wp-json\/wp\/v2\/product"}],"about":[{"href":"https:\/\/as-schwabe.de\/pl\/wp-json\/wp\/v2\/types\/product"}],"version-history":[{"count":0,"href":"https:\/\/as-schwabe.de\/pl\/wp-json\/wp\/v2\/product\/30854\/revisions"}],"wp:featuredmedia":[{"embeddable":true,"href":"https:\/\/as-schwabe.de\/pl\/wp-json\/wp\/v2\/media\/30146"}],"wp:attachment":[{"href":"https:\/\/as-schwabe.de\/pl\/wp-json\/wp\/v2\/media?parent=30854"}],"wp:term":[{"taxonomy":"product_brand","embeddable":true,"href":"https:\/\/as-schwabe.de\/pl\/wp-json\/wp\/v2\/genre?post=30854"},{"taxonomy":"product_cat","embeddable":true,"href":"https:\/\/as-schwabe.de\/pl\/wp-json\/wp\/v2\/product_cat?post=30854"},{"taxonomy":"product_tag","embeddable":true,"href":"https:\/\/as-schwabe.de\/pl\/wp-json\/wp\/v2\/product_tag?post=30854"}],"curies":[{"name":"wp","href":"https:\/\/api.w.org\/{rel}","templated":true}]}}