{"id":30851,"date":"2025-09-26T23:03:13","date_gmt":"2025-09-26T23:03:13","guid":{"rendered":"https:\/\/as-schwabe.de\/produkt\/naswietlacz-energytube-xl-200-w-led-360-46241\/"},"modified":"2025-10-23T00:14:42","modified_gmt":"2025-10-23T00:14:42","slug":"naswietlacz-energytube-xl-200-w-led-360-46241","status":"publish","type":"product","link":"https:\/\/as-schwabe.de\/pl\/produkt\/naswietlacz-energytube-xl-200-w-led-360-46241\/","title":{"rendered":"Na\u015bwietlacz EnergyTube XL 200 W LED 360\u00b0 &#8211; 30000 lm | 46241"},"content":{"rendered":"<p>Na\u015bwietlacz EnergyTube XL 200 W LED 360\u00b0 to efektywne rozwi\u0105zanie do o\u015bwietlenia du\u017cych powierzchni, idealne do zastosowa\u0144 w magazynach, halach produkcyjnych czy na placach budowy, zapewniaj\u0105c o\u015bwietlenie a\u017c do 2400 m\u00b2. Dzi\u0119ki mocy \u015bwietlnej 30000 lm oraz wysokiej efektywno\u015bci 150 lm\/W, lampa generuje intensywne \u015bwiat\u0142o o barwie 5000K, co sprzyja komfortowi pracy i zwi\u0119ksza bezpiecze\u0144stwo. K\u0105t rozsy\u0142u \u015bwiat\u0142a wynosz\u0105cy 360\u00b0 gwarantuje r\u00f3wnomierne o\u015bwietlenie ca\u0142ej powierzchni. D\u0142ugi czas \u017cywotno\u015bci diod LED, przekraczaj\u0105cy 50000 godzin, oraz zintegrowany bezpiecznik termiczny, zapewniaj\u0105 niezawodno\u015b\u0107 i niskie koszty eksploatacji. W zestawie z lamp\u0105 znajduje si\u0119 torba ochronna, co u\u0142atwia transport i przechowywanie.<\/p>","protected":false},"excerpt":{"rendered":"<div class=\"icons\" style=\"display: flex; flex-wrap: wrap; gap: 5px; align-items: center; margin-top: 10px;\"><img decoding=\"async\" src=\"https:\/\/as-schwabe.de\/wp-content\/uploads\/ikony\/znak_CE.png\" alt=\"\" width=\"50\" height=\"50\" \/><img decoding=\"async\" src=\"https:\/\/as-schwabe.de\/wp-content\/uploads\/ikony\/znak_IP44.png\" alt=\"\" width=\"50\" height=\"50\" \/><img decoding=\"async\" src=\"https:\/\/as-schwabe.de\/wp-content\/uploads\/ikony\/znak_LED.png\" alt=\"\" width=\"50\" height=\"50\" \/><img loading=\"lazy\" decoding=\"async\" src=\"https:\/\/as-schwabe.de\/wp-content\/uploads\/ikony\/znak_PB.png\" alt=\"\" width=\"50\" height=\"50\" \/><img loading=\"lazy\" decoding=\"async\" src=\"https:\/\/as-schwabe.de\/wp-content\/uploads\/ikony\/znak_Z.png\" alt=\"\" width=\"50\" height=\"50\" \/><img loading=\"lazy\" decoding=\"async\" src=\"https:\/\/as-schwabe.de\/wp-content\/uploads\/ikony\/znak_D.png\" alt=\"\" width=\"50\" height=\"50\" \/><\/div>\n<ul>\n<li>wysokiej jako\u015bci reflektor LED 360\u00b0 do r\u00f3wnomiernego o\u015bwietlenia du\u017cych powierzchni <\/li>\n<li>z uchwytem na czop DIN do monta\u017cu na statywach z czopami DIN <\/li>\n<li>alternatywnie mo\u017cna go szybko zawiesi\u0107 za pomoc\u0105 oczka i karabi\u0144czyka <\/li>\n<li>dioda LED zamkni\u0119ta w kolumnie ochronnej wykonanej z poliw\u0119glanu, wyj\u0105tkowo odpornego na uderzenia klasy IK10 <\/li>\n<li>niezwykle trwa\u0142e, wysokowydajne diody LED o \u017cywotno\u015bci ponad 50 000 h <\/li>\n<li>wsp\u00f3\u0142czynnik oddawania barw: CRI > 80 <\/li>\n<li>temperatura robocza otoczenia: -15\u00b0C do +40\u00b0C <\/li>\n<li>k\u0105t rozsy\u0142u \u015bwiat\u0142a: 360\u00b0 <\/li>\n<li>pod\u0142\u0105czenie: 230 V, 50-60 Hz <\/li>\n<li>IP44: chroniony przed cia\u0142ami obcymi i bryzgami wody <\/li>\n<li>na\u015bwietlacz LED Premium 360\u00b0 do r\u00f3wnomiernego o\u015bwietlania du\u017cych powierzchni do ok. 2400 m2 <\/li>\n<li>w zestawie torba ochronna <\/li>\n<li>150 lm\/W<\/li>\n<\/ul>","protected":false},"featured_media":30145,"template":"","meta":{"inline_featured_image":false},"genre":[509],"product_cat":[547,556],"product_tag":[],"class_list":{"0":"post-30851","1":"product","2":"type-product","3":"status-publish","4":"has-post-thumbnail","6":"product_brand-as-schwabe-pl","7":"product_cat-oswietlenie-2-pl","8":"product_cat-zestawy-energy-xl-i-naswietlacze-energytube-xl-pl","10":"first","11":"instock","12":"shipping-taxable","13":"product-type-simple"},"aioseo_notices":[],"_links":{"self":[{"href":"https:\/\/as-schwabe.de\/pl\/wp-json\/wp\/v2\/product\/30851","targetHints":{"allow":["GET"]}}],"collection":[{"href":"https:\/\/as-schwabe.de\/pl\/wp-json\/wp\/v2\/product"}],"about":[{"href":"https:\/\/as-schwabe.de\/pl\/wp-json\/wp\/v2\/types\/product"}],"version-history":[{"count":0,"href":"https:\/\/as-schwabe.de\/pl\/wp-json\/wp\/v2\/product\/30851\/revisions"}],"wp:featuredmedia":[{"embeddable":true,"href":"https:\/\/as-schwabe.de\/pl\/wp-json\/wp\/v2\/media\/30145"}],"wp:attachment":[{"href":"https:\/\/as-schwabe.de\/pl\/wp-json\/wp\/v2\/media?parent=30851"}],"wp:term":[{"taxonomy":"product_brand","embeddable":true,"href":"https:\/\/as-schwabe.de\/pl\/wp-json\/wp\/v2\/genre?post=30851"},{"taxonomy":"product_cat","embeddable":true,"href":"https:\/\/as-schwabe.de\/pl\/wp-json\/wp\/v2\/product_cat?post=30851"},{"taxonomy":"product_tag","embeddable":true,"href":"https:\/\/as-schwabe.de\/pl\/wp-json\/wp\/v2\/product_tag?post=30851"}],"curies":[{"name":"wp","href":"https:\/\/api.w.org\/{rel}","templated":true}]}}