{"id":30848,"date":"2025-09-26T23:03:11","date_gmt":"2025-09-26T23:03:11","guid":{"rendered":"https:\/\/as-schwabe.de\/produkt\/naswietlacz-energyline-xl-1000-w-led-46213\/"},"modified":"2025-10-23T00:14:41","modified_gmt":"2025-10-23T00:14:41","slug":"naswietlacz-energyline-xl-1000-w-led-46213","status":"publish","type":"product","link":"https:\/\/as-schwabe.de\/pl\/produkt\/naswietlacz-energyline-xl-1000-w-led-46213\/","title":{"rendered":"Na\u015bwietlacz Energyline XL 1000 W LED &#8211; 140000 lm | 46213"},"content":{"rendered":"<p>Na\u015bwietlacz Energyline XL o mocy 1000 W LED to idealne rozwi\u0105zanie do o\u015bwietlania du\u017cych powierzchni, dzi\u0119ki wysokiej mocy \u015bwietlnej wynosz\u0105cej 84000 lumen\u00f3w oraz wydajno\u015bci 140 lm\/W. Wyposa\u017cony w poliw\u0119glanowy dyfuzor z soczewkami, skutecznie zapewnia r\u00f3wnomiern\u0105 dystrybucj\u0119 \u015bwiat\u0142a w k\u0105cie 90\u00b0, co sprawia, \u017ce doskonale sprawdzi si\u0119 zar\u00f3wno w halach magazynowych, jak i na placach budowy. Barwa \u015bwiat\u0142a 4000K oraz wska\u017anik oddawania barw CRI>80 gwarantuj\u0105 naturalne odwzorowanie kolor\u00f3w, co jest szczeg\u00f3lnie istotne w pracy fachowc\u00f3w. Dodatkowo, wyspecjalizowane radiatory na obudowie skutecznie odprowadzaj\u0105 ciep\u0142o, co wyd\u0142u\u017ca \u017cywotno\u015b\u0107 diod LED do ponad 60000 godzin. D\u0142ugi przew\u00f3d zasilaj\u0105cy o d\u0142ugo\u015bci 10 m z wtyczk\u0105 IP44 oferuje elastyczno\u015b\u0107 w ustawieniu na\u015bwietlacza w r\u00f3\u017cnych warunkach.<\/p>","protected":false},"excerpt":{"rendered":"<div class=\"icons\" style=\"display: flex; flex-wrap: wrap; gap: 5px; align-items: center; margin-top: 10px;\"><img decoding=\"async\" src=\"https:\/\/as-schwabe.de\/wp-content\/uploads\/ikony\/znak_CE.png\" alt=\"\" width=\"50\" height=\"50\" \/><img decoding=\"async\" src=\"https:\/\/as-schwabe.de\/wp-content\/uploads\/ikony\/znak_IP65.png\" alt=\"\" width=\"50\" height=\"50\" \/><img decoding=\"async\" src=\"https:\/\/as-schwabe.de\/wp-content\/uploads\/ikony\/znak_LED.png\" alt=\"\" width=\"50\" height=\"50\" \/><img loading=\"lazy\" decoding=\"async\" src=\"https:\/\/as-schwabe.de\/wp-content\/uploads\/ikony\/znak_PB.png\" alt=\"\" width=\"50\" height=\"50\" \/><img loading=\"lazy\" decoding=\"async\" src=\"https:\/\/as-schwabe.de\/wp-content\/uploads\/ikony\/znak_Z.png\" alt=\"\" width=\"50\" height=\"50\" \/><img loading=\"lazy\" decoding=\"async\" src=\"https:\/\/as-schwabe.de\/wp-content\/uploads\/ikony\/znak_D.png\" alt=\"\" width=\"50\" height=\"50\" \/><\/div>\n<ul>\n<li>do monta\u017cu na d\u017awigach w celu o\u015bwietlenia du\u017cych plac\u00f3w budowy <\/li>\n<li>do mocowania na statywach do u\u017cytku mobilnego <\/li>\n<li>w g\u00f3rnictwie podziemnym do o\u015bwietlania tuneli lub kopalni <\/li>\n<li>jako o\u015bwietlenie robocze pojazd\u00f3w budowlanych na nocnych placach budowy lub pod ziemi\u0105 <\/li>\n<li>w magazynach jako o\u015bwietlenie sufitowe <\/li>\n<li>do o\u015bwietlenia zewn\u0119trznego, np. rampy za\u0142adunkowe<\/li>\n<li> jako o\u015bwietlenie hal przemys\u0142owych <\/li>\n<li>na boisko sportowe lub na stadion jako reflektory <\/li>\n<li>wysokiej klasy reflektor wielkopowierzchniowy do solidnych zastosowa\u0144 na placach budowy <\/li>\n<li>z solidnym, regulowanym wspornikiem do monta\u017cu na d\u017awigach itp. <\/li>\n<li>wyj\u0105tkowo odporna na uderzenia aluminiowa obudowa: klasy IK08 <\/li>\n<li>poliw\u0119glanowy dyfuzor z soczewkami zapewniaj\u0105cymi lepsz\u0105 dystrybucj\u0119 \u015bwiat\u0142a <\/li>\n<li>szczeg\u00f3lnie wydajne odprowadzanie ciep\u0142a dzi\u0119ki specjalnej konstrukcji powierzchni tylnej cz\u0119\u015bci obudowy <\/li>\n<li>niezwykle trwa\u0142e, wysokowydajne diody LED o \u017cywotno\u015bci ponad 60 000 h <\/li>\n<li>wsp\u00f3\u0142czynnik oddawania barw: CRI > 80 <\/li>\n<li>k\u0105t rozsy\u0142u \u015bwiat\u0142a: 90\u00b0 <\/li>\n<li>140 lm\/W <\/li>\n<li>pod\u0142\u0105czenie: 230 V, 50-60 Hz <\/li>\n<li>IP66: py\u0142o i wodoodporny do u\u017cytku na zewn\u0105trz<\/li>\n<\/ul>","protected":false},"featured_media":30139,"template":"","meta":{"inline_featured_image":false},"genre":[509],"product_cat":[547,555],"product_tag":[],"class_list":{"0":"post-30848","1":"product","2":"type-product","3":"status-publish","4":"has-post-thumbnail","6":"product_brand-as-schwabe-pl","7":"product_cat-oswietlenie-2-pl","8":"product_cat-naswietlacze-wielkopowierzchniowe-pl","10":"first","11":"instock","12":"shipping-taxable","13":"product-type-simple"},"aioseo_notices":[],"_links":{"self":[{"href":"https:\/\/as-schwabe.de\/pl\/wp-json\/wp\/v2\/product\/30848","targetHints":{"allow":["GET"]}}],"collection":[{"href":"https:\/\/as-schwabe.de\/pl\/wp-json\/wp\/v2\/product"}],"about":[{"href":"https:\/\/as-schwabe.de\/pl\/wp-json\/wp\/v2\/types\/product"}],"version-history":[{"count":0,"href":"https:\/\/as-schwabe.de\/pl\/wp-json\/wp\/v2\/product\/30848\/revisions"}],"wp:featuredmedia":[{"embeddable":true,"href":"https:\/\/as-schwabe.de\/pl\/wp-json\/wp\/v2\/media\/30139"}],"wp:attachment":[{"href":"https:\/\/as-schwabe.de\/pl\/wp-json\/wp\/v2\/media?parent=30848"}],"wp:term":[{"taxonomy":"product_brand","embeddable":true,"href":"https:\/\/as-schwabe.de\/pl\/wp-json\/wp\/v2\/genre?post=30848"},{"taxonomy":"product_cat","embeddable":true,"href":"https:\/\/as-schwabe.de\/pl\/wp-json\/wp\/v2\/product_cat?post=30848"},{"taxonomy":"product_tag","embeddable":true,"href":"https:\/\/as-schwabe.de\/pl\/wp-json\/wp\/v2\/product_tag?post=30848"}],"curies":[{"name":"wp","href":"https:\/\/api.w.org\/{rel}","templated":true}]}}