{"id":30844,"date":"2025-09-26T23:03:10","date_gmt":"2025-09-26T23:03:10","guid":{"rendered":"https:\/\/as-schwabe.de\/produkt\/naswietlacz-energyline-xl-200-w-led-46211\/"},"modified":"2025-10-23T00:14:40","modified_gmt":"2025-10-23T00:14:40","slug":"naswietlacz-energyline-xl-200-w-led-46211","status":"publish","type":"product","link":"https:\/\/as-schwabe.de\/pl\/produkt\/naswietlacz-energyline-xl-200-w-led-46211\/","title":{"rendered":"Na\u015bwietlacz Energyline XL 200 W LED &#8211; 28000 lm | 46211"},"content":{"rendered":"<p>Na\u015bwietlacz Energyline XL 200 W LED to idealne rozwi\u0105zanie do o\u015bwietlania du\u017cych powierzchni, oferuj\u0105cy imponuj\u0105c\u0105 moc \u015bwietln\u0105 wynosz\u0105c\u0105 28000 lm przy efektywno\u015bci 140 lm\/W. Dzi\u0119ki poliw\u0119glanowemu dyfuzorowi oraz soczewkom, produkt zapewnia r\u00f3wnomiern\u0105 dystrybucj\u0119 \u015bwiat\u0142a pod k\u0105tem 90\u00b0, co wp\u0142ywa na lepsz\u0105 widoczno\u015b\u0107 w przestrzeniach roboczych, magazynach czy na zewn\u0105trz. Pracuje w temperaturze 4000K, co sprzyja komfortowi u\u017cytkowania, a wysoka warto\u015b\u0107 wska\u017anika CRI (>80) gwarantuje naturalne odwzorowanie barw. Dodatkowo, d\u0142ugowieczne diody LED o \u017cywotno\u015bci przekraczaj\u0105cej 60000 godzin oraz wydajne radiatory skutecznie odprowadzaj\u0105 ciep\u0142o, co zwi\u0119ksza niezawodno\u015b\u0107 urz\u0105dzenia. Na\u015bwietlacz wyposa\u017cony jest w przew\u00f3d zasilaj\u0105cy z wtyczk\u0105 IP44 H07RN-F o d\u0142ugo\u015bci 4,5 m, co zapewnia du\u017c\u0105 elastyczno\u015b\u0107 w instalacji i u\u017cytkowaniu.<\/p>","protected":false},"excerpt":{"rendered":"<div class=\"icons\" style=\"display: flex; flex-wrap: wrap; gap: 5px; align-items: center; margin-top: 10px;\"><img decoding=\"async\" src=\"https:\/\/as-schwabe.de\/wp-content\/uploads\/ikony\/znak_CE.png\" alt=\"\" width=\"50\" height=\"50\" \/><img decoding=\"async\" src=\"https:\/\/as-schwabe.de\/wp-content\/uploads\/ikony\/znak_IP65.png\" alt=\"\" width=\"50\" height=\"50\" \/><img decoding=\"async\" src=\"https:\/\/as-schwabe.de\/wp-content\/uploads\/ikony\/znak_LED.png\" alt=\"\" width=\"50\" height=\"50\" \/><img loading=\"lazy\" decoding=\"async\" src=\"https:\/\/as-schwabe.de\/wp-content\/uploads\/ikony\/znak_PB.png\" alt=\"\" width=\"50\" height=\"50\" \/><img loading=\"lazy\" decoding=\"async\" src=\"https:\/\/as-schwabe.de\/wp-content\/uploads\/ikony\/znak_Z.png\" alt=\"\" width=\"50\" height=\"50\" \/><img loading=\"lazy\" decoding=\"async\" src=\"https:\/\/as-schwabe.de\/wp-content\/uploads\/ikony\/znak_D.png\" alt=\"\" width=\"50\" height=\"50\" \/><\/div>\n<ul>\n<li>do monta\u017cu na d\u017awigach w celu o\u015bwietlenia du\u017cych plac\u00f3w budowy <\/li>\n<li>do mocowania na statywach do u\u017cytku mobilnego <\/li>\n<li>w g\u00f3rnictwie podziemnym do o\u015bwietlania tuneli lub kopalni <\/li>\n<li>jako o\u015bwietlenie robocze pojazd\u00f3w budowlanych na nocnych placach budowy lub pod ziemi\u0105 <\/li>\n<li>w magazynach jako o\u015bwietlenie sufitowe <\/li>\n<li>do o\u015bwietlenia zewn\u0119trznego, np. rampy za\u0142adunkowe<\/li>\n<li> jako o\u015bwietlenie hal przemys\u0142owych <\/li>\n<li>na boisko sportowe lub na stadion jako reflektory <\/li>\n<li>wysokiej klasy reflektor wielkopowierzchniowy do solidnych zastosowa\u0144 na placach budowy <\/li>\n<li>z solidnym, regulowanym wspornikiem do monta\u017cu na d\u017awigach itp. <\/li>\n<li>wyj\u0105tkowo odporna na uderzenia aluminiowa obudowa: klasy IK08 <\/li>\n<li>poliw\u0119glanowy dyfuzor z soczewkami zapewniaj\u0105cymi lepsz\u0105 dystrybucj\u0119 \u015bwiat\u0142a <\/li>\n<li>szczeg\u00f3lnie wydajne odprowadzanie ciep\u0142a dzi\u0119ki specjalnej konstrukcji powierzchni tylnej cz\u0119\u015bci obudowy <\/li>\n<li>niezwykle trwa\u0142e, wysokowydajne diody LED o \u017cywotno\u015bci ponad 60 000 h <\/li>\n<li>wsp\u00f3\u0142czynnik oddawania barw: CRI > 80 <\/li>\n<li>k\u0105t rozsy\u0142u \u015bwiat\u0142a: 90\u00b0 <\/li>\n<li>140 lm\/W <\/li>\n<li>pod\u0142\u0105czenie: 230 V, 50-60 Hz <\/li>\n<li>IP66: py\u0142o i wodoodporny do u\u017cytku na zewn\u0105trz<\/li>\n<\/ul>","protected":false},"featured_media":30132,"template":"","meta":{"inline_featured_image":false},"genre":[509],"product_cat":[547,555],"product_tag":[],"class_list":{"0":"post-30844","1":"product","2":"type-product","3":"status-publish","4":"has-post-thumbnail","6":"product_brand-as-schwabe-pl","7":"product_cat-oswietlenie-2-pl","8":"product_cat-naswietlacze-wielkopowierzchniowe-pl","10":"first","11":"instock","12":"shipping-taxable","13":"product-type-simple"},"aioseo_notices":[],"_links":{"self":[{"href":"https:\/\/as-schwabe.de\/pl\/wp-json\/wp\/v2\/product\/30844","targetHints":{"allow":["GET"]}}],"collection":[{"href":"https:\/\/as-schwabe.de\/pl\/wp-json\/wp\/v2\/product"}],"about":[{"href":"https:\/\/as-schwabe.de\/pl\/wp-json\/wp\/v2\/types\/product"}],"version-history":[{"count":0,"href":"https:\/\/as-schwabe.de\/pl\/wp-json\/wp\/v2\/product\/30844\/revisions"}],"wp:featuredmedia":[{"embeddable":true,"href":"https:\/\/as-schwabe.de\/pl\/wp-json\/wp\/v2\/media\/30132"}],"wp:attachment":[{"href":"https:\/\/as-schwabe.de\/pl\/wp-json\/wp\/v2\/media?parent=30844"}],"wp:term":[{"taxonomy":"product_brand","embeddable":true,"href":"https:\/\/as-schwabe.de\/pl\/wp-json\/wp\/v2\/genre?post=30844"},{"taxonomy":"product_cat","embeddable":true,"href":"https:\/\/as-schwabe.de\/pl\/wp-json\/wp\/v2\/product_cat?post=30844"},{"taxonomy":"product_tag","embeddable":true,"href":"https:\/\/as-schwabe.de\/pl\/wp-json\/wp\/v2\/product_tag?post=30844"}],"curies":[{"name":"wp","href":"https:\/\/api.w.org\/{rel}","templated":true}]}}