{"id":30842,"date":"2025-09-26T23:03:09","date_gmt":"2025-09-26T23:03:09","guid":{"rendered":"https:\/\/as-schwabe.de\/produkt\/przedluzacz-3-gniazdowy-prcd-s-30-ma-ip44-h07bq-f-3g25-3-m-45460\/"},"modified":"2025-10-23T00:14:40","modified_gmt":"2025-10-23T00:14:40","slug":"przedluzacz-3-gniazdowy-prcd-s-30-ma-ip44-h07bq-f-3g25-3-m-45460","status":"publish","type":"product","link":"https:\/\/as-schwabe.de\/pl\/produkt\/przedluzacz-3-gniazdowy-prcd-s-30-ma-ip44-h07bq-f-3g25-3-m-45460\/","title":{"rendered":"Przed\u0142u\u017cacz 3-gniazdowy z uk\u0142adem ochrony osobistej PRCD-S 30 mA 3 m H07BQ-F 3G2,5 IP44 | 45460"},"content":{"rendered":"<p>Przed\u0142u\u017cacz 3-gniazdowy z uk\u0142adem ochrony osobistej PRCD-S 30 mA to niezawodne rozwi\u0105zanie dla profesjonalist\u00f3w oraz do stosowania na budowie. Posiada przew\u00f3d H07BQ-F 3G2,5 o d\u0142ugo\u015bci 1,5 m oraz wtyczk\u0119 IP44, co zapewnia wysok\u0105 odporno\u015b\u0107 na warunki atmosferyczne i umo\u017cliwia bezpieczne korzystanie z urz\u0105dze\u0144 elektrycznych w trudnych warunkach. Trzy gniazda gumowe IP44 oferuj\u0105 maksymalne obci\u0105\u017cenie 230 V przy pr\u0105dzie 16 A, co pozwala na pod\u0142\u0105czenie r\u00f3\u017cnych narz\u0119dzi i urz\u0105dze\u0144 o \u0142\u0105cznej mocy do 3500 W. Dzi\u0119ki zastosowaniu systemu PRCD-S, u\u017cytkownik ma dodatkow\u0105 ochron\u0119 przed pora\u017ceniem pr\u0105dem, co zwi\u0119ksza komfort i bezpiecze\u0144stwo pracy w terenie. Idealny do u\u017cytku zar\u00f3wno na zewn\u0105trz, jak i w budownictwie, \u0142\u0105czy w sobie funkcjonalno\u015b\u0107 z trwa\u0142o\u015bci\u0105, spe\u0142niaj\u0105c wymagania najbardziej wymagaj\u0105cych u\u017cytkownik\u00f3w.<\/p>","protected":false},"excerpt":{"rendered":"<div class=\"icons\" style=\"display: flex; flex-wrap: wrap; gap: 5px; align-items: center; margin-top: 10px;\"><img decoding=\"async\" src=\"https:\/\/as-schwabe.de\/wp-content\/uploads\/ikony\/znak_CE.png\" alt=\"\" width=\"50\" height=\"50\" \/><img decoding=\"async\" src=\"https:\/\/as-schwabe.de\/wp-content\/uploads\/ikony\/znak_IP44.png\" alt=\"\" width=\"50\" height=\"50\" \/><img decoding=\"async\" src=\"https:\/\/as-schwabe.de\/wp-content\/uploads\/ikony\/znak_PB.png\" alt=\"\" width=\"50\" height=\"50\" \/><img loading=\"lazy\" decoding=\"async\" src=\"https:\/\/as-schwabe.de\/wp-content\/uploads\/ikony\/znak_Z.png\" alt=\"\" width=\"50\" height=\"50\" \/><img loading=\"lazy\" decoding=\"async\" src=\"https:\/\/as-schwabe.de\/wp-content\/uploads\/ikony\/znak_D.png\" alt=\"\" width=\"50\" height=\"50\" \/><img loading=\"lazy\" decoding=\"async\" src=\"https:\/\/as-schwabe.de\/wp-content\/uploads\/ikony\/znak_K2.png\" alt=\"\" width=\"50\" height=\"50\" \/><img loading=\"lazy\" decoding=\"async\" src=\"https:\/\/as-schwabe.de\/wp-content\/uploads\/ikony\/znak_DG.png\" alt=\"\" width=\"50\" height=\"50\" \/><img loading=\"lazy\" decoding=\"async\" src=\"https:\/\/as-schwabe.de\/wp-content\/uploads\/ikony\/znak_DE.png\" alt=\"\" width=\"50\" height=\"40\" \/><\/div>\n<ul>\n<li>przew\u00f3d 2x 1,5 m H07BQ-F 3G2,5 tworzy przed\u0142u\u017cacz budowlany z poliuretanu z wtyczk\u0105 z uziemieniem <\/li>\n<li>z prze\u0142\u0105cznikiem po\u015brednim ochrony osobistej PRCD-S (numer artyku\u0142u 45305) <\/li>\n<li>230 V, 16 A, maks. 3500 W<\/li>\n<\/ul>","protected":false},"featured_media":30124,"template":"","meta":{"inline_featured_image":false},"genre":[509],"product_cat":[521,539],"product_tag":[],"class_list":{"0":"post-30842","1":"product","2":"type-product","3":"status-publish","4":"has-post-thumbnail","6":"product_brand-as-schwabe-pl","7":"product_cat-produkty-z-zakresu-elektrycznej-ochrony-indywidualnej-pl","8":"product_cat-p-seria-prcd-s-pl","10":"first","11":"instock","12":"shipping-taxable","13":"product-type-simple"},"aioseo_notices":[],"_links":{"self":[{"href":"https:\/\/as-schwabe.de\/pl\/wp-json\/wp\/v2\/product\/30842","targetHints":{"allow":["GET"]}}],"collection":[{"href":"https:\/\/as-schwabe.de\/pl\/wp-json\/wp\/v2\/product"}],"about":[{"href":"https:\/\/as-schwabe.de\/pl\/wp-json\/wp\/v2\/types\/product"}],"version-history":[{"count":0,"href":"https:\/\/as-schwabe.de\/pl\/wp-json\/wp\/v2\/product\/30842\/revisions"}],"wp:featuredmedia":[{"embeddable":true,"href":"https:\/\/as-schwabe.de\/pl\/wp-json\/wp\/v2\/media\/30124"}],"wp:attachment":[{"href":"https:\/\/as-schwabe.de\/pl\/wp-json\/wp\/v2\/media?parent=30842"}],"wp:term":[{"taxonomy":"product_brand","embeddable":true,"href":"https:\/\/as-schwabe.de\/pl\/wp-json\/wp\/v2\/genre?post=30842"},{"taxonomy":"product_cat","embeddable":true,"href":"https:\/\/as-schwabe.de\/pl\/wp-json\/wp\/v2\/product_cat?post=30842"},{"taxonomy":"product_tag","embeddable":true,"href":"https:\/\/as-schwabe.de\/pl\/wp-json\/wp\/v2\/product_tag?post=30842"}],"curies":[{"name":"wp","href":"https:\/\/api.w.org\/{rel}","templated":true}]}}