{"id":30833,"date":"2025-09-26T23:03:08","date_gmt":"2025-09-26T23:03:08","guid":{"rendered":"https:\/\/as-schwabe.de\/produkt\/rozdzielnica-budowlana-prcd-s-protek-45416\/"},"modified":"2025-10-23T00:14:39","modified_gmt":"2025-10-23T00:14:39","slug":"rozdzielnica-budowlana-prcd-s-protek-45416","status":"publish","type":"product","link":"https:\/\/as-schwabe.de\/pl\/produkt\/rozdzielnica-budowlana-prcd-s-protek-45416\/","title":{"rendered":"Rozdzielnica budowlana PRCD-S &#8222;PROTEK&#8220;, 11 kW IP44 | 45416"},"content":{"rendered":"<p>Rozdzielnica budowlana PRCD-S &#8222;PROTEK&#8220; to niezawodne rozwi\u0105zanie do zasilania narz\u0119dzi i urz\u0105dze\u0144 w trudnych warunkach na placu budowy. Wyposa\u017cona w wej\u015bcie H07RN-F 5G2,5 z wtyczk\u0105 CEE 400 V, 16 A, 5P oraz cztery gniazda z klapk\u0105 i uziemieniem 230 V, 16 A, zapewnia wszechstronno\u015b\u0107 i wygod\u0119 u\u017cytkowania. Dodatkowo, dwa gniazda CEE 400 V, 16 A, 5P umo\u017cliwiaj\u0105 pod\u0142\u0105czenie wi\u0119kszych urz\u0105dze\u0144 elektrycznych. Rozdzielnica jest zabezpieczona poprzez RCD 40A, 4P, 30 mA, co gwarantuje bezpiecze\u0144stwo jej u\u017cytkowania. Dzi\u0119ki stopniowi ochrony IP44, produkt jest przystosowany do u\u017cytku na zewn\u0105trz, co czyni go idealnym wyborem do zada\u0144 budowlanych i przemys\u0142owych.<\/p>","protected":false},"excerpt":{"rendered":"<div class=\"icons\" style=\"display: flex; flex-wrap: wrap; gap: 5px; align-items: center; margin-top: 10px;\"><img decoding=\"async\" src=\"https:\/\/as-schwabe.de\/wp-content\/uploads\/ikony\/znak_SCH.png\" alt=\"\" width=\"45\" height=\"50\" \/><img decoding=\"async\" src=\"https:\/\/as-schwabe.de\/wp-content\/uploads\/ikony\/znak_CE.png\" alt=\"\" width=\"50\" height=\"50\" \/><img decoding=\"async\" src=\"https:\/\/as-schwabe.de\/wp-content\/uploads\/ikony\/znak_IP44.png\" alt=\"\" width=\"50\" height=\"50\" \/><img loading=\"lazy\" decoding=\"async\" src=\"https:\/\/as-schwabe.de\/wp-content\/uploads\/ikony\/znak_PB.png\" alt=\"\" width=\"50\" height=\"50\" \/><img loading=\"lazy\" decoding=\"async\" src=\"https:\/\/as-schwabe.de\/wp-content\/uploads\/ikony\/znak_Z.png\" alt=\"\" width=\"50\" height=\"50\" \/><img loading=\"lazy\" decoding=\"async\" src=\"https:\/\/as-schwabe.de\/wp-content\/uploads\/ikony\/znak_D.png\" alt=\"\" width=\"50\" height=\"50\" \/><img loading=\"lazy\" decoding=\"async\" src=\"https:\/\/as-schwabe.de\/wp-content\/uploads\/ikony\/znak_K2.png\" alt=\"\" width=\"50\" height=\"50\" \/><img loading=\"lazy\" decoding=\"async\" src=\"https:\/\/as-schwabe.de\/wp-content\/uploads\/ikony\/znak_DG.png\" alt=\"\" width=\"50\" height=\"50\" \/><img loading=\"lazy\" decoding=\"async\" src=\"https:\/\/as-schwabe.de\/wp-content\/uploads\/ikony\/znak_DE.png\" alt=\"\" width=\"50\" height=\"40\" \/><\/div>\n<ul>\n<li>2 m wytrzyma\u0142y przew\u00f3d neoprenowy H07RN-F5G2,5 i wtyczka CEE 400 V, 16 A <\/li>\n<li>solidna obudowa z utwardzonej gumy <\/li>\n<li>wymiary (DxSxW): 400x400x330 mm<\/li>\n<li> waga: 7,9 kg <\/li>\n<li>1x RCD 40 A, 4P, 30 mA, typ A <\/li>\n<li>1x modu\u0142 monitorowania przewodu ochronnego<\/li>\n<\/ul>","protected":false},"featured_media":30126,"template":"","meta":{"inline_featured_image":false},"genre":[509],"product_cat":[521,539],"product_tag":[],"class_list":{"0":"post-30833","1":"product","2":"type-product","3":"status-publish","4":"has-post-thumbnail","6":"product_brand-as-schwabe-pl","7":"product_cat-produkty-z-zakresu-elektrycznej-ochrony-indywidualnej-pl","8":"product_cat-p-seria-prcd-s-pl","10":"first","11":"instock","12":"shipping-taxable","13":"product-type-simple"},"aioseo_notices":[],"_links":{"self":[{"href":"https:\/\/as-schwabe.de\/pl\/wp-json\/wp\/v2\/product\/30833","targetHints":{"allow":["GET"]}}],"collection":[{"href":"https:\/\/as-schwabe.de\/pl\/wp-json\/wp\/v2\/product"}],"about":[{"href":"https:\/\/as-schwabe.de\/pl\/wp-json\/wp\/v2\/types\/product"}],"version-history":[{"count":0,"href":"https:\/\/as-schwabe.de\/pl\/wp-json\/wp\/v2\/product\/30833\/revisions"}],"wp:featuredmedia":[{"embeddable":true,"href":"https:\/\/as-schwabe.de\/pl\/wp-json\/wp\/v2\/media\/30126"}],"wp:attachment":[{"href":"https:\/\/as-schwabe.de\/pl\/wp-json\/wp\/v2\/media?parent=30833"}],"wp:term":[{"taxonomy":"product_brand","embeddable":true,"href":"https:\/\/as-schwabe.de\/pl\/wp-json\/wp\/v2\/genre?post=30833"},{"taxonomy":"product_cat","embeddable":true,"href":"https:\/\/as-schwabe.de\/pl\/wp-json\/wp\/v2\/product_cat?post=30833"},{"taxonomy":"product_tag","embeddable":true,"href":"https:\/\/as-schwabe.de\/pl\/wp-json\/wp\/v2\/product_tag?post=30833"}],"curies":[{"name":"wp","href":"https:\/\/api.w.org\/{rel}","templated":true}]}}