{"id":30831,"date":"2025-09-26T23:03:07","date_gmt":"2025-09-26T23:03:07","guid":{"rendered":"https:\/\/as-schwabe.de\/produkt\/przedluzacz-1-gn-prcd-k-30-ma-ip44-h07bq-f-3g25-3-m-45401\/"},"modified":"2025-10-23T00:14:39","modified_gmt":"2025-10-23T00:14:39","slug":"przedluzacz-1-gn-prcd-k-30-ma-ip44-h07bq-f-3g25-3-m-45401","status":"publish","type":"product","link":"https:\/\/as-schwabe.de\/pl\/produkt\/przedluzacz-1-gn-prcd-k-30-ma-ip44-h07bq-f-3g25-3-m-45401\/","title":{"rendered":"Przed\u0142u\u017cacz 1-gniazdowy z uk\u0142adem ochrony osobistej PRCD-K 30 mA 3 m H07BQ-F 3G2,5 IP44 | 45401"},"content":{"rendered":"<p>Przed\u0142u\u017cacz 1-gniazdowy z uk\u0142adem ochrony osobistej PRCD-K 30 mA IP44 3 m; Wej\u015bcie: H07BQ-F 3G2,5 pomara\u0144czowy 1,5 m z wtyczk\u0105 IP44 230 V, 16 A, 2P+Z; PRCD-K 30 mA; Wyj\u015bcie: 1x gniazdo IP44 230 V, 16 A, 2P+Z z przewodem H07BQ-F 3G2,5 pomara\u0144czowym 1,5 m; maks. 230 V, 16 A, 3500 W; IP44 &#8211; do u\u017cytku na zewn\u0105trz i na budowie<\/p>","protected":false},"excerpt":{"rendered":"<div class=\"icons\" style=\"display: flex; flex-wrap: wrap; gap: 5px; align-items: center; margin-top: 10px;\"><img decoding=\"async\" src=\"https:\/\/as-schwabe.de\/wp-content\/uploads\/ikony\/znak_CE.png\" alt=\"\" width=\"50\" height=\"50\" \/><img decoding=\"async\" src=\"https:\/\/as-schwabe.de\/wp-content\/uploads\/ikony\/znak_IP44.png\" alt=\"\" width=\"50\" height=\"50\" \/><img decoding=\"async\" src=\"https:\/\/as-schwabe.de\/wp-content\/uploads\/ikony\/znak_PB.png\" alt=\"\" width=\"50\" height=\"50\" \/><img loading=\"lazy\" decoding=\"async\" src=\"https:\/\/as-schwabe.de\/wp-content\/uploads\/ikony\/znak_Z.png\" alt=\"\" width=\"50\" height=\"50\" \/><img loading=\"lazy\" decoding=\"async\" src=\"https:\/\/as-schwabe.de\/wp-content\/uploads\/ikony\/znak_D.png\" alt=\"\" width=\"50\" height=\"50\" \/><img loading=\"lazy\" decoding=\"async\" src=\"https:\/\/as-schwabe.de\/wp-content\/uploads\/ikony\/znak_K2.png\" alt=\"\" width=\"50\" height=\"50\" \/><img loading=\"lazy\" decoding=\"async\" src=\"https:\/\/as-schwabe.de\/wp-content\/uploads\/ikony\/znak_DG.png\" alt=\"\" width=\"50\" height=\"50\" \/><img loading=\"lazy\" decoding=\"async\" src=\"https:\/\/as-schwabe.de\/wp-content\/uploads\/ikony\/znak_DE.png\" alt=\"\" width=\"50\" height=\"40\" \/><\/div>\n<ul>\n<li>kabel budowlany 2x 1,5 m H07BQ-F 3G2,5 wykonany z poliuretanu <\/li>\n<li>z wtyczk\u0105 i gniazdem z uziemieniem, gniazdo wyposa\u017cone w klapk\u0119 ochronn\u0105 <\/li>\n<li>z prze\u0142\u0105cznikiem po\u015brednim ochrony osobistej PRCD-K (nr art. 45400) <\/li>\n<li>230 V, 16 A, 50 Hz, maks. 3500 W <\/li>\n<li>IP44: chroniony przed cia\u0142ami obcymi i bryzgami wody<\/li>\n<\/ul>","protected":false},"featured_media":30116,"template":"","meta":{"inline_featured_image":false},"genre":[509],"product_cat":[521,554],"product_tag":[],"class_list":{"0":"post-30831","1":"product","2":"type-product","3":"status-publish","4":"has-post-thumbnail","6":"product_brand-as-schwabe-pl","7":"product_cat-produkty-z-zakresu-elektrycznej-ochrony-indywidualnej-pl","8":"product_cat-p-seria-prcd-k-pl","10":"first","11":"instock","12":"shipping-taxable","13":"product-type-simple"},"aioseo_notices":[],"_links":{"self":[{"href":"https:\/\/as-schwabe.de\/pl\/wp-json\/wp\/v2\/product\/30831","targetHints":{"allow":["GET"]}}],"collection":[{"href":"https:\/\/as-schwabe.de\/pl\/wp-json\/wp\/v2\/product"}],"about":[{"href":"https:\/\/as-schwabe.de\/pl\/wp-json\/wp\/v2\/types\/product"}],"version-history":[{"count":0,"href":"https:\/\/as-schwabe.de\/pl\/wp-json\/wp\/v2\/product\/30831\/revisions"}],"wp:featuredmedia":[{"embeddable":true,"href":"https:\/\/as-schwabe.de\/pl\/wp-json\/wp\/v2\/media\/30116"}],"wp:attachment":[{"href":"https:\/\/as-schwabe.de\/pl\/wp-json\/wp\/v2\/media?parent=30831"}],"wp:term":[{"taxonomy":"product_brand","embeddable":true,"href":"https:\/\/as-schwabe.de\/pl\/wp-json\/wp\/v2\/genre?post=30831"},{"taxonomy":"product_cat","embeddable":true,"href":"https:\/\/as-schwabe.de\/pl\/wp-json\/wp\/v2\/product_cat?post=30831"},{"taxonomy":"product_tag","embeddable":true,"href":"https:\/\/as-schwabe.de\/pl\/wp-json\/wp\/v2\/product_tag?post=30831"}],"curies":[{"name":"wp","href":"https:\/\/api.w.org\/{rel}","templated":true}]}}